{"id":42344,"date":"2023-11-07T10:19:33","date_gmt":"2023-11-07T09:19:33","guid":{"rendered":"https:\/\/pikasworld.ch\/product\/glocke-winterszene-weihnachtsdekoration\/"},"modified":"2024-11-08T13:45:16","modified_gmt":"2024-11-08T12:45:16","slug":"glocke-winterszene-weihnachtsdekoration","status":"publish","type":"product","link":"https:\/\/camaleoparty.ch\/de\/produkt\/glocke-winterszene-weihnachtsdekoration\/","title":{"rendered":"Glocke Winterszene &#8211; Weihnachtsdekoration"},"content":{"rendered":"<p><font style=\"font-family: futura-pt, sans-serif;font-size: 16px;font-style: normal;font-weight: 400;letter-spacing: 1px;text-align: left;text-indent: 0px;text-transform: none;text-decoration: none;vertical-align: inherit\"><font style=\"vertical-align: inherit\">Dekorieren Sie den Kamin mit unserer sch\u00f6nen, leuchtenden Weihnachtsdekoration.  <\/font><\/font><\/p>\n<p><font style=\"font-family: futura-pt, sans-serif;font-size: 16px;font-style: normal;font-weight: 400;letter-spacing: 1px;text-align: left;text-indent: 0px;text-transform: none;text-decoration: none;vertical-align: inherit\"><font style=\"vertical-align: inherit\">Kombinieren Sie ihn mit weiteren St\u00fccken aus unserer White Christmas-Serie in dieser Saison und bringen Sie dieses winterliche Gef\u00fchl in Ihre Einrichtung.  <\/font><font style=\"vertical-align: inherit\">Perfekt f\u00fcr alle, die von wei\u00dfen Weihnachten tr\u00e4umen.  <\/font><\/font><\/p>\n<p><font style=\"font-family: futura-pt, sans-serif;font-size: 16px;font-style: normal;font-weight: 400;letter-spacing: 1px;text-align: left;text-indent: 0px;text-transform: none;text-decoration: none;vertical-align: inherit\"><font style=\"vertical-align: inherit\">Jede Packung enth\u00e4lt : <\/font><\/font><br \/>\n<font style=\"font-family: futura-pt, sans-serif;font-size: 16px;font-style: normal;font-weight: 400;letter-spacing: 1px;text-align: left;text-indent: 0px;text-transform: none;text-decoration: none;vertical-align: inherit\"><font style=\"vertical-align: inherit\">1 x Schneeglocke, 18 cm (H) x 12,5 cm (B).  <\/font><\/font><\/p>\n<p><font style=\"font-family: futura-pt, sans-serif;font-size: 16px;font-style: normal;font-weight: 400;letter-spacing: 1px;text-align: left;text-indent: 0px;text-transform: none;text-decoration: none;vertical-align: inherit\"><font style=\"vertical-align: inherit\">Die Verpackung ist recycelbar.<\/font><\/font><\/p>\n<p class=\"p1 m-t text ng-star-inserted\" style=\"margin: 1rem 0px 0px;padding: 0px;border: 0px;font-size: 16px;font-family: futura-pt, sans-serif;font-weight: 400;vertical-align: initial;text-transform: none;border-radius: 0px;letter-spacing: 0.0625rem;line-height: 1.25rem;font-style: normal;text-align: left;text-indent: 0px;text-decoration: none\"><span class=\"ng-star-inserted\" style=\"margin: 0px;padding: 0px;border: 0px;font-size: inherit;font-family: inherit;font-weight: inherit;vertical-align: initial;color: inherit;text-transform: none;border-radius: 0px\"><font style=\"vertical-align: inherit\"><font style=\"vertical-align: inherit\">Wir sind transparent&#8230; Wir wollen die Party fortsetzen, aber auch den Planeten sch\u00fctzen!<span class=\"Apple-converted-space\">&nbsp;<\/span><\/font><font style=\"vertical-align: inherit\">Wir bem\u00fchen uns bewusst darum , dass alle unsere Produkte und Verpackungen umweltfreundlicher sind, und wir achten auch darauf, so viel wie m\u00f6glich mitzuteilen die Art und Weise, wie unsere Produkte hergestellt werden.<\/font><\/font><\/span><\/p>\n<div class=\"flex flex-middle m-t m-b-8 ng-star-inserted\" style=\"margin: 1rem 0px 2rem;padding: 0px;border: 0px;font-size: 16px;font-family: futura-pt, sans-serif;font-weight: 400;vertical-align: initial;text-transform: none;border-radius: 0px;align-items: center;font-style: normal;letter-spacing: normal;text-align: left;text-indent: 0px;text-decoration: none\">\n<div class=\"w-5 w-4-s w-4-m p-r-3 p-r-2-s m-l--4-s\" style=\"margin: 0px;padding: 0px 0.75rem 0px 0px;border: 0px;font-size: inherit;font-family: inherit;font-weight: inherit;vertical-align: top;color: inherit;text-transform: none;border-radius: 0px;width: 313.296875px\">\n<div class=\"w-12 ratio-1-1\" style=\"margin: 0px;padding: 0px;border: 0px;font-size: inherit;font-family: inherit;font-weight: inherit;vertical-align: top;color: inherit;text-transform: none;border-radius: 0px;width: 301.296875px\"><img decoding=\"async\" src=\"https:\/\/www.gingerray.eu\/tco-images\/unsafe\/769x769\/filters:upscale():fill(white)\/https:\/\/www.gingerray.eu\/static\/cms\/media\/Eco%20Roundles-01-1.jpg\" class=\"rf dynamic-image loaded\" alt=\"\" style=\"margin: 0px;padding: 0px;border: 0px;font-size: inherit;font-family: inherit;font-weight: inherit;vertical-align: initial;color: inherit;text-transform: none;border-radius: 0px;width: 301.296875px;height: 301.296875px\" title=\"\"><\/div>\n<\/div>\n<div class=\"w-7 w-8-m w-8-s p-a p1\" style=\"margin: 0px;padding: 1rem;border: 0px;font-size: 1rem;font-family: inherit;font-weight: inherit;vertical-align: top;color: inherit;text-transform: none;border-radius: 0px;width: 626.59375px;letter-spacing: 0.0625rem;line-height: 1.25rem\"><font style=\"vertical-align: inherit\"><font style=\"vertical-align: inherit\">Bei diesem Produkt ist die Verpackung plastikfrei und wiederverwertbar.<\/font><\/font><\/div>\n<\/div>\n<div class=\"flex flex-middle m-t m-b-8 ng-star-inserted\" style=\"margin: 1rem 0px 2rem;padding: 0px;border: 0px;font-size: 16px;font-family: futura-pt, sans-serif;font-weight: 400;vertical-align: initial;text-transform: none;border-radius: 0px;align-items: center;font-style: normal;letter-spacing: normal;text-align: left;text-indent: 0px;text-decoration: none\">\n<div class=\"w-5 w-4-s w-4-m p-r-3 p-r-2-s m-l--4-s\" style=\"margin: 0px;padding: 0px 0.75rem 0px 0px;border: 0px;font-size: inherit;font-family: inherit;font-weight: inherit;vertical-align: top;color: inherit;text-transform: none;border-radius: 0px;width: 313.296875px\">\n<div class=\"w-12 ratio-1-1\" style=\"margin: 0px;padding: 0px;border: 0px;font-size: inherit;font-family: inherit;font-weight: inherit;vertical-align: top;color: inherit;text-transform: none;border-radius: 0px;width: 301.296875px\"><img decoding=\"async\" src=\"https:\/\/www.gingerray.eu\/tco-images\/unsafe\/769x769\/filters:upscale():fill(white)\/https:\/\/www.gingerray.eu\/static\/cms\/media\/Eco%20Roundles-03-1.jpg\" class=\"rf dynamic-image loaded\" alt=\"\" style=\"margin: 0px;padding: 0px;border: 0px;font-size: inherit;font-family: inherit;font-weight: inherit;vertical-align: initial;color: inherit;text-transform: none;border-radius: 0px;width: 301.296875px;height: 301.296875px\" title=\"\"><\/div>\n<\/div>\n<div class=\"w-7 w-8-m w-8-s p-a p1\" style=\"margin: 0px;padding: 1rem;border: 0px;font-size: 1rem;font-family: inherit;font-weight: inherit;vertical-align: top;color: inherit;text-transform: none;border-radius: 0px;width: 626.59375px;letter-spacing: 0.0625rem;line-height: 1.25rem\"><font style=\"vertical-align: inherit\"><font style=\"vertical-align: inherit\">Unsere wiederverwendbaren Produkte werden aus einem nachhaltigeren Material hergestellt, was bedeutet, dass Sie sie immer wieder verwenden k\u00f6nnen!<\/font><\/font><\/div>\n<\/div>\n","protected":false},"excerpt":{"rendered":"<p><font style=\"font-family: futura-pt, sans-serif;font-size: 16px;font-style: normal;font-weight: 400;letter-spacing: 1px;text-align: start;text-indent: 0px;text-transform: none;text-decoration: none;vertical-align: inherit\">Dekorieren Sie den Kamin mit unserer h\u00fcbschen, leuchtenden Weihnachtsdekoration.<span class=\"Apple-converted-space\">&nbsp;<\/span><\/font><font style=\"font-family: futura-pt, sans-serif;font-size: 16px;font-style: normal;font-weight: 400;letter-spacing: 1px;text-align: start;text-indent: 0px;text-transform: none;text-decoration: none;vertical-align: inherit\">Jede Packung enth\u00e4lt: 1 x Kamindekoration.<\/font><\/p>\n","protected":false},"featured_media":36401,"comment_status":"open","ping_status":"closed","template":"","meta":[],"product_cat":[912,163,181,193],"product_tag":[],"class_list":{"0":"post-42344","1":"product","2":"type-product","3":"status-publish","4":"has-post-thumbnail","6":"product_brand-gingerray-de","7":"product_cat-weihnachtsdekoration","8":"product_cat-dekoration","9":"product_cat-saisonal","10":"product_cat-weihnachten","12":"first","13":"instock","14":"taxable","15":"shipping-taxable","16":"purchasable","17":"product-type-simple"},"_links":{"self":[{"href":"https:\/\/camaleoparty.ch\/de\/wp-json\/wp\/v2\/product\/42344","targetHints":{"allow":["GET"]}}],"collection":[{"href":"https:\/\/camaleoparty.ch\/de\/wp-json\/wp\/v2\/product"}],"about":[{"href":"https:\/\/camaleoparty.ch\/de\/wp-json\/wp\/v2\/types\/product"}],"replies":[{"embeddable":true,"href":"https:\/\/camaleoparty.ch\/de\/wp-json\/wp\/v2\/comments?post=42344"}],"wp:featuredmedia":[{"embeddable":true,"href":"https:\/\/camaleoparty.ch\/de\/wp-json\/wp\/v2\/media\/36401"}],"wp:attachment":[{"href":"https:\/\/camaleoparty.ch\/de\/wp-json\/wp\/v2\/media?parent=42344"}],"wp:term":[{"taxonomy":"product_cat","embeddable":true,"href":"https:\/\/camaleoparty.ch\/de\/wp-json\/wp\/v2\/product_cat?post=42344"},{"taxonomy":"product_tag","embeddable":true,"href":"https:\/\/camaleoparty.ch\/de\/wp-json\/wp\/v2\/product_tag?post=42344"}],"curies":[{"name":"wp","href":"https:\/\/api.w.org\/{rel}","templated":true}]}}