{"id":42342,"date":"2023-09-23T18:40:09","date_gmt":"2024-07-28T16:33:39","guid":{"rendered":"https:\/\/pikasworld.ch\/product\/teller-jurassic-dinos-8-stueck\/"},"modified":"2024-11-08T13:51:44","modified_gmt":"2024-11-08T12:51:44","slug":"teller-jurassic-dinos-8-stueck","status":"publish","type":"product","link":"https:\/\/camaleoparty.ch\/de\/produkt\/teller-jurassic-dinos-8-stueck\/","title":{"rendered":"Teller &#8211; Jurassic Dinos, 8 St\u00fcck"},"content":{"rendered":"<p>? Tauchen Sie ein in die Welt der Dinosaurier mit unserer Dino-Kollektion, die kleinen angehenden Pal\u00e4ontologen gewidmet ist! Diese 8 Pappteller sind mit Tyrannosauriern, Diplodocus, Stegosauriern und Parasaurolophus bev\u00f6lkert, f\u00fcr einen absolut epischen jurassischen Geburtstagstisch. Kombinieren Sie sie mit den Bechern und Servietten der Dinos Jurassic Kollektion f\u00fcr einen dinotastischen Look! ? \u2728 Eigenschaften :  <\/p>\n<ul>\n<li>Mix aus 4 dynamischen Designs<\/li>\n<li>Inhalt: 8 Teller<\/li>\n<li>Zusammensetzung: FSC-Papier &#8211; pflanzliche Druckfarben &#8211; pflanzlicher Lack<\/li>\n<li>Produktabmessungen: 1 x 22 x 22 cm<\/li>\n<li>Abmessungen der Verpackung: 2 x 22 x 22 cm<\/li>\n<li>Gewichte : 80g<\/li>\n<\/ul>\n<p>  Die Dino-Teller wurden mit Leidenschaft in Paris entworfen und sorgf\u00e4ltig in Europa unter Verwendung von FSC-Papier und pflanzlichen Druckfarben f\u00fcr ein umweltfreundliches Fest hergestellt. ? Verwandeln Sie Ihren Tisch in eine echte Szene aus der Jurazeit und verzaubern Sie Ihre kleinen G\u00e4ste mit majest\u00e4tischen und farbenfrohen Dinosauriern! ?<\/p>\n","protected":false},"excerpt":{"rendered":"<p>Verwandeln Sie Ihren Tisch in eine echte Szene aus der Jurazeit und begeistern Sie Ihre kleinen G\u00e4ste mit majest\u00e4tischen und farbenfrohen Dinosauriern! ?<\/p>\n","protected":false},"featured_media":35276,"comment_status":"open","ping_status":"closed","template":"","meta":[],"product_cat":[215,183,181,149,147],"product_tag":[],"class_list":{"0":"post-42342","1":"product","2":"type-product","3":"status-publish","4":"has-post-thumbnail","6":"product_cat-dinosaurier","7":"product_cat-geburtstag","8":"product_cat-saisonal","9":"product_cat-teller","10":"product_cat-verjaardags-en-feesttafelversieringen","12":"first","13":"instock","14":"taxable","15":"shipping-taxable","16":"purchasable","17":"product-type-simple"},"_links":{"self":[{"href":"https:\/\/camaleoparty.ch\/de\/wp-json\/wp\/v2\/product\/42342","targetHints":{"allow":["GET"]}}],"collection":[{"href":"https:\/\/camaleoparty.ch\/de\/wp-json\/wp\/v2\/product"}],"about":[{"href":"https:\/\/camaleoparty.ch\/de\/wp-json\/wp\/v2\/types\/product"}],"replies":[{"embeddable":true,"href":"https:\/\/camaleoparty.ch\/de\/wp-json\/wp\/v2\/comments?post=42342"}],"wp:featuredmedia":[{"embeddable":true,"href":"https:\/\/camaleoparty.ch\/de\/wp-json\/wp\/v2\/media\/35276"}],"wp:attachment":[{"href":"https:\/\/camaleoparty.ch\/de\/wp-json\/wp\/v2\/media?parent=42342"}],"wp:term":[{"taxonomy":"product_cat","embeddable":true,"href":"https:\/\/camaleoparty.ch\/de\/wp-json\/wp\/v2\/product_cat?post=42342"},{"taxonomy":"product_tag","embeddable":true,"href":"https:\/\/camaleoparty.ch\/de\/wp-json\/wp\/v2\/product_tag?post=42342"}],"curies":[{"name":"wp","href":"https:\/\/api.w.org\/{rel}","templated":true}]}}