{"id":42339,"date":"2023-09-21T12:20:38","date_gmt":"2024-07-28T16:33:37","guid":{"rendered":"https:\/\/pikasworld.ch\/product\/bedruckte-luftballons-dino-jurassic\/"},"modified":"2024-11-08T13:51:45","modified_gmt":"2024-11-08T12:51:45","slug":"bedruckte-luftballons-dino-jurassic","status":"publish","type":"product","link":"https:\/\/camaleoparty.ch\/de\/produkt\/bedruckte-luftballons-dino-jurassic\/","title":{"rendered":"Bedruckte Luftballons &#8211; dino jurassic"},"content":{"rendered":"<p><span style=\"font-family: filson_softbook, Helvetica, Times, sans-serif;font-size: 16.73337px;font-style: normal;font-weight: 400;letter-spacing: normal;text-align: start;text-indent: 0px;text-transform: none;text-decoration: none;float: none\">Rrrrooooaaarrr! My Little Day pr\u00e4sentiert Ihnen seine Dino-Kollektion, die angehenden Pal\u00e4ontologen gewidmet ist! 5 transparente Luftballons mit Bl\u00e4ttern, die Sie mit dem Geschirr der Dino-Kollektion kombinieren k\u00f6nnen, um einen totalen Look zu erzielen. Die Jurassic Ballons bestehen zu 100% aus Latex, wurden in Paris entworfen und in Europa auf verantwortungsvolle Weise hergestellt.<\/span><\/p>\n<ul class=\"fp_critere\" style=\"font-family: filson_softbook, Helvetica, Times, sans-serif;margin: 0px;padding: 20px 0px 15px;font-size: 16px;line-height: 22px;list-style-type: none;border: medium;font-style: normal;font-weight: 400;letter-spacing: normal;text-align: start;text-indent: 0px;text-transform: none;text-decoration: none\">\n<li style=\"font-family: filson_softbook, Helvetica, Times, sans-serif;margin: 0px 0px 5px;padding: 0px;font-size: 16px\"><span style=\"font-family: filson_softbook, Helvetica, Times, sans-serif;font-weight: 600\">Produktinfos:<\/span><span class=\"Apple-converted-space\">&nbsp;<\/span>Biologisch abbaubar<\/li>\n<li style=\"font-family: filson_softbook, Helvetica, Times, sans-serif;margin: 0px 0px 5px;padding: 0px;font-size: 16px\"><span style=\"font-family: filson_softbook, Helvetica, Times, sans-serif;font-weight: 600\">Inhalt :<\/span><span class=\"Apple-converted-space\">&nbsp;<\/span>5 Ballons<\/li>\n<li style=\"font-family: filson_softbook, Helvetica, Times, sans-serif;margin: 0px 0px 5px;padding: 0px;font-size: 16px\"><span style=\"font-family: filson_softbook, Helvetica, Times, sans-serif;font-weight: 600\">Zusammensetzung:<\/span><span class=\"Apple-converted-space\">&nbsp;<\/span>Latex 100% Naturkautschuk, mineralische Druckfarben<\/li>\n<li style=\"font-family: filson_softbook, Helvetica, Times, sans-serif;margin: 0px 0px 5px;padding: 0px;font-size: 16px\"><span style=\"font-family: filson_softbook, Helvetica, Times, sans-serif;font-weight: 600\">Produktabmessungen (cm):<\/span><span class=\"Apple-converted-space\">&nbsp;<\/span>25 x 25 x 30<\/li>\n<li style=\"font-family: filson_softbook, Helvetica, Times, sans-serif;margin: 0px 0px 5px;padding: 0px;font-size: 16px\"><span style=\"font-family: filson_softbook, Helvetica, Times, sans-serif;font-weight: 600\">Abmessungen Verpackung (cm) :<\/span><span class=\"Apple-converted-space\">&nbsp;<\/span>1 x 11 x 20<\/li>\n<li style=\"font-family: filson_softbook, Helvetica, Times, sans-serif;margin: 0px 0px 5px;padding: 0px;font-size: 16px\"><span style=\"font-family: filson_softbook, Helvetica, Times, sans-serif;font-weight: 600\">Gewicht:<\/span><span class=\"Apple-converted-space\">&nbsp;<\/span>35g<\/li>\n<\/ul>\n","protected":false},"excerpt":{"rendered":"<p><span style=\"font-family: filson_softbook, Helvetica, Times, sans-serif;font-size: 16.73337px;font-style: normal;font-weight: 400;letter-spacing: normal;text-align: start;text-indent: 0px;text-transform: none;text-decoration: none;float: none\">Rrrrooooaaarrr! My Little Day pr\u00e4sentiert Ihnen seine Dino-Kollektion, die angehenden Pal\u00e4ontologen gewidmet ist! 5 transparente Luftballons mit Bl\u00e4ttern, die Sie mit dem Geschirr der Dino-Kollektion kombinieren k\u00f6nnen, um einen totalen Look zu erzielen. Die Jurassic Ballons bestehen zu 100% aus Latex, wurden in Paris entworfen und in Europa auf verantwortungsvolle Weise hergestellt.<\/span><\/p>\n","protected":false},"featured_media":35265,"comment_status":"open","ping_status":"closed","template":"","meta":[],"product_cat":[555],"product_tag":[],"class_list":{"0":"post-42339","1":"product","2":"type-product","3":"status-publish","4":"has-post-thumbnail","6":"product_cat-sale-de-2","8":"first","9":"instock","10":"taxable","11":"shipping-taxable","12":"purchasable","13":"product-type-simple"},"_links":{"self":[{"href":"https:\/\/camaleoparty.ch\/de\/wp-json\/wp\/v2\/product\/42339","targetHints":{"allow":["GET"]}}],"collection":[{"href":"https:\/\/camaleoparty.ch\/de\/wp-json\/wp\/v2\/product"}],"about":[{"href":"https:\/\/camaleoparty.ch\/de\/wp-json\/wp\/v2\/types\/product"}],"replies":[{"embeddable":true,"href":"https:\/\/camaleoparty.ch\/de\/wp-json\/wp\/v2\/comments?post=42339"}],"wp:featuredmedia":[{"embeddable":true,"href":"https:\/\/camaleoparty.ch\/de\/wp-json\/wp\/v2\/media\/35265"}],"wp:attachment":[{"href":"https:\/\/camaleoparty.ch\/de\/wp-json\/wp\/v2\/media?parent=42339"}],"wp:term":[{"taxonomy":"product_cat","embeddable":true,"href":"https:\/\/camaleoparty.ch\/de\/wp-json\/wp\/v2\/product_cat?post=42339"},{"taxonomy":"product_tag","embeddable":true,"href":"https:\/\/camaleoparty.ch\/de\/wp-json\/wp\/v2\/product_tag?post=42339"}],"curies":[{"name":"wp","href":"https:\/\/api.w.org\/{rel}","templated":true}]}}