{"id":42327,"date":"2023-10-28T19:08:05","date_gmt":"2024-07-28T10:45:47","guid":{"rendered":"https:\/\/pikasworld.ch\/product\/adventskalender-aus-holz-zum-ausfuellen\/"},"modified":"2024-11-08T13:46:27","modified_gmt":"2024-11-08T12:46:27","slug":"adventskalender-aus-holz-zum-ausfuellen","status":"publish","type":"product","link":"https:\/\/camaleoparty.ch\/de\/produkt\/adventskalender-aus-holz-zum-ausfuellen\/","title":{"rendered":"Adventskalender aus Holz &#8211; zum Ausf\u00fcllen"},"content":{"rendered":"<p>\u2728 Dieser bezaubernde Kalender ist perfekt, um an jedem Tag im Dezember unvergessliche Momente zu schaffen. F\u00fcllen Sie jede Schachtel mit einer besonderen S\u00fc\u00dfigkeit, um Ihre Lieben zu \u00fcberraschen und zu verzaubern. <strong>Merkmale<\/strong><\/p>\n<ul>\n<li><strong>Ma\u00dfe des Kalenders:<\/strong> 30 cm (B) x 37,5 cm (H) x 3,5 cm (T) &#8211; ideal f\u00fcr den Kamin oder einen Beistelltisch.<\/li>\n<li>Ma\u00dfe <strong>der H\u00e4user:<\/strong> Jedes Haus misst 5 cm (H) x 4 cm (B) &#8211; perfekt f\u00fcr kleine \u00dcberraschungen.<\/li>\n<li><strong>Material:<\/strong> Hergestellt aus 3 mm dickem Sperrholz &#8211; robust und elegant.<\/li>\n<\/ul>\n<p><strong>Zusammensetzung:<\/strong><\/p>\n<ul>\n<li><strong>24 H\u00e4user<\/strong> &#8211; zum Verstecken von S\u00fc\u00dfigkeiten oder kleinen Geschenken.<\/li>\n<li><strong>4 dekorative B\u00e4ume aus gr\u00fcnem Holz<\/strong> &#8211; verleihen der Dekoration einen Hauch von Natur.<\/li>\n<li><strong>2 Rentiere aus wei\u00dfem Holz<\/strong> &#8211; f\u00fcr eine festliche und nordische Stimmung.<\/li>\n<\/ul>\n<p><strong>Ideal f\u00fcr:<\/strong><\/p>\n<ul>\n<li><strong> Weihnachtsstimmung:<\/strong> Schaffen Sie mit diesem dekorativen Kalender eine warme und einladende Atmosph\u00e4re.<\/li>\n<li><strong> Die Tage bis Weihnachtenz\u00e4hlen:<\/strong> Eine lustige und interaktive M\u00f6glichkeit, den Countdown bis zur Ankunft des Weihnachtsmanns zu z\u00e4hlen.<\/li>\n<\/ul>\n<p><strong>Themenvorschl\u00e4ge f\u00fcr Themenpartys:<\/strong><\/p>\n<ul>\n<li><strong> Nordische Weihnachten:<\/strong> Kombinieren Sie diesen Kalender mit Holzdekorationen. und nat\u00fcrlichen Farben f\u00fcr einen skandinavischen Look.<\/li>\n<li><strong> Traditionelle Weihnachten:<\/strong> Kombinieren Sie sie mit roten und gr\u00fcnen Elementen f\u00fcr eine klassische und warme Atmosph\u00e4re.<\/li>\n<li><strong>Weihnachten f\u00fcr Kinder:<\/strong> F\u00fcllen Sie die H\u00e4user mit kleinen S\u00fc\u00dfigkeiten und Spielsachen. f\u00fcr ein magisches Erlebnis f\u00fcr die J\u00fcngsten.<\/li>\n<\/ul>\n<p><strong>Das kleine Extra:<\/strong> Unauff\u00e4llige Schlitze auf der R\u00fcckseite der H\u00e4user und an der Holzbasis. um die \u00dcberraschungen bis zum Tag der Er\u00f6ffnung gut versteckt zu halten.<\/p>\n","protected":false},"excerpt":{"rendered":"<p><strong>Mach die Adventszeit noch magischer mit unserem Adventskalender aus Holz zum Bef\u00fcllen!<\/strong><\/p>\n","protected":false},"featured_media":35950,"comment_status":"open","ping_status":"closed","template":"","meta":[],"product_cat":[911,181,193],"product_tag":[],"class_list":{"0":"post-42327","1":"product","2":"type-product","3":"status-publish","4":"has-post-thumbnail","6":"product_brand-gingerray-de","7":"product_cat-adventskalender","8":"product_cat-saisonal","9":"product_cat-weihnachten","11":"first","12":"instock","13":"taxable","14":"shipping-taxable","15":"purchasable","16":"product-type-simple"},"_links":{"self":[{"href":"https:\/\/camaleoparty.ch\/de\/wp-json\/wp\/v2\/product\/42327","targetHints":{"allow":["GET"]}}],"collection":[{"href":"https:\/\/camaleoparty.ch\/de\/wp-json\/wp\/v2\/product"}],"about":[{"href":"https:\/\/camaleoparty.ch\/de\/wp-json\/wp\/v2\/types\/product"}],"replies":[{"embeddable":true,"href":"https:\/\/camaleoparty.ch\/de\/wp-json\/wp\/v2\/comments?post=42327"}],"wp:featuredmedia":[{"embeddable":true,"href":"https:\/\/camaleoparty.ch\/de\/wp-json\/wp\/v2\/media\/35950"}],"wp:attachment":[{"href":"https:\/\/camaleoparty.ch\/de\/wp-json\/wp\/v2\/media?parent=42327"}],"wp:term":[{"taxonomy":"product_cat","embeddable":true,"href":"https:\/\/camaleoparty.ch\/de\/wp-json\/wp\/v2\/product_cat?post=42327"},{"taxonomy":"product_tag","embeddable":true,"href":"https:\/\/camaleoparty.ch\/de\/wp-json\/wp\/v2\/product_tag?post=42327"}],"curies":[{"name":"wp","href":"https:\/\/api.w.org\/{rel}","templated":true}]}}