{"id":42325,"date":"2023-10-29T07:41:06","date_gmt":"2024-07-28T10:38:52","guid":{"rendered":"https:\/\/pikasworld.ch\/product\/adventskalender-mit-weihnachtskerzen\/"},"modified":"2024-11-08T13:46:25","modified_gmt":"2024-11-08T12:46:25","slug":"adventskalender-mit-weihnachtskerzen","status":"publish","type":"product","link":"https:\/\/camaleoparty.ch\/de\/produkt\/adventskalender-mit-weihnachtskerzen\/","title":{"rendered":"Adventskalender mit Weihnachtskerzen"},"content":{"rendered":"<div class=\"flex-shrink-0 flex flex-col relative items-end\">\n<div class=\"pt-0\">\n<div class=\"gizmo-bot-avatar flex h-8 w-8 items-center justify-center overflow-hidden rounded-full\">\n<div class=\"relative p-1 rounded-sm flex items-center justify-center bg-token-main-surface-primary text-token-text-primary h-8 w-8\">\n<p><strong>Z\u00e4hlen Sie die Tage bis Weihnachten stilvoll mit unserem Weihnachtskerzen-Adventskalender!<\/strong> \ufe0f Jede Kerze ist mit wundersch\u00f6nen goldenen Zahlen verziert, um markieren jeden Tag bis zum lang ersehnten Fest. Dieser Adventskalender ist nicht nur eine M\u00f6glichkeit, die Tage zu z\u00e4hlen, sondern auch eine wundersch\u00f6ne Dekoration, die f\u00fcr eine warme und festliche Atmosph\u00e4re in Ihr Zuhause bringt. <strong>Merkmale<\/strong><\/p>\n<ul>\n<li><strong>NummerierteKerzen:<\/strong> Elegante goldene Zahlen f\u00fcr jeden Tag im Dezember.<\/li>\n<li><strong>Ma\u00dfe des Glastopfes:<\/strong> 15 cm (H) x 10 cm (B) &#8211; perfekt f\u00fcr eine dezente und charmante Dekoration.<\/li>\n<li><strong>Inhalt:<\/strong> 1 Glastopf und 24 Kerzen &#8211; alles, was Sie f\u00fcr den Countdown brauchen. Sie f\u00fcr den Countdown ben\u00f6tigen.<\/li>\n<\/ul>\n<p><strong>Ideal f\u00fcr:<\/strong><\/p>\n<ul>\n<li><strong> Weihnachtsdekoration:<\/strong> Verleihen Sie Ihrem Zuhause in der Weihnachtszeit einen Hauch von Charme und W\u00e4rme.<\/li>\n<li><strong> FestlicheAtmosph\u00e4re:<\/strong> Schaffen Sie bis Weihnachten jeden Tag eine gem\u00fctliche und fr\u00f6hliche Atmosph\u00e4re.<\/li>\n<\/ul>\n<p><strong>Themenvorschl\u00e4ge f\u00fcr Themenpartys:<\/strong><\/p>\n<ul>\n<li><strong> RustikaleWeihnachten:<\/strong> Kombinieren Sie diesen Adventskalender mit unserer Kollektion Rustic Red, gef\u00fcllt mit Rot- und Gr\u00fcnt\u00f6nen f\u00fcr eine klassische und elegante Weihnachtsdekoration.<\/li>\n<li><strong> SkandinavischeWeihnachten:<\/strong> Kombinieren Sie mit Holzelementen und Dekorationen. minimalistischen Elementen f\u00fcr eine nordisch-warme Atmosph\u00e4re.<\/li>\n<li><strong>Weihnachten im Vintage-Stil:<\/strong> Verwenden Sie Retro-Dekorationen und traditionelle Farben, um den Zauber vergangener Weihnachten nachzuempfinden.<\/li>\n<\/ul>\n<p><strong>Das kleine Plus :<\/strong> Die Verpackung ist recycelbar und FSC-zertifiziert, was Ihrer Weihnachtsdekoration einen umweltfreundlichen Touch verleiht. <\/div>\n<\/div>\n<\/div>\n<\/div>\n","protected":false},"excerpt":{"rendered":"<p><span style=\"font-family: futura-pt, sans-serif; font-size: 16px; font-style: normal; font-weight: 400; letter-spacing: 1px; text-align: start; text-indent: 0px; text-transform: none; text-decoration: none; vertical-align: inherit;\">Z\u00e4hlen Sie den Countdown bis Weihnachten mit diesem wundersch\u00f6nen Kerzen-Adventskalender.<\/span><\/p>\n","protected":false},"featured_media":35967,"comment_status":"open","ping_status":"closed","template":"","meta":[],"product_cat":[911,193],"product_tag":[],"class_list":{"0":"post-42325","1":"product","2":"type-product","3":"status-publish","4":"has-post-thumbnail","6":"product_brand-gingerray-de","7":"product_cat-adventskalender","8":"product_cat-weihnachten","10":"first","11":"instock","12":"taxable","13":"shipping-taxable","14":"purchasable","15":"product-type-simple"},"_links":{"self":[{"href":"https:\/\/camaleoparty.ch\/de\/wp-json\/wp\/v2\/product\/42325","targetHints":{"allow":["GET"]}}],"collection":[{"href":"https:\/\/camaleoparty.ch\/de\/wp-json\/wp\/v2\/product"}],"about":[{"href":"https:\/\/camaleoparty.ch\/de\/wp-json\/wp\/v2\/types\/product"}],"replies":[{"embeddable":true,"href":"https:\/\/camaleoparty.ch\/de\/wp-json\/wp\/v2\/comments?post=42325"}],"wp:featuredmedia":[{"embeddable":true,"href":"https:\/\/camaleoparty.ch\/de\/wp-json\/wp\/v2\/media\/35967"}],"wp:attachment":[{"href":"https:\/\/camaleoparty.ch\/de\/wp-json\/wp\/v2\/media?parent=42325"}],"wp:term":[{"taxonomy":"product_cat","embeddable":true,"href":"https:\/\/camaleoparty.ch\/de\/wp-json\/wp\/v2\/product_cat?post=42325"},{"taxonomy":"product_tag","embeddable":true,"href":"https:\/\/camaleoparty.ch\/de\/wp-json\/wp\/v2\/product_tag?post=42325"}],"curies":[{"name":"wp","href":"https:\/\/api.w.org\/{rel}","templated":true}]}}