{"id":42324,"date":"2023-10-29T07:44:17","date_gmt":"2024-07-28T10:37:25","guid":{"rendered":"https:\/\/pikasworld.ch\/product\/weihnachts-adventskalender-auto\/"},"modified":"2024-11-08T13:46:23","modified_gmt":"2024-11-08T12:46:23","slug":"weihnachts-adventskalender-auto","status":"publish","type":"product","link":"https:\/\/camaleoparty.ch\/de\/produkt\/weihnachts-adventskalender-auto\/","title":{"rendered":"Weihnachts-Adventskalender &#8211; Auto"},"content":{"rendered":"<p><strong>Adventskalender zu Weihnachten -. Auto<\/strong> Nichts ist in der Vorweihnachtszeit aufregender als die Tage mit diesem wundersch\u00f6nen Adventskalender zu z\u00e4hlen. Bewegen Sie jeden Tag das kleine rote Auto entlang der B\u00fchne. aus Holz, um den Countdown bis zum gro\u00dfen Tag zu verfolgen. <strong>Merkmale<\/strong><\/p>\n<ul>\n<li><strong>Design:<\/strong> Weihnachtsszene aus Holz mit einem festlichen roten Auto.<\/li>\n<li><strong>Dimensions :<\/strong> 10 cm (H) x 64 cm (L).<\/li>\n<li><strong>Material:<\/strong> Holz &#8211; nachhaltig und wiederverwendbar.<\/li>\n<\/ul>\n<p><strong>Ideal f\u00fcr:<\/strong><\/p>\n<ul>\n<li><strong> Weihnachts dekoration:<\/strong> Verleiht Ihren Dekorationen einen charmanten und interaktiven Touch.<\/li>\n<li><strong> Familientradition:<\/strong> Schaffe unvergessliche Erinnerungen, indem du die Tage bis Weihnachten z\u00e4hlst.<\/li>\n<\/ul>\n<p><strong>Themenvorschl\u00e4ge f\u00fcr Themenpartys:<\/strong><\/p>\n<ul>\n<li><strong> RustikaleWeihnachten:<\/strong> Kombinieren Sie diesen Kalender mit unserer Kollektion Rustic Red, die vor Rot- und Gr\u00fcnt\u00f6nen \u00fcberquillt.<\/li>\n<li><strong> KlassischeWeihnacht:<\/strong> Perfekt f\u00fcr eine gem\u00fctliche Atmosph\u00e4re mit Holzelementen.<\/li>\n<li><strong> Vintage-Weihnachten:<\/strong> Kombinieren Sie mit Retro-Dekorationen f\u00fcr einen nostalgischen Look.<\/li>\n<\/ul>\n<p><strong>Das kleine Extra:<\/strong> Die Verpackung ist recycelbar und FSC-zertifiziert.<\/p>\n","protected":false},"excerpt":{"rendered":"<p><span style=\"font-family: futura-pt, sans-serif; font-size: 16px; font-style: normal; font-weight: 400; letter-spacing: 1px; text-align: start; text-indent: 0px; text-transform: none; text-decoration: none; vertical-align: inherit;\">Nichts ist in der Vorweihnachtszeit spannender, als mit Ihrem Adventskalender, um bis zum gro\u00dfen Tag r\u00fcckw\u00e4rts zu z\u00e4hlen: bewegen Sie jeden Tag das festliche rote Auto entlang des der h\u00f6lzernen Weihnachtsb\u00fchne, um den \u00dcberblick zu behalten.<span class=\"Apple-converted-space\"> <\/span><\/span><\/p>\n","protected":false},"featured_media":35975,"comment_status":"open","ping_status":"closed","template":"","meta":[],"product_cat":[911,193],"product_tag":[],"class_list":{"0":"post-42324","1":"product","2":"type-product","3":"status-publish","4":"has-post-thumbnail","6":"product_brand-gingerray-de","7":"product_cat-adventskalender","8":"product_cat-weihnachten","10":"first","11":"instock","12":"taxable","13":"shipping-taxable","14":"purchasable","15":"product-type-simple"},"_links":{"self":[{"href":"https:\/\/camaleoparty.ch\/de\/wp-json\/wp\/v2\/product\/42324","targetHints":{"allow":["GET"]}}],"collection":[{"href":"https:\/\/camaleoparty.ch\/de\/wp-json\/wp\/v2\/product"}],"about":[{"href":"https:\/\/camaleoparty.ch\/de\/wp-json\/wp\/v2\/types\/product"}],"replies":[{"embeddable":true,"href":"https:\/\/camaleoparty.ch\/de\/wp-json\/wp\/v2\/comments?post=42324"}],"wp:featuredmedia":[{"embeddable":true,"href":"https:\/\/camaleoparty.ch\/de\/wp-json\/wp\/v2\/media\/35975"}],"wp:attachment":[{"href":"https:\/\/camaleoparty.ch\/de\/wp-json\/wp\/v2\/media?parent=42324"}],"wp:term":[{"taxonomy":"product_cat","embeddable":true,"href":"https:\/\/camaleoparty.ch\/de\/wp-json\/wp\/v2\/product_cat?post=42324"},{"taxonomy":"product_tag","embeddable":true,"href":"https:\/\/camaleoparty.ch\/de\/wp-json\/wp\/v2\/product_tag?post=42324"}],"curies":[{"name":"wp","href":"https:\/\/api.w.org\/{rel}","templated":true}]}}