{"id":42299,"date":"2024-02-01T04:07:00","date_gmt":"2024-07-27T16:44:26","guid":{"rendered":"https:\/\/pikasworld.ch\/product\/rizzo-fett-s\/"},"modified":"2024-11-08T13:37:37","modified_gmt":"2024-11-08T12:37:37","slug":"rizzo-fett-s","status":"publish","type":"product","link":"https:\/\/camaleoparty.ch\/de\/produkt\/rizzo-fett-s\/","title":{"rendered":"Rizzo Fett (S)"},"content":{"rendered":"<p>Grease Rizzo Kost\u00fcm, mit Kleid, G\u00fcrtel und Sch\u00e4rpe Unser offiziell lizenziertes Grease Rizzo Kost\u00fcm ist ein Fettkost\u00fcm f\u00fcr erwachsene Frauen, das in einer ganzen Reihe von Gr\u00f6\u00dfen erh\u00e4ltlich ist. Also, meine Damen, wenn Sie f\u00fcr den Abend zu Rizzo werden wollen, ist dieses Outfit genau das Richtige f\u00fcr Sie.<\/p>\n","protected":false},"excerpt":{"rendered":"<p>Grease Rizzo Kost\u00fcm, mit Kleid, G\u00fcrtel und Sch\u00e4rpe Unser offiziell lizenziertes Grease Rizzo Kost\u00fcm ist ein Fettkost\u00fcm f\u00fcr erwachsene Frauen, das in einer ganzen Reihe von Gr\u00f6\u00dfen erh\u00e4ltlich ist. Also, meine Damen, wenn Sie f\u00fcr den Abend zu Rizzo werden wollen, ist dieses Outfit genau das Richtige f\u00fcr Sie.<\/p>\n","protected":false},"featured_media":38054,"comment_status":"open","ping_status":"closed","template":"","meta":[],"product_cat":[716,136],"product_tag":[],"class_list":{"0":"post-42299","1":"product","2":"type-product","3":"status-publish","4":"has-post-thumbnail","6":"product_cat-frau","7":"product_cat-kostueme","9":"first","10":"instock","11":"sale","12":"taxable","13":"shipping-taxable","14":"purchasable","15":"product-type-simple"},"_links":{"self":[{"href":"https:\/\/camaleoparty.ch\/de\/wp-json\/wp\/v2\/product\/42299","targetHints":{"allow":["GET"]}}],"collection":[{"href":"https:\/\/camaleoparty.ch\/de\/wp-json\/wp\/v2\/product"}],"about":[{"href":"https:\/\/camaleoparty.ch\/de\/wp-json\/wp\/v2\/types\/product"}],"replies":[{"embeddable":true,"href":"https:\/\/camaleoparty.ch\/de\/wp-json\/wp\/v2\/comments?post=42299"}],"wp:featuredmedia":[{"embeddable":true,"href":"https:\/\/camaleoparty.ch\/de\/wp-json\/wp\/v2\/media\/38054"}],"wp:attachment":[{"href":"https:\/\/camaleoparty.ch\/de\/wp-json\/wp\/v2\/media?parent=42299"}],"wp:term":[{"taxonomy":"product_cat","embeddable":true,"href":"https:\/\/camaleoparty.ch\/de\/wp-json\/wp\/v2\/product_cat?post=42299"},{"taxonomy":"product_tag","embeddable":true,"href":"https:\/\/camaleoparty.ch\/de\/wp-json\/wp\/v2\/product_tag?post=42299"}],"curies":[{"name":"wp","href":"https:\/\/api.w.org\/{rel}","templated":true}]}}