{"id":42294,"date":"2023-11-10T12:22:57","date_gmt":"2024-07-27T16:44:22","guid":{"rendered":"https:\/\/pikasworld.ch\/product\/faecherfoermige-baby-shower-dekoration-hey-baby\/"},"modified":"2024-11-08T13:45:04","modified_gmt":"2024-11-08T12:45:04","slug":"faecherfoermige-baby-shower-dekoration-hey-baby","status":"publish","type":"product","link":"https:\/\/camaleoparty.ch\/de\/produkt\/faecherfoermige-baby-shower-dekoration-hey-baby\/","title":{"rendered":"F\u00e4cherf\u00f6rmige Baby Shower Dekoration &#8211; Hey Baby"},"content":{"rendered":"<p><font style=\"font-family: futura-pt, sans-serif;font-size: 16px;font-style: normal;font-weight: 400;letter-spacing: 1px;text-align: left;text-indent: 0px;text-transform: none;text-decoration: none;vertical-align: inherit\"><font style=\"vertical-align: inherit\">Geben Sie Ihrer Babyparty Stil mit diesen wundersch\u00f6nen Papierf\u00e4cherdekorationen.  <\/font><\/font><\/p>\n<p><font style=\"font-family: futura-pt, sans-serif;font-size: 16px;font-style: normal;font-weight: 400;letter-spacing: 1px;text-align: left;text-indent: 0px;text-transform: none;text-decoration: none;vertical-align: inherit\"><font style=\"vertical-align: inherit\">Diese wundersch\u00f6nen und einfach zusammenzustellenden &#8222;Hey Baby&#8220;-Baby Shower Dekorationen werden unglaublich aussehen und in Ihrem Raum verstreut einen eleganten Eindruck machen.  <\/font><\/font><\/p>\n<p><font style=\"font-family: futura-pt, sans-serif;font-size: 16px;font-style: normal;font-weight: 400;letter-spacing: 1px;text-align: left;text-indent: 0px;text-transform: none;text-decoration: none;vertical-align: inherit\"><font style=\"vertical-align: inherit\">Kombinieren Sie diese Papierf\u00e4cher mit Baby Shower Dekorationen aus unserer beliebten Botanical Baby Serie.  <\/font><\/font><\/p>\n<p><font style=\"font-family: futura-pt, sans-serif;font-size: 16px;font-style: normal;font-weight: 400;letter-spacing: 1px;text-align: left;text-indent: 0px;text-transform: none;text-decoration: none;vertical-align: inherit\"><font style=\"vertical-align: inherit\">Jede Packung enth\u00e4lt : <\/font><\/font><br \/>\n<font style=\"font-family: futura-pt, sans-serif;font-size: 16px;font-style: normal;font-weight: 400;letter-spacing: 1px;text-align: left;text-indent: 0px;text-transform: none;text-decoration: none;vertical-align: inherit\"><font style=\"vertical-align: inherit\">2 x Kleine F\u00e4cherdekorationen aus salbeigr\u00fcnem und wei\u00dfem Papier mit bedrucktem Blattwerk, 10 cm (H) gro\u00df  <\/font><\/font><br \/>\n<font style=\"font-family: futura-pt, sans-serif;font-size: 16px;font-style: normal;font-weight: 400;letter-spacing: 1px;text-align: left;text-indent: 0px;text-transform: none;text-decoration: none;vertical-align: inherit\"><font style=\"vertical-align: inherit\">3 x Gro\u00dfe F\u00e4cherdekorationen aus dunkelgr\u00fcnem, salbeigr\u00fcnem und wei\u00dfem Papier mit bedrucktem Blattwerk, 13,5 cm (H) gro\u00df  <\/font><\/font><br \/>\n<font style=\"font-family: futura-pt, sans-serif;font-size: 16px;font-style: normal;font-weight: 400;letter-spacing: 1px;text-align: left;text-indent: 0px;text-transform: none;text-decoration: none;vertical-align: inherit\"><font style=\"vertical-align: inherit\">1 x Gro\u00dfe &#8222;Hey Baby&#8220;-Karte  <\/font><\/font><br \/>\n<font style=\"font-family: futura-pt, sans-serif;font-size: 16px;font-style: normal;font-weight: 400;letter-spacing: 1px;text-align: left;text-indent: 0px;text-transform: none;text-decoration: none;vertical-align: inherit\"><font style=\"vertical-align: inherit\">1 x kleine &#8222;Hey Baby Card&#8220;.  <\/font><\/font><br \/>\n<font style=\"font-family: futura-pt, sans-serif;font-size: 16px;font-style: normal;font-weight: 400;letter-spacing: 1px;text-align: left;text-indent: 0px;text-transform: none;text-decoration: none;vertical-align: inherit\"><font style=\"vertical-align: inherit\">Klebepunkte, 5 x B\u00fcroklammern und Schnur sind f\u00fcr eine einfache Montage enthalten.<\/font><\/font><\/p>\n","protected":false},"excerpt":{"rendered":"<p>Geben Sie Ihrer Babyparty Stil mit diesen wundersch\u00f6nen Papierf\u00e4cherdekorationen. Diese wundersch\u00f6nen und einfach zusammenzustellenden &#8222;Hey Baby&#8220;-Baby Shower Dekorationen werden unglaublich aussehen und in Ihrem Raum verstreut einen eleganten Eindruck machen. Kombinieren Sie diese Papierf\u00e4cher mit Baby Shower Dekorationen aus unserer beliebten Botanical Baby Serie. Jede Packung enth\u00e4lt : 2 x Kleine F\u00e4cherdekorationen aus salbeigr\u00fcnem und [&hellip;]<\/p>\n","protected":false},"featured_media":36561,"comment_status":"open","ping_status":"closed","template":"","meta":[],"product_cat":[185,163,385,181,169],"product_tag":[],"class_list":{"0":"post-42294","1":"product","2":"type-product","3":"status-publish","4":"has-post-thumbnail","6":"product_brand-gingerray-de","7":"product_cat-baby-shower-de","8":"product_cat-dekoration","9":"product_cat-gender-reveal-party-de","10":"product_cat-saisonal","11":"product_cat-wabenball","13":"first","14":"instock","15":"taxable","16":"shipping-taxable","17":"purchasable","18":"product-type-simple"},"_links":{"self":[{"href":"https:\/\/camaleoparty.ch\/de\/wp-json\/wp\/v2\/product\/42294","targetHints":{"allow":["GET"]}}],"collection":[{"href":"https:\/\/camaleoparty.ch\/de\/wp-json\/wp\/v2\/product"}],"about":[{"href":"https:\/\/camaleoparty.ch\/de\/wp-json\/wp\/v2\/types\/product"}],"replies":[{"embeddable":true,"href":"https:\/\/camaleoparty.ch\/de\/wp-json\/wp\/v2\/comments?post=42294"}],"wp:featuredmedia":[{"embeddable":true,"href":"https:\/\/camaleoparty.ch\/de\/wp-json\/wp\/v2\/media\/36561"}],"wp:attachment":[{"href":"https:\/\/camaleoparty.ch\/de\/wp-json\/wp\/v2\/media?parent=42294"}],"wp:term":[{"taxonomy":"product_cat","embeddable":true,"href":"https:\/\/camaleoparty.ch\/de\/wp-json\/wp\/v2\/product_cat?post=42294"},{"taxonomy":"product_tag","embeddable":true,"href":"https:\/\/camaleoparty.ch\/de\/wp-json\/wp\/v2\/product_tag?post=42294"}],"curies":[{"name":"wp","href":"https:\/\/api.w.org\/{rel}","templated":true}]}}