{"id":42290,"date":"2023-09-18T19:46:00","date_gmt":"2024-07-27T16:42:42","guid":{"rendered":"https:\/\/pikasworld.ch\/product\/mylar-ballon-herz-mit-blumen\/"},"modified":"2024-11-08T13:52:13","modified_gmt":"2024-11-08T12:52:13","slug":"mylar-ballon-herz-mit-blumen","status":"publish","type":"product","link":"https:\/\/camaleoparty.ch\/de\/produkt\/mylar-ballon-herz-mit-blumen\/","title":{"rendered":"Mylar-Ballon Herz mit Blumen"},"content":{"rendered":"<p>Mylar-Ballon Herz mit Blumen in gemischten Farben, Ma\u00dfe: H\u00f6he vor dem Aufblasen ca. 45 cm (18&#8220;), Ma\u00dfe nach dem Aufblasen ca. 35 cm (14&#8220;). Aufblasen mit Luft oder Helium.<\/p>\n","protected":false},"excerpt":{"rendered":"<p>Mylar-Ballon Herz mit Blumen in gemischten Farben, Ma\u00dfe: H\u00f6he vor dem Aufblasen ca. 45 cm (18&#8220;), Ma\u00dfe nach dem Aufblasen ca. 35 cm (14&#8220;). Aufblasen mit Luft oder Helium.<\/p>\n","protected":false},"featured_media":35115,"comment_status":"open","ping_status":"closed","template":"","meta":[],"product_cat":[708,1289,274,391,191,553,195,1166],"product_tag":[],"class_list":{"0":"post-42290","1":"product","2":"type-product","3":"status-publish","4":"has-post-thumbnail","6":"product_brand-partydeco-de","7":"product_cat-blumen","8":"product_cat-evjf-dekoration","9":"product_cat-folienballons","10":"product_cat-hen-party-polter-abend","11":"product_cat-hochzeit","12":"product_cat-muttertag","13":"product_cat-ostern","14":"product_cat-valentinstag","16":"first","17":"instock","18":"taxable","19":"shipping-taxable","20":"purchasable","21":"product-type-simple"},"_links":{"self":[{"href":"https:\/\/camaleoparty.ch\/de\/wp-json\/wp\/v2\/product\/42290","targetHints":{"allow":["GET"]}}],"collection":[{"href":"https:\/\/camaleoparty.ch\/de\/wp-json\/wp\/v2\/product"}],"about":[{"href":"https:\/\/camaleoparty.ch\/de\/wp-json\/wp\/v2\/types\/product"}],"replies":[{"embeddable":true,"href":"https:\/\/camaleoparty.ch\/de\/wp-json\/wp\/v2\/comments?post=42290"}],"wp:featuredmedia":[{"embeddable":true,"href":"https:\/\/camaleoparty.ch\/de\/wp-json\/wp\/v2\/media\/35115"}],"wp:attachment":[{"href":"https:\/\/camaleoparty.ch\/de\/wp-json\/wp\/v2\/media?parent=42290"}],"wp:term":[{"taxonomy":"product_cat","embeddable":true,"href":"https:\/\/camaleoparty.ch\/de\/wp-json\/wp\/v2\/product_cat?post=42290"},{"taxonomy":"product_tag","embeddable":true,"href":"https:\/\/camaleoparty.ch\/de\/wp-json\/wp\/v2\/product_tag?post=42290"}],"curies":[{"name":"wp","href":"https:\/\/api.w.org\/{rel}","templated":true}]}}