{"id":42287,"date":"2023-09-19T21:05:00","date_gmt":"2024-07-27T16:42:40","guid":{"rendered":"https:\/\/pikasworld.ch\/product\/aluminiumballon-bride-to-be\/"},"modified":"2024-11-08T13:52:01","modified_gmt":"2024-11-08T12:52:01","slug":"aluminiumballon-bride-to-be","status":"publish","type":"product","link":"https:\/\/camaleoparty.ch\/de\/produkt\/aluminiumballon-bride-to-be\/","title":{"rendered":"Aluminiumballon Bride to be"},"content":{"rendered":"<p>Aluminiumballon Bride to be, gemischte Farben mit der Aufschrift Bride to be in Ros\u00e9gold, Ma\u00dfe vor dem Aufblasen ca. 49,5 x 108,5 cm (19 x 43&#8220;), Ma\u00dfe nach dem Aufblasen ca. 36 x 98 cm (14 x 39&#8220;). Kann mit Luft oder Helium aufgeblasen werden. Strohhalm inklusive.<\/p>\n","protected":false},"excerpt":{"rendered":"<p>Aluminiumballon Bride to be, gemischte Farben mit der Aufschrift Bride to be in Ros\u00e9gold, Ma\u00dfe vor dem Aufblasen ca. 49,5 x 108,5 cm (19 x 43&#8220;), Ma\u00dfe nach dem Aufblasen ca. 36 x 98 cm (14 x 39&#8220;). Kann mit Luft oder Helium aufgeblasen werden. Strohhalm inklusive.<\/p>\n","protected":false},"featured_media":35205,"comment_status":"open","ping_status":"closed","template":"","meta":[],"product_cat":[1289,274,391,1204],"product_tag":[],"class_list":{"0":"post-42287","1":"product","2":"type-product","3":"status-publish","4":"has-post-thumbnail","6":"product_brand-partydeco-de","7":"product_cat-evjf-dekoration","8":"product_cat-folienballons","9":"product_cat-hen-party-polter-abend","10":"product_cat-rosa","12":"first","13":"instock","14":"taxable","15":"shipping-taxable","16":"purchasable","17":"product-type-simple"},"_links":{"self":[{"href":"https:\/\/camaleoparty.ch\/de\/wp-json\/wp\/v2\/product\/42287","targetHints":{"allow":["GET"]}}],"collection":[{"href":"https:\/\/camaleoparty.ch\/de\/wp-json\/wp\/v2\/product"}],"about":[{"href":"https:\/\/camaleoparty.ch\/de\/wp-json\/wp\/v2\/types\/product"}],"replies":[{"embeddable":true,"href":"https:\/\/camaleoparty.ch\/de\/wp-json\/wp\/v2\/comments?post=42287"}],"wp:featuredmedia":[{"embeddable":true,"href":"https:\/\/camaleoparty.ch\/de\/wp-json\/wp\/v2\/media\/35205"}],"wp:attachment":[{"href":"https:\/\/camaleoparty.ch\/de\/wp-json\/wp\/v2\/media?parent=42287"}],"wp:term":[{"taxonomy":"product_cat","embeddable":true,"href":"https:\/\/camaleoparty.ch\/de\/wp-json\/wp\/v2\/product_cat?post=42287"},{"taxonomy":"product_tag","embeddable":true,"href":"https:\/\/camaleoparty.ch\/de\/wp-json\/wp\/v2\/product_tag?post=42287"}],"curies":[{"name":"wp","href":"https:\/\/api.w.org\/{rel}","templated":true}]}}