{"id":42286,"date":"2023-09-17T17:55:00","date_gmt":"2024-07-27T16:42:39","guid":{"rendered":"https:\/\/pikasworld.ch\/product\/mylar-ballon-eisbaer\/"},"modified":"2025-10-21T09:05:04","modified_gmt":"2025-10-21T08:05:04","slug":"mylar-ballon-eisbaer","status":"publish","type":"product","link":"https:\/\/camaleoparty.ch\/de\/produkt\/mylar-ballon-eisbaer\/","title":{"rendered":"Mylar-Ballon Eisb\u00e4r"},"content":{"rendered":"<p>Wei\u00df gefrosteter Mylar-Eisb\u00e4renballon mit einem bunten, satinierten Golddruck, Ma\u00dfe ca. 51 x 45 cm (20 x 18&#8220;).<\/p>\n","protected":false},"excerpt":{"rendered":"<p>Wei\u00df gefrosteter Mylar-Eisb\u00e4renballon mit einem bunten, satinierten Golddruck, Ma\u00dfe ca. 51 x 45 cm (20 x 18&#8220;).<\/p>\n","protected":false},"featured_media":35074,"comment_status":"open","ping_status":"closed","template":"","meta":[],"product_cat":[163,274,183,1169,193,912],"product_tag":[],"class_list":{"0":"post-42286","1":"product","2":"type-product","3":"status-publish","4":"has-post-thumbnail","6":"product_brand-partydeco-de","7":"product_cat-dekoration","8":"product_cat-folienballons","9":"product_cat-geburtstag","10":"product_cat-teddybar-kollektion","11":"product_cat-weihnachten","12":"product_cat-weihnachtsdekoration","14":"first","15":"instock","16":"taxable","17":"shipping-taxable","18":"purchasable","19":"product-type-simple"},"_links":{"self":[{"href":"https:\/\/camaleoparty.ch\/de\/wp-json\/wp\/v2\/product\/42286","targetHints":{"allow":["GET"]}}],"collection":[{"href":"https:\/\/camaleoparty.ch\/de\/wp-json\/wp\/v2\/product"}],"about":[{"href":"https:\/\/camaleoparty.ch\/de\/wp-json\/wp\/v2\/types\/product"}],"replies":[{"embeddable":true,"href":"https:\/\/camaleoparty.ch\/de\/wp-json\/wp\/v2\/comments?post=42286"}],"wp:featuredmedia":[{"embeddable":true,"href":"https:\/\/camaleoparty.ch\/de\/wp-json\/wp\/v2\/media\/35074"}],"wp:attachment":[{"href":"https:\/\/camaleoparty.ch\/de\/wp-json\/wp\/v2\/media?parent=42286"}],"wp:term":[{"taxonomy":"product_cat","embeddable":true,"href":"https:\/\/camaleoparty.ch\/de\/wp-json\/wp\/v2\/product_cat?post=42286"},{"taxonomy":"product_tag","embeddable":true,"href":"https:\/\/camaleoparty.ch\/de\/wp-json\/wp\/v2\/product_tag?post=42286"}],"curies":[{"name":"wp","href":"https:\/\/api.w.org\/{rel}","templated":true}]}}