{"id":42285,"date":"2023-09-19T20:59:15","date_gmt":"2024-07-27T16:42:38","guid":{"rendered":"https:\/\/pikasworld.ch\/product\/blumenkuchen-toppers\/"},"modified":"2024-11-08T13:52:02","modified_gmt":"2024-11-08T12:52:02","slug":"blumenkuchen-toppers","status":"publish","type":"product","link":"https:\/\/camaleoparty.ch\/de\/produkt\/blumenkuchen-toppers\/","title":{"rendered":"Blumenkuchen-Toppers"},"content":{"rendered":"<p>Kuchen-Topper Blumen, gemischte Farben, Set enth\u00e4lt 8 Cake Topper auf Spie\u00dfen, H\u00f6he ca. 13-14.5 cm.<br \/>\n(1 pqt. \/ 8 pc.) <\/p>\n","protected":false},"excerpt":{"rendered":"<p>Kuchen-Topper Blumen, gemischte Farben, Set enth\u00e4lt 8 Cake Topper auf Spie\u00dfen, H\u00f6he ca. 13-14.5 cm. (1 pqt. \/ 8 pc.)<\/p>\n","protected":false},"featured_media":35199,"comment_status":"open","ping_status":"closed","template":"","meta":[],"product_cat":[708,151,330],"product_tag":[],"class_list":{"0":"post-42285","1":"product","2":"type-product","3":"status-publish","4":"has-post-thumbnail","6":"product_brand-partydeco-de","7":"product_cat-blumen","8":"product_cat-cake-toppers-de","9":"product_cat-cupcakes-de","11":"first","12":"instock","13":"taxable","14":"shipping-taxable","15":"purchasable","16":"product-type-simple"},"_links":{"self":[{"href":"https:\/\/camaleoparty.ch\/de\/wp-json\/wp\/v2\/product\/42285","targetHints":{"allow":["GET"]}}],"collection":[{"href":"https:\/\/camaleoparty.ch\/de\/wp-json\/wp\/v2\/product"}],"about":[{"href":"https:\/\/camaleoparty.ch\/de\/wp-json\/wp\/v2\/types\/product"}],"replies":[{"embeddable":true,"href":"https:\/\/camaleoparty.ch\/de\/wp-json\/wp\/v2\/comments?post=42285"}],"wp:featuredmedia":[{"embeddable":true,"href":"https:\/\/camaleoparty.ch\/de\/wp-json\/wp\/v2\/media\/35199"}],"wp:attachment":[{"href":"https:\/\/camaleoparty.ch\/de\/wp-json\/wp\/v2\/media?parent=42285"}],"wp:term":[{"taxonomy":"product_cat","embeddable":true,"href":"https:\/\/camaleoparty.ch\/de\/wp-json\/wp\/v2\/product_cat?post=42285"},{"taxonomy":"product_tag","embeddable":true,"href":"https:\/\/camaleoparty.ch\/de\/wp-json\/wp\/v2\/product_tag?post=42285"}],"curies":[{"name":"wp","href":"https:\/\/api.w.org\/{rel}","templated":true}]}}