{"id":42280,"date":"2023-11-06T19:30:00","date_gmt":"2024-07-27T16:41:01","guid":{"rendered":"https:\/\/pikasworld.ch\/product\/servietten-pastell-20-st\/"},"modified":"2024-11-08T13:45:28","modified_gmt":"2024-11-08T12:45:28","slug":"servietten-pastell-20-st","status":"publish","type":"product","link":"https:\/\/camaleoparty.ch\/de\/produkt\/servietten-pastell-20-st\/","title":{"rendered":"Servietten Pastell, 20 St."},"content":{"rendered":"<p>Entdecken Sie unsere weiche Pastellkollektion, perfekt f\u00fcr Geburtstage, Hochzeiten und Babyshowers! ? Diese 20 pastellfarbenen Servietten aus Papier verleihen Ihrer Party einen sanften und eleganten Touch.<br \/>\nKombinieren Sie sie mit den Bechern und Tellern aus der Pastell-Kollektion f\u00fcr einen selbstbewussten und harmonischen Gesamtlook.  \u2728 Eigenschaften : <\/p>\n<ul>\n<li>Inhalt: 20 Handt\u00fccher<\/li>\n<li>Zusammensetzung: FSC-Papier, Zellulosefolie, pflanzliche Druckfarben<\/li>\n<li>Abmessungen der Verpackung: 2 x 16,5 x 16,5 cm<\/li>\n<li>Gewicht : 100 g<\/li>\n<li>Design: In Paris entworfen, in Europa hergestellt<\/li>\n<\/ul>\n<p>  Mit ihren drei Schichten sind diese pastellfarbenen Servietten nicht nur sch\u00f6n, sondern auch super saugf\u00e4hig! Sie wurden in Paris mit Liebe entworfen und in Europa aus FSC-Papier hergestellt, mit pflanzlicher Tinte gef\u00e4rbt und sind vollst\u00e4ndig recycelbar. Verleihen Sie Ihrer Party einen Hauch von Pastellzauber und beeindrucken Sie Ihre G\u00e4ste mit einer eleganten und umweltfreundlichen Dekoration! ?<\/p>\n","protected":false},"excerpt":{"rendered":"<p>Verleihen Sie Ihren Partys einen Hauch von Pastellzauber und beeindrucken Sie Ihre G\u00e4ste mit einer stilvollen und umweltfreundlichen Dekoration!<\/p>\n","protected":false},"featured_media":36322,"comment_status":"open","ping_status":"closed","template":"","meta":[],"product_cat":[729,185,708,221,554,183,385,299,195,181,161,189,147],"product_tag":[],"class_list":{"0":"post-42280","1":"product","2":"type-product","3":"status-publish","4":"has-post-thumbnail","6":"product_brand-mylittleday-de","7":"product_cat-unter-dem-meer","8":"product_cat-baby-shower-de","9":"product_cat-blumen","10":"product_cat-einhorn","11":"product_cat-fruhling","12":"product_cat-geburtstag","13":"product_cat-gender-reveal-party-de","14":"product_cat-meerjungfrauen","15":"product_cat-ostern","16":"product_cat-saisonal","17":"product_cat-servietten","18":"product_cat-sommer","19":"product_cat-verjaardags-en-feesttafelversieringen","21":"first","22":"instock","23":"taxable","24":"shipping-taxable","25":"purchasable","26":"product-type-simple"},"_links":{"self":[{"href":"https:\/\/camaleoparty.ch\/de\/wp-json\/wp\/v2\/product\/42280","targetHints":{"allow":["GET"]}}],"collection":[{"href":"https:\/\/camaleoparty.ch\/de\/wp-json\/wp\/v2\/product"}],"about":[{"href":"https:\/\/camaleoparty.ch\/de\/wp-json\/wp\/v2\/types\/product"}],"replies":[{"embeddable":true,"href":"https:\/\/camaleoparty.ch\/de\/wp-json\/wp\/v2\/comments?post=42280"}],"wp:featuredmedia":[{"embeddable":true,"href":"https:\/\/camaleoparty.ch\/de\/wp-json\/wp\/v2\/media\/36322"}],"wp:attachment":[{"href":"https:\/\/camaleoparty.ch\/de\/wp-json\/wp\/v2\/media?parent=42280"}],"wp:term":[{"taxonomy":"product_cat","embeddable":true,"href":"https:\/\/camaleoparty.ch\/de\/wp-json\/wp\/v2\/product_cat?post=42280"},{"taxonomy":"product_tag","embeddable":true,"href":"https:\/\/camaleoparty.ch\/de\/wp-json\/wp\/v2\/product_tag?post=42280"}],"curies":[{"name":"wp","href":"https:\/\/api.w.org\/{rel}","templated":true}]}}