{"id":42278,"date":"2023-11-10T12:13:24","date_gmt":"2024-07-27T16:39:53","guid":{"rendered":"https:\/\/pikasworld.ch\/product\/baby-shower-botanischer-fotorahmen-hey-baby\/"},"modified":"2024-11-08T13:45:05","modified_gmt":"2024-11-08T12:45:05","slug":"baby-shower-botanischer-fotorahmen-hey-baby","status":"publish","type":"product","link":"https:\/\/camaleoparty.ch\/de\/produkt\/baby-shower-botanischer-fotorahmen-hey-baby\/","title":{"rendered":"Baby Shower Botanischer Fotorahmen &#8222;Hey Baby&#8220;."},"content":{"rendered":"<p><font style=\"font-family: futura-pt, sans-serif;font-size: 16px;font-style: normal;font-weight: 400;letter-spacing: 1px;text-align: left;text-indent: 0px;text-transform: none;text-decoration: none;vertical-align: inherit\"><font style=\"vertical-align: inherit\">Schaffen Sie mit diesem wundersch\u00f6nen Babyparty-Fotorahmen zauberhafte Erinnerungen an Ihre Babyparty.  <\/font><\/font><\/p>\n<p><font style=\"font-family: futura-pt, sans-serif;font-size: 16px;font-style: normal;font-weight: 400;letter-spacing: 1px;text-align: left;text-indent: 0px;text-transform: none;text-decoration: none;vertical-align: inherit\"><font style=\"vertical-align: inherit\">Dieser trendige Bilderrahmen &#8222;Hey Baby&#8220; ist perfekt, um eine Fotoautomaten-Ecke einzurichten, in der Ihre G\u00e4ste Fotos machen k\u00f6nnen, die sie f\u00fcr immer behalten werden!  <\/font><\/font><\/p>\n<p><font style=\"font-family: futura-pt, sans-serif;font-size: 16px;font-style: normal;font-weight: 400;letter-spacing: 1px;text-align: left;text-indent: 0px;text-transform: none;text-decoration: none;vertical-align: inherit\"><font style=\"vertical-align: inherit\">Kombinieren Sie dieses sch\u00f6ne Schild mit unseren Baby Shower Dekorationen aus unserer beliebten Botanical Baby Serie.  <\/font><\/font><\/p>\n<p><font style=\"font-family: futura-pt, sans-serif;font-size: 16px;font-style: normal;font-weight: 400;letter-spacing: 1px;text-align: left;text-indent: 0px;text-transform: none;text-decoration: none;vertical-align: inherit\"><font style=\"vertical-align: inherit\">Diese pr\u00e4natale Partytafel enth\u00e4lt&nbsp;:  <\/font><\/font><br \/>\n<font style=\"font-family: futura-pt, sans-serif;font-size: 16px;font-style: normal;font-weight: 400;letter-spacing: 1px;text-align: left;text-indent: 0px;text-transform: none;text-decoration: none;vertical-align: inherit\"><font style=\"vertical-align: inherit\">1 x Photobooth-Rahmen mit den Ma\u00dfen 68 cm (H) x 68 cm (B)  <\/font><\/font><br \/>\n<font style=\"font-family: futura-pt, sans-serif;font-size: 16px;font-style: normal;font-weight: 400;letter-spacing: 1px;text-align: left;text-indent: 0px;text-transform: none;text-decoration: none;vertical-align: inherit\"><font style=\"vertical-align: inherit\">5 wei\u00dfe 5&#8243;-Ballons  <\/font><\/font><br \/>\n<font style=\"font-family: futura-pt, sans-serif;font-size: 16px;font-style: normal;font-weight: 400;letter-spacing: 1px;text-align: left;text-indent: 0px;text-transform: none;text-decoration: none;vertical-align: inherit\"><font style=\"vertical-align: inherit\">4 5&#8243;-Pfirsichballons  <\/font><\/font><br \/>\n<font style=\"font-family: futura-pt, sans-serif;font-size: 16px;font-style: normal;font-weight: 400;letter-spacing: 1px;text-align: left;text-indent: 0px;text-transform: none;text-decoration: none;vertical-align: inherit\"><font style=\"vertical-align: inherit\">5 Ballons mit 5&#8243; dunklem Salbei  <\/font><\/font><br \/>\n<font style=\"font-family: futura-pt, sans-serif;font-size: 16px;font-style: normal;font-weight: 400;letter-spacing: 1px;text-align: left;text-indent: 0px;text-transform: none;text-decoration: none;vertical-align: inherit\"><font style=\"vertical-align: inherit\">4 Ballons Salbei 5&#8243;  <\/font><\/font><br \/>\n<font style=\"font-family: futura-pt, sans-serif;font-size: 16px;font-style: normal;font-weight: 400;letter-spacing: 1px;text-align: left;text-indent: 0px;text-transform: none;text-decoration: none;vertical-align: inherit\"><font style=\"vertical-align: inherit\">1 x 2 m lange Kartenbl\u00e4tter zum Aufh\u00e4ngen,  <\/font><\/font><br \/>\n<font style=\"font-family: futura-pt, sans-serif;font-size: 16px;font-style: normal;font-weight: 400;letter-spacing: 1px;text-align: left;text-indent: 0px;text-transform: none;text-decoration: none;vertical-align: inherit\"><font style=\"vertical-align: inherit\">4 x Klebepads, 20 x Klebepunkte und 1 m transparente Schnur sind f\u00fcr eine einfache Montage enthalten.<\/font><\/font><\/p>\n","protected":false},"excerpt":{"rendered":"<p><font style=\"font-family: futura-pt, sans-serif;font-size: 16px;font-style: normal;font-weight: 400;letter-spacing: 1px;text-align: start;text-indent: 0px;text-transform: none;text-decoration: none;vertical-align: inherit\">Schaffen Sie magische Erinnerungen an Ihre Babyparty mit diesem wundersch\u00f6nen Babyparty-Fotorahmen.<span class=\"Apple-converted-space\">&nbsp;<\/span><\/font><font style=\"font-family: futura-pt, sans-serif;font-size: 16px;font-style: normal;font-weight: 400;letter-spacing: 1px;text-align: start;text-indent: 0px;text-transform: none;text-decoration: none;vertical-align: inherit\">Dieses Babyparty-Board enth\u00e4lt 1 Fotorahmen, 18 Luftballons (12,7 cm) in verschiedenen Farben, 1 Kartenblattdekoration, 4 Klebepads, 20 Klebepunkte und 1 m transparente Schnur.<\/font><\/p>\n","protected":false},"featured_media":36554,"comment_status":"open","ping_status":"closed","template":"","meta":[],"product_cat":[132,185,163,385,142,181],"product_tag":[],"class_list":{"0":"post-42278","1":"product","2":"type-product","3":"status-publish","4":"has-post-thumbnail","6":"product_brand-gingerray-de","7":"product_cat-animationen","8":"product_cat-baby-shower-de","9":"product_cat-dekoration","10":"product_cat-gender-reveal-party-de","11":"product_cat-photo-booth-de","12":"product_cat-saisonal","14":"first","15":"instock","16":"taxable","17":"shipping-taxable","18":"purchasable","19":"product-type-simple"},"_links":{"self":[{"href":"https:\/\/camaleoparty.ch\/de\/wp-json\/wp\/v2\/product\/42278","targetHints":{"allow":["GET"]}}],"collection":[{"href":"https:\/\/camaleoparty.ch\/de\/wp-json\/wp\/v2\/product"}],"about":[{"href":"https:\/\/camaleoparty.ch\/de\/wp-json\/wp\/v2\/types\/product"}],"replies":[{"embeddable":true,"href":"https:\/\/camaleoparty.ch\/de\/wp-json\/wp\/v2\/comments?post=42278"}],"wp:featuredmedia":[{"embeddable":true,"href":"https:\/\/camaleoparty.ch\/de\/wp-json\/wp\/v2\/media\/36554"}],"wp:attachment":[{"href":"https:\/\/camaleoparty.ch\/de\/wp-json\/wp\/v2\/media?parent=42278"}],"wp:term":[{"taxonomy":"product_cat","embeddable":true,"href":"https:\/\/camaleoparty.ch\/de\/wp-json\/wp\/v2\/product_cat?post=42278"},{"taxonomy":"product_tag","embeddable":true,"href":"https:\/\/camaleoparty.ch\/de\/wp-json\/wp\/v2\/product_tag?post=42278"}],"curies":[{"name":"wp","href":"https:\/\/api.w.org\/{rel}","templated":true}]}}