{"id":42277,"date":"2023-11-10T11:56:00","date_gmt":"2024-07-27T16:39:52","guid":{"rendered":"https:\/\/pikasworld.ch\/product\/dekorationen-fuer-cupcakes-hey-baby-sage\/"},"modified":"2024-11-08T13:45:07","modified_gmt":"2024-11-08T12:45:07","slug":"dekorationen-fuer-cupcakes-hey-baby-sage","status":"publish","type":"product","link":"https:\/\/camaleoparty.ch\/de\/produkt\/dekorationen-fuer-cupcakes-hey-baby-sage\/","title":{"rendered":"Dekorationen f\u00fcr Cupcakes &#8211; Hey Baby Sage"},"content":{"rendered":"<p><font style=\"font-family: futura-pt, sans-serif;font-size: 16px;font-style: normal;font-weight: 400;letter-spacing: 1px;text-align: left;text-indent: 0px;text-transform: none;text-decoration: none;vertical-align: inherit\"><font style=\"vertical-align: inherit\">Verleihen Sie Ihren Cupcakes den letzten Schliff mit diesen umweltfreundlichen Cupcake-Dekorationen f\u00fcr die Hey Baby Baby Babyparty.  <\/font><\/font><\/p>\n<p><font style=\"font-family: futura-pt, sans-serif;font-size: 16px;font-style: normal;font-weight: 400;letter-spacing: 1px;text-align: left;text-indent: 0px;text-transform: none;text-decoration: none;vertical-align: inherit\"><font style=\"vertical-align: inherit\">Das neutrale Design passt zu jedem Thema und macht sich hervorragend auf Ihrem S\u00fc\u00dfigkeitentisch.  <\/font><\/font><\/p>\n<p><font style=\"font-family: futura-pt, sans-serif;font-size: 16px;font-style: normal;font-weight: 400;letter-spacing: 1px;text-align: left;text-indent: 0px;text-transform: none;text-decoration: none;vertical-align: inherit\"><font style=\"vertical-align: inherit\">Kombinieren Sie diese wundersch\u00f6nen Kuchendekorationen f\u00fcr die Baby Shower mit anderen Baby Shower Dekorationen aus unserer beliebten Botanical Baby Serie.  <\/font><font style=\"vertical-align: inherit\">Diese Kollektion besteht aus nat\u00fcrlichen Materialien ohne sch\u00e4dliche Endprodukte f\u00fcr umweltbewusste werdende Eltern.  <\/font><\/font><\/p>\n<p><font style=\"font-family: futura-pt, sans-serif;font-size: 16px;font-style: normal;font-weight: 400;letter-spacing: 1px;text-align: left;text-indent: 0px;text-transform: none;text-decoration: none;vertical-align: inherit\"><font style=\"vertical-align: inherit\">Jede Packung enth\u00e4lt : <\/font><\/font><br \/>\n<font style=\"font-family: futura-pt, sans-serif;font-size: 16px;font-style: normal;font-weight: 400;letter-spacing: 1px;text-align: left;text-indent: 0px;text-transform: none;text-decoration: none;vertical-align: inherit\"><font style=\"vertical-align: inherit\">12 salbeigr\u00fcne Tortendekorationen f\u00fcr pr\u00e4natale Feiern, jede mit der Botschaft &#8222;Hey Baby&#8220;, 11,5 cm (H) x 9 cm (B) gro\u00df.<\/font><\/font><\/p>\n","protected":false},"excerpt":{"rendered":"<p><font style=\"font-family: futura-pt, sans-serif;font-size: 16px;font-style: normal;font-weight: 400;letter-spacing: 1px;text-align: start;text-indent: 0px;text-transform: none;text-decoration: none;vertical-align: inherit\">Verleihen Sie Ihren Cupcakes den letzten Schliff mit diesen umweltfreundlichen Hey Baby Baby Shower Cupcake-Dekorationen.<span class=\"Apple-converted-space\">&nbsp;<\/span><\/font><font style=\"font-family: futura-pt, sans-serif;font-size: 16px;font-style: normal;font-weight: 400;letter-spacing: 1px;text-align: start;text-indent: 0px;text-transform: none;text-decoration: none;vertical-align: inherit\">Jede Packung enth\u00e4lt 12 salbeigr\u00fcne Cupcake-Dekorationen f\u00fcr die Babyparty, jede mit der Botschaft &#8222;Hey Baby&#8220;, mit den Ma\u00dfen 11,5 cm (H) x 9 cm (B).<\/font><\/p>\n","protected":false},"featured_media":36535,"comment_status":"open","ping_status":"closed","template":"","meta":[],"product_cat":[185,151,330,385,181,147],"product_tag":[],"class_list":{"0":"post-42277","1":"product","2":"type-product","3":"status-publish","4":"has-post-thumbnail","6":"product_brand-gingerray-de","7":"product_cat-baby-shower-de","8":"product_cat-cake-toppers-de","9":"product_cat-cupcakes-de","10":"product_cat-gender-reveal-party-de","11":"product_cat-saisonal","12":"product_cat-verjaardags-en-feesttafelversieringen","14":"first","15":"instock","16":"taxable","17":"shipping-taxable","18":"purchasable","19":"product-type-simple"},"_links":{"self":[{"href":"https:\/\/camaleoparty.ch\/de\/wp-json\/wp\/v2\/product\/42277","targetHints":{"allow":["GET"]}}],"collection":[{"href":"https:\/\/camaleoparty.ch\/de\/wp-json\/wp\/v2\/product"}],"about":[{"href":"https:\/\/camaleoparty.ch\/de\/wp-json\/wp\/v2\/types\/product"}],"replies":[{"embeddable":true,"href":"https:\/\/camaleoparty.ch\/de\/wp-json\/wp\/v2\/comments?post=42277"}],"wp:featuredmedia":[{"embeddable":true,"href":"https:\/\/camaleoparty.ch\/de\/wp-json\/wp\/v2\/media\/36535"}],"wp:attachment":[{"href":"https:\/\/camaleoparty.ch\/de\/wp-json\/wp\/v2\/media?parent=42277"}],"wp:term":[{"taxonomy":"product_cat","embeddable":true,"href":"https:\/\/camaleoparty.ch\/de\/wp-json\/wp\/v2\/product_cat?post=42277"},{"taxonomy":"product_tag","embeddable":true,"href":"https:\/\/camaleoparty.ch\/de\/wp-json\/wp\/v2\/product_tag?post=42277"}],"curies":[{"name":"wp","href":"https:\/\/api.w.org\/{rel}","templated":true}]}}