{"id":42276,"date":"2023-11-06T19:26:47","date_gmt":"2024-07-27T16:39:47","guid":{"rendered":"https:\/\/pikasworld.ch\/product\/pastellfarbene-teller-8-stueck\/"},"modified":"2024-11-08T13:45:30","modified_gmt":"2024-11-08T12:45:30","slug":"pastellfarbene-teller-8-stueck","status":"publish","type":"product","link":"https:\/\/camaleoparty.ch\/de\/produkt\/pastellfarbene-teller-8-stueck\/","title":{"rendered":"Pastellfarbene Teller, 8 St\u00fcck"},"content":{"rendered":"<p>Entdecken Sie unsere weiche Pastellkollektion, perfekt f\u00fcr Geburtstage, Hochzeiten und Babyshowers! ? Diese 8 Pappteller in Pastellt\u00f6nen werden Ihrem Tisch einen sanften und eleganten Touch verleihen.<br \/>\nKombinieren Sie sie mit den Bechern und Servietten aus der Pastell-Kollektion f\u00fcr einen kompletten und harmonischen Tisch.  \u2728 Eigenschaften : <\/p>\n<ul>\n<li>Inhalt: 8 Teller<\/li>\n<li>Abmessungen: 1 x 22 x 22 cm<\/li>\n<li>Gewichte : 80g<\/li>\n<li>Zusammensetzung: FSC-Papier, pflanzliche Druckfarben, pflanzlicher Lack<\/li>\n<li>Design: In Paris entworfen, in Europa hergestellt<\/li>\n<\/ul>\n<p>  Die Pastellteller wurden in Paris mit Liebe entworfen und in Europa mit FSC-Papier hergestellt. Sie wurden mit pflanzlicher Tinte gef\u00e4rbt, um unseren sch\u00f6nen Planeten zu respektieren. Verleihen Sie Ihren Feiern einen Hauch von Pastellzauber und beeindrucken Sie Ihre G\u00e4ste mit einer eleganten und umweltfreundlichen Dekoration! ?<\/p>\n","protected":false},"excerpt":{"rendered":"<p>? Entdecken Sie unsere weiche Pastellkollektion, die perfekt f\u00fcr Geburtstage, Hochzeiten und Babyshowers ist! ?<\/p>\n","protected":false},"featured_media":36307,"comment_status":"open","ping_status":"closed","template":"","meta":[],"product_cat":[708,185,221,554,183,385,299,553,195,181,149,147],"product_tag":[],"class_list":{"0":"post-42276","1":"product","2":"type-product","3":"status-publish","4":"has-post-thumbnail","6":"product_brand-mylittleday-de","7":"product_cat-blumen","8":"product_cat-baby-shower-de","9":"product_cat-einhorn","10":"product_cat-fruhling","11":"product_cat-geburtstag","12":"product_cat-gender-reveal-party-de","13":"product_cat-meerjungfrauen","14":"product_cat-muttertag","15":"product_cat-ostern","16":"product_cat-saisonal","17":"product_cat-teller","18":"product_cat-verjaardags-en-feesttafelversieringen","20":"first","21":"instock","22":"taxable","23":"shipping-taxable","24":"purchasable","25":"product-type-simple"},"_links":{"self":[{"href":"https:\/\/camaleoparty.ch\/de\/wp-json\/wp\/v2\/product\/42276","targetHints":{"allow":["GET"]}}],"collection":[{"href":"https:\/\/camaleoparty.ch\/de\/wp-json\/wp\/v2\/product"}],"about":[{"href":"https:\/\/camaleoparty.ch\/de\/wp-json\/wp\/v2\/types\/product"}],"replies":[{"embeddable":true,"href":"https:\/\/camaleoparty.ch\/de\/wp-json\/wp\/v2\/comments?post=42276"}],"wp:featuredmedia":[{"embeddable":true,"href":"https:\/\/camaleoparty.ch\/de\/wp-json\/wp\/v2\/media\/36307"}],"wp:attachment":[{"href":"https:\/\/camaleoparty.ch\/de\/wp-json\/wp\/v2\/media?parent=42276"}],"wp:term":[{"taxonomy":"product_cat","embeddable":true,"href":"https:\/\/camaleoparty.ch\/de\/wp-json\/wp\/v2\/product_cat?post=42276"},{"taxonomy":"product_tag","embeddable":true,"href":"https:\/\/camaleoparty.ch\/de\/wp-json\/wp\/v2\/product_tag?post=42276"}],"curies":[{"name":"wp","href":"https:\/\/api.w.org\/{rel}","templated":true}]}}