{"id":42263,"date":"2024-02-02T10:19:52","date_gmt":"2024-07-27T16:38:08","guid":{"rendered":"https:\/\/pikasworld.ch\/product\/waffen-aus-dem-wilden-westen\/"},"modified":"2024-11-08T13:37:23","modified_gmt":"2024-11-08T12:37:23","slug":"waffen-aus-dem-wilden-westen","status":"publish","type":"product","link":"https:\/\/camaleoparty.ch\/de\/produkt\/waffen-aus-dem-wilden-westen\/","title":{"rendered":"Waffen aus dem Wilden Westen"},"content":{"rendered":"<p>Wild West Waffen-Set, grau, mit Halftern, Kugeln und Abzeichen F\u00fchlen Sie sich wie ein echter Cowboy mit diesem Wild West Waffen-Set.<br \/>\nEnth\u00e4lt Waffen, Holster, Kugeln und ein Abzeichen.<br \/>\nMit diesem Zubeh\u00f6r werden Sie sicherlich wie eine Autorit\u00e4t aussehen.  <\/p>\n","protected":false},"excerpt":{"rendered":"<p>Wild West Waffen-Set, grau, mit Halftern, Kugeln und Abzeichen F\u00fchlen Sie sich wie ein echter Cowboy mit diesem Wild West Waffen-Set. Enth\u00e4lt Waffen, Holster, Kugeln und ein Abzeichen. Mit diesem Zubeh\u00f6r werden Sie sicherlich wie eine Autorit\u00e4t aussehen.<\/p>\n","protected":false},"featured_media":38096,"comment_status":"open","ping_status":"closed","template":"","meta":[],"product_cat":[261,136,853],"product_tag":[],"class_list":{"0":"post-42263","1":"product","2":"type-product","3":"status-publish","4":"has-post-thumbnail","6":"product_cat-indianer-cowboy","7":"product_cat-kostueme","8":"product_cat-zubehor","10":"first","11":"instock","12":"sale","13":"taxable","14":"shipping-taxable","15":"purchasable","16":"product-type-simple"},"_links":{"self":[{"href":"https:\/\/camaleoparty.ch\/de\/wp-json\/wp\/v2\/product\/42263","targetHints":{"allow":["GET"]}}],"collection":[{"href":"https:\/\/camaleoparty.ch\/de\/wp-json\/wp\/v2\/product"}],"about":[{"href":"https:\/\/camaleoparty.ch\/de\/wp-json\/wp\/v2\/types\/product"}],"replies":[{"embeddable":true,"href":"https:\/\/camaleoparty.ch\/de\/wp-json\/wp\/v2\/comments?post=42263"}],"wp:featuredmedia":[{"embeddable":true,"href":"https:\/\/camaleoparty.ch\/de\/wp-json\/wp\/v2\/media\/38096"}],"wp:attachment":[{"href":"https:\/\/camaleoparty.ch\/de\/wp-json\/wp\/v2\/media?parent=42263"}],"wp:term":[{"taxonomy":"product_cat","embeddable":true,"href":"https:\/\/camaleoparty.ch\/de\/wp-json\/wp\/v2\/product_cat?post=42263"},{"taxonomy":"product_tag","embeddable":true,"href":"https:\/\/camaleoparty.ch\/de\/wp-json\/wp\/v2\/product_tag?post=42263"}],"curies":[{"name":"wp","href":"https:\/\/api.w.org\/{rel}","templated":true}]}}