{"id":42261,"date":"2024-02-02T09:51:21","date_gmt":"2024-07-27T16:38:07","guid":{"rendered":"https:\/\/pikasworld.ch\/product\/sporty-power-peruecke\/"},"modified":"2024-11-08T13:37:24","modified_gmt":"2024-11-08T12:37:24","slug":"sporty-power-peruecke","status":"publish","type":"product","link":"https:\/\/camaleoparty.ch\/de\/produkt\/sporty-power-peruecke\/","title":{"rendered":"Sporty Power Per\u00fccke"},"content":{"rendered":"<p>Sporty Power Per\u00fccke, braun, brauner Pferdeschwanz Vervollst\u00e4ndigen Sie Ihr Kost\u00fcm als Sporty Power Ikone der 1990er Jahre mit der Sporty Power Per\u00fccke. M\u00e4dchenpower!<\/p>\n","protected":false},"excerpt":{"rendered":"<p>Sporty Power Per\u00fccke, braun, brauner Pferdeschwanz Vervollst\u00e4ndigen Sie Ihr Kost\u00fcm als Sporty Power Ikone der 1990er Jahre mit der Sporty Power Per\u00fccke. M\u00e4dchenpower!<\/p>\n","protected":false},"featured_media":38092,"comment_status":"open","ping_status":"closed","template":"","meta":[],"product_cat":[716,136,853],"product_tag":[],"class_list":{"0":"post-42261","1":"product","2":"type-product","3":"status-publish","4":"has-post-thumbnail","6":"product_cat-frau","7":"product_cat-kostueme","8":"product_cat-zubehor","10":"first","11":"instock","12":"sale","13":"taxable","14":"shipping-taxable","15":"purchasable","16":"product-type-simple"},"_links":{"self":[{"href":"https:\/\/camaleoparty.ch\/de\/wp-json\/wp\/v2\/product\/42261","targetHints":{"allow":["GET"]}}],"collection":[{"href":"https:\/\/camaleoparty.ch\/de\/wp-json\/wp\/v2\/product"}],"about":[{"href":"https:\/\/camaleoparty.ch\/de\/wp-json\/wp\/v2\/types\/product"}],"replies":[{"embeddable":true,"href":"https:\/\/camaleoparty.ch\/de\/wp-json\/wp\/v2\/comments?post=42261"}],"wp:featuredmedia":[{"embeddable":true,"href":"https:\/\/camaleoparty.ch\/de\/wp-json\/wp\/v2\/media\/38092"}],"wp:attachment":[{"href":"https:\/\/camaleoparty.ch\/de\/wp-json\/wp\/v2\/media?parent=42261"}],"wp:term":[{"taxonomy":"product_cat","embeddable":true,"href":"https:\/\/camaleoparty.ch\/de\/wp-json\/wp\/v2\/product_cat?post=42261"},{"taxonomy":"product_tag","embeddable":true,"href":"https:\/\/camaleoparty.ch\/de\/wp-json\/wp\/v2\/product_tag?post=42261"}],"curies":[{"name":"wp","href":"https:\/\/api.w.org\/{rel}","templated":true}]}}