{"id":42253,"date":"2023-12-11T12:45:19","date_gmt":"2024-07-27T16:26:59","guid":{"rendered":"https:\/\/pikasworld.ch\/product\/konfetti-sterne-gold-weiss\/"},"modified":"2024-11-08T13:43:22","modified_gmt":"2024-11-08T12:43:22","slug":"konfetti-sterne-gold-weiss","status":"publish","type":"product","link":"https:\/\/camaleoparty.ch\/de\/produkt\/konfetti-sterne-gold-weiss\/","title":{"rendered":"Konfetti Sterne gold-wei\u00df"},"content":{"rendered":"<p><font style=\"font-family: mark2;font-size: 14px;font-style: normal;font-weight: 400;letter-spacing: normal;text-align: start;text-indent: 0px;text-transform: none;text-decoration: none;vertical-align: inherit\">Mit diesem Konfetti bekommen Sie nicht nur eine Handvoll Konfetti<span class=\"Apple-converted-space\">&nbsp;<\/span> <\/font><font style=\"font-family: mark2;font-size: 14px;font-style: normal;font-weight: 400;letter-spacing: normal;text-align: start;text-indent: 0px;text-transform: none;text-decoration: none;vertical-align: inherit\">Das ist viel und reicht f\u00fcr einen gro\u00dfen Tisch und sieht auch noch h\u00fcbsch aus<span class=\"Apple-converted-space\">&nbsp;<\/span><\/font><font style=\"font-family: mark2;font-size: 14px;font-style: normal;font-weight: 400;letter-spacing: normal;text-align: start;text-indent: 0px;text-transform: none;text-decoration: none;vertical-align: inherit\">Goldene oder silberne Sterne in verschiedenen Gr\u00f6\u00dfen<span class=\"Apple-converted-space\">&nbsp;<\/span> <\/font><font style=\"font-family: mark2;font-size: 14px;font-style: normal;font-weight: 400;letter-spacing: normal;text-align: start;text-indent: 0px;text-transform: none;text-decoration: none;vertical-align: inherit\">Ein tolles Konfetti, um den Tisch zu dekorieren, eine Konfettibombe f\u00fcr das Brautpaar herstellen oder die Pinata f\u00fcllen!<\/font><\/p>\n","protected":false},"excerpt":{"rendered":"<p>Mit diesem Konfetti bekommen Sie nicht nur eine Handvoll Konfetti&nbsp; Das ist viel und reicht f\u00fcr einen gro\u00dfen Tisch und sieht auch noch h\u00fcbsch aus&nbsp;Goldene oder silberne Sterne in verschiedenen Gr\u00f6\u00dfen&nbsp; Ein tolles Konfetti, um den Tisch zu dekorieren, eine Konfettibombe f\u00fcr das Brautpaar herstellen oder die Pinata f\u00fcllen!<\/p>\n","protected":false},"featured_media":37276,"comment_status":"open","ping_status":"closed","template":"","meta":[],"product_cat":[912,185,163,221,183,1212,191,171,181,1071,631,147,193,340],"product_tag":[],"class_list":{"0":"post-42253","1":"product","2":"type-product","3":"status-publish","4":"has-post-thumbnail","6":"product_cat-weihnachtsdekoration","7":"product_cat-baby-shower-de","8":"product_cat-dekoration","9":"product_cat-einhorn","10":"product_cat-geburtstag","11":"product_cat-goldfarben","12":"product_cat-hochzeit","13":"product_cat-konfetti","14":"product_cat-saisonal","15":"product_cat-silvesterabend","16":"product_cat-tischkonfetti","17":"product_cat-verjaardags-en-feesttafelversieringen","18":"product_cat-weihnachten","19":"product_cat-weltraum","21":"first","22":"instock","23":"taxable","24":"shipping-taxable","25":"purchasable","26":"product-type-simple"},"_links":{"self":[{"href":"https:\/\/camaleoparty.ch\/de\/wp-json\/wp\/v2\/product\/42253","targetHints":{"allow":["GET"]}}],"collection":[{"href":"https:\/\/camaleoparty.ch\/de\/wp-json\/wp\/v2\/product"}],"about":[{"href":"https:\/\/camaleoparty.ch\/de\/wp-json\/wp\/v2\/types\/product"}],"replies":[{"embeddable":true,"href":"https:\/\/camaleoparty.ch\/de\/wp-json\/wp\/v2\/comments?post=42253"}],"wp:featuredmedia":[{"embeddable":true,"href":"https:\/\/camaleoparty.ch\/de\/wp-json\/wp\/v2\/media\/37276"}],"wp:attachment":[{"href":"https:\/\/camaleoparty.ch\/de\/wp-json\/wp\/v2\/media?parent=42253"}],"wp:term":[{"taxonomy":"product_cat","embeddable":true,"href":"https:\/\/camaleoparty.ch\/de\/wp-json\/wp\/v2\/product_cat?post=42253"},{"taxonomy":"product_tag","embeddable":true,"href":"https:\/\/camaleoparty.ch\/de\/wp-json\/wp\/v2\/product_tag?post=42253"}],"curies":[{"name":"wp","href":"https:\/\/api.w.org\/{rel}","templated":true}]}}