{"id":42250,"date":"2023-09-26T18:28:00","date_gmt":"2024-07-27T16:22:10","guid":{"rendered":"https:\/\/pikasworld.ch\/product\/teller-feuerhund-8st\/"},"modified":"2024-11-08T13:51:26","modified_gmt":"2024-11-08T12:51:26","slug":"teller-feuerhund-8st","status":"publish","type":"product","link":"https:\/\/camaleoparty.ch\/de\/produkt\/teller-feuerhund-8st\/","title":{"rendered":"Teller &#8211; Feuerhund, 8St"},"content":{"rendered":"<p><strong>Pin-pon pin-pon! <\/strong> Unser Feuerwehrhund kommt zur Rettung, um die Kinder zu erfreuen! Entdecken Sie diese 8 Pappteller, die von My Little Day erdacht wurden, perfekt f\u00fcr einen Feuerwehrgeburtstag. Kombinieren Sie sie mit den Bechern und Servietten aus der Feuerwehr-Kollektion f\u00fcr einen kompletten Tisch voller Schwung. Diese in Paris entworfenen und in Europa hergestellten Pompier-Teller, sind umweltfreundlich, da sie aus FSC-Papier und pflanzlichen Druckfarben bestehen.    <strong>Incendiary Details:<\/strong><\/p>\n<ul>\n<li><strong>Inhalt<\/strong>: 8 Teller, die bereit sind, kleine Helden zu beeindrucken<\/li>\n<li><strong>Zusammensetzung<\/strong>: FSC-Papier, pflanzliche Druckfarben, pflanzlicher Lack ( weil die Rettung des Planeten, ist auch eine wichtige Aufgabe!)<\/li>\n<li><strong> Produktabmessungen<\/strong>: 1 x 22 x 22 cm, perfekt f\u00fcr die Ausrichtung eines Geburtstagsfestes<\/li>\n<li><strong> Verpackungsma\u00dfe<\/strong>: 2 x 22 x 22 cm, praktisch und kompakt<\/li>\n<li><strong>Gewicht<\/strong>: 80 g, leicht, aber robust, um alle Leckereien zu tragen<\/li>\n<\/ul>\n<p> Stellen Sie sich die staunenden Kinderaugen vor , wenn Sie einen einen Tisch, der mit diesen Feuerwehrtellern dekoriert ist. Der Feuerwehrhund wird zu ihrem Lieblingshelden und der Geburtstag wird zu einem spannenden Abenteuer! Diese Teller sind ideal f\u00fcr eine Party bei der jedes Detail z\u00e4hlt und der Spa\u00df im Vordergrund steht.Sie sich freuen. Sind Sie also bereit, die Party mit Stil zu entfachen? Los, bringen Sie die Sirenen zum Gl\u00fchen und lassen Sie das Kinderlachen den Raum erf\u00fcllen!    <\/p>\n","protected":false},"excerpt":{"rendered":"<p>Der Feuerwehrhund wird zum Lieblingshelden und der Geburtstag wird zu einem spannenden Abenteuer! Diese Teller sind ideal f\u00fcr eine Party, bei der jedes Detail z\u00e4hlt und Spa\u00df garantiert ist.  &nbsp;<\/p>\n","protected":false},"featured_media":35390,"comment_status":"open","ping_status":"closed","template":"","meta":[],"product_cat":[585,773,299,149],"product_tag":[],"class_list":{"0":"post-42250","1":"product","2":"type-product","3":"status-publish","4":"has-post-thumbnail","6":"product_brand-mylittleday-de","7":"product_cat-feuerwehrmann","8":"product_cat-hund","9":"product_cat-meerjungfrauen","10":"product_cat-teller","12":"first","13":"instock","14":"taxable","15":"shipping-taxable","16":"purchasable","17":"product-type-simple"},"_links":{"self":[{"href":"https:\/\/camaleoparty.ch\/de\/wp-json\/wp\/v2\/product\/42250","targetHints":{"allow":["GET"]}}],"collection":[{"href":"https:\/\/camaleoparty.ch\/de\/wp-json\/wp\/v2\/product"}],"about":[{"href":"https:\/\/camaleoparty.ch\/de\/wp-json\/wp\/v2\/types\/product"}],"replies":[{"embeddable":true,"href":"https:\/\/camaleoparty.ch\/de\/wp-json\/wp\/v2\/comments?post=42250"}],"wp:featuredmedia":[{"embeddable":true,"href":"https:\/\/camaleoparty.ch\/de\/wp-json\/wp\/v2\/media\/35390"}],"wp:attachment":[{"href":"https:\/\/camaleoparty.ch\/de\/wp-json\/wp\/v2\/media?parent=42250"}],"wp:term":[{"taxonomy":"product_cat","embeddable":true,"href":"https:\/\/camaleoparty.ch\/de\/wp-json\/wp\/v2\/product_cat?post=42250"},{"taxonomy":"product_tag","embeddable":true,"href":"https:\/\/camaleoparty.ch\/de\/wp-json\/wp\/v2\/product_tag?post=42250"}],"curies":[{"name":"wp","href":"https:\/\/api.w.org\/{rel}","templated":true}]}}