{"id":42247,"date":"2023-09-25T15:45:00","date_gmt":"2024-07-27T16:19:49","guid":{"rendered":"https:\/\/pikasworld.ch\/product\/mylar-ballon-stehend-ziffer-2-blue\/"},"modified":"2024-11-08T13:51:33","modified_gmt":"2024-11-08T12:51:33","slug":"mylar-ballon-stehend-ziffer-2-blue","status":"publish","type":"product","link":"https:\/\/camaleoparty.ch\/de\/produkt\/mylar-ballon-stehend-ziffer-2-blue\/","title":{"rendered":"Mylar-Ballon stehend, Ziffer &#8220;2&#8220;, blue"},"content":{"rendered":"<p>Stehender Ballon aus metallisiertem Mylar, Ziffer &#8220;2&#8220; in blauer Farbe mit einer goldenen Krone, Gr\u00f6\u00dfe vor dem Aufblasen 103 cm (40.5&#8220;), Gr\u00f6\u00dfe nach dem Aufblasen 84 cm (33&#8220;) . Mit Luft aufzublasen<\/p>\n","protected":false},"excerpt":{"rendered":"<p>Stehender Ballon aus metallisiertem Mylar, Ziffer &#8220;2&#8220; in blauer Farbe mit einer goldenen Krone, Gr\u00f6\u00dfe vor dem Aufblasen 103 cm (40.5&#8220;), Gr\u00f6\u00dfe nach dem Aufblasen 84 cm (33&#8220;) . Mit Luft aufzublasen<\/p>\n","protected":false},"featured_media":35367,"comment_status":"open","ping_status":"closed","template":"","meta":[],"product_cat":[283,1213,274,742],"product_tag":[],"class_list":{"0":"post-42247","1":"product","2":"type-product","3":"status-publish","4":"has-post-thumbnail","6":"product_brand-partydeco-de","7":"product_cat-ballons-buchstaben-und-zahlen","8":"product_cat-farbe-blau","9":"product_cat-folienballons","10":"product_cat-katze","12":"first","13":"instock","14":"taxable","15":"shipping-taxable","16":"purchasable","17":"product-type-simple"},"_links":{"self":[{"href":"https:\/\/camaleoparty.ch\/de\/wp-json\/wp\/v2\/product\/42247","targetHints":{"allow":["GET"]}}],"collection":[{"href":"https:\/\/camaleoparty.ch\/de\/wp-json\/wp\/v2\/product"}],"about":[{"href":"https:\/\/camaleoparty.ch\/de\/wp-json\/wp\/v2\/types\/product"}],"replies":[{"embeddable":true,"href":"https:\/\/camaleoparty.ch\/de\/wp-json\/wp\/v2\/comments?post=42247"}],"wp:featuredmedia":[{"embeddable":true,"href":"https:\/\/camaleoparty.ch\/de\/wp-json\/wp\/v2\/media\/35367"}],"wp:attachment":[{"href":"https:\/\/camaleoparty.ch\/de\/wp-json\/wp\/v2\/media?parent=42247"}],"wp:term":[{"taxonomy":"product_cat","embeddable":true,"href":"https:\/\/camaleoparty.ch\/de\/wp-json\/wp\/v2\/product_cat?post=42247"},{"taxonomy":"product_tag","embeddable":true,"href":"https:\/\/camaleoparty.ch\/de\/wp-json\/wp\/v2\/product_tag?post=42247"}],"curies":[{"name":"wp","href":"https:\/\/api.w.org\/{rel}","templated":true}]}}