{"id":42244,"date":"2023-10-02T23:17:00","date_gmt":"2024-07-27T16:18:01","guid":{"rendered":"https:\/\/pikasworld.ch\/product\/servietten-maus\/"},"modified":"2024-11-08T13:51:24","modified_gmt":"2024-11-08T12:51:24","slug":"servietten-maus","status":"publish","type":"product","link":"https:\/\/camaleoparty.ch\/de\/produkt\/servietten-maus\/","title":{"rendered":"Servietten Maus"},"content":{"rendered":"<p>Papierservietten Maus, Farbe hellrosa mit ros\u00e9goldenem Aufdruck. Gr\u00f6\u00dfeeines aufgefalteten Handtuchs 32 x 20 cm und gefaltet ca. 16 x 10 cm. (1 Packung &#8211; 20 St\u00fcck)<\/p>\n","protected":false},"excerpt":{"rendered":"<p>Sie suchen h\u00fcbsche Servietten f\u00fcr einen Geburtstag, Sie suchen Servietten f\u00fcr die Babyparty oder die Taufe eines kleinen M\u00e4dchens? Hier sind h\u00fcbsche Servietten in rosa Farbe und in Form einer Maus. So s\u00fc\u00df!<\/p>\n","protected":false},"featured_media":35420,"comment_status":"open","ping_status":"closed","template":"","meta":[],"product_cat":[185,183,1204,161],"product_tag":[],"class_list":{"0":"post-42244","1":"product","2":"type-product","3":"status-publish","4":"has-post-thumbnail","6":"product_brand-partydeco-de","7":"product_cat-baby-shower-de","8":"product_cat-geburtstag","9":"product_cat-rosa","10":"product_cat-servietten","12":"first","13":"instock","14":"featured","15":"taxable","16":"shipping-taxable","17":"purchasable","18":"product-type-simple"},"_links":{"self":[{"href":"https:\/\/camaleoparty.ch\/de\/wp-json\/wp\/v2\/product\/42244","targetHints":{"allow":["GET"]}}],"collection":[{"href":"https:\/\/camaleoparty.ch\/de\/wp-json\/wp\/v2\/product"}],"about":[{"href":"https:\/\/camaleoparty.ch\/de\/wp-json\/wp\/v2\/types\/product"}],"replies":[{"embeddable":true,"href":"https:\/\/camaleoparty.ch\/de\/wp-json\/wp\/v2\/comments?post=42244"}],"wp:featuredmedia":[{"embeddable":true,"href":"https:\/\/camaleoparty.ch\/de\/wp-json\/wp\/v2\/media\/35420"}],"wp:attachment":[{"href":"https:\/\/camaleoparty.ch\/de\/wp-json\/wp\/v2\/media?parent=42244"}],"wp:term":[{"taxonomy":"product_cat","embeddable":true,"href":"https:\/\/camaleoparty.ch\/de\/wp-json\/wp\/v2\/product_cat?post=42244"},{"taxonomy":"product_tag","embeddable":true,"href":"https:\/\/camaleoparty.ch\/de\/wp-json\/wp\/v2\/product_tag?post=42244"}],"curies":[{"name":"wp","href":"https:\/\/api.w.org\/{rel}","templated":true}]}}