{"id":42242,"date":"2023-10-05T17:07:00","date_gmt":"2023-10-05T16:07:00","guid":{"rendered":"https:\/\/pikasworld.ch\/product\/tassen-feuerhunde-8-stueck\/"},"modified":"2024-11-08T13:51:17","modified_gmt":"2024-11-08T12:51:17","slug":"tassen-feuerhunde-8-stueck","status":"publish","type":"product","link":"https:\/\/camaleoparty.ch\/de\/produkt\/tassen-feuerhunde-8-stueck\/","title":{"rendered":"Tassen &#8211; Feuerhunde, 8 St\u00fcck."},"content":{"rendered":"<p><strong>Verwandeln Sie Ihre Party in ein heldenhaftes Abenteuer mit unseren Pappbechern im Design von Feuerwehrhunden!<\/strong> Diese niedlichen Becher werden jeder Party einen Hauch von Mut und Spa\u00df verleihen. <strong> Produktinfos:<\/strong><\/p>\n<ul>\n<li><strong>Inhalt: <\/strong>205 ML<\/li>\n<li><strong>Inhalt :<\/strong> 8 Kelche<\/li>\n<li><strong>Zusammensetzung:<\/strong> FSC-Papier &#8211; pflanzliche Druckfarben &#8211; pflanzlicher Lack<\/li>\n<li><strong>Produktabmessungen:<\/strong> 7 x 7 x 9 cm<\/li>\n<li><strong>Abmessungen Verpackung:<\/strong> 7 x 7 x 15,5 cm<\/li>\n<li><strong>Gewicht:<\/strong> 50 g<\/li>\n<li><strong>Herkunft:<\/strong> Europa<\/li>\n<li><strong>Design:<\/strong> Paris<\/li>\n<\/ul>\n<p><strong>Merkmale<\/strong><\/p>\n<ul>\n<li><strong>\u00d6kologisch und verantwortungsvoll:<\/strong> In Europa aus FSC-Papier, pflanzlichen Druckfarben und einem pflanzlichen Lack hergestellt, sind diese Becher eine nachhaltige und umweltfreundliche Wahl.<\/li>\n<li><strong>Adorable Design :<\/strong> Die Becher zeigen ein farbenfrohes Design mit Feuerwehrhunden, perfekt, um Kinder und Liebhaber von Hunden und Feuerwehrleuten in Staunen zu versetzen.<\/li>\n<li><strong>Perfekt f\u00fcr Partys:<\/strong> Ideal f\u00fcr Geburtstage, Feuerwehr-Themenpartys, Teepartys und vieles mehr.<\/li>\n<\/ul>\n<p><strong>Themenvorschl\u00e4ge:<\/strong><\/p>\n<ul>\n<li><strong>Geburtstagsparty Feuerwehr:<\/strong> Vervollst\u00e4ndige mit Dekorationen von Feuerwehrautos, Helmen und Sirenen f\u00fcr eine heldenhafte Party.<\/li>\n<li><strong>Party f\u00fcr Hunde und Katzen :<\/strong> Kombinieren Sie diese Becher mit Accessoires mit Tiermotiven f\u00fcr eine s\u00fc\u00dfe Feier.<\/li>\n<li><strong> Heldenparty:<\/strong> Schaffen Sie eine Atmosph\u00e4re der Tapferkeit mit Dekorationselementen von Superhelden und Feuerwehrleuten.<\/li>\n<\/ul>\n<p> Machen Sie jeden Schluck heldenhaft und jede Party unvergesslich! mit unseren Pappbechern im Design eines Feuerwehrhundes. Auf die Pl\u00e4tze, fertig, trinken! \ud83d\ude42<\/p>\n","protected":false},"excerpt":{"rendered":"<p>Machen Sie jeden Schluck heldenhaft und jede Party unvergesslich! mit unseren Pappbechern im Design eines Feuerwehrhundes. \u00c0 vos marques, pr\u00eats, buvez ! \ud83d\ude42<\/p>\n","protected":false},"featured_media":35454,"comment_status":"open","ping_status":"closed","template":"","meta":[],"product_cat":[585,157,183,773,299,181],"product_tag":[],"class_list":{"0":"post-42242","1":"product","2":"type-product","3":"status-publish","4":"has-post-thumbnail","6":"product_brand-mylittleday-de","7":"product_cat-feuerwehrmann","8":"product_cat-becher","9":"product_cat-geburtstag","10":"product_cat-hund","11":"product_cat-meerjungfrauen","12":"product_cat-saisonal","14":"first","15":"instock","16":"taxable","17":"shipping-taxable","18":"purchasable","19":"product-type-simple"},"_links":{"self":[{"href":"https:\/\/camaleoparty.ch\/de\/wp-json\/wp\/v2\/product\/42242","targetHints":{"allow":["GET"]}}],"collection":[{"href":"https:\/\/camaleoparty.ch\/de\/wp-json\/wp\/v2\/product"}],"about":[{"href":"https:\/\/camaleoparty.ch\/de\/wp-json\/wp\/v2\/types\/product"}],"replies":[{"embeddable":true,"href":"https:\/\/camaleoparty.ch\/de\/wp-json\/wp\/v2\/comments?post=42242"}],"wp:featuredmedia":[{"embeddable":true,"href":"https:\/\/camaleoparty.ch\/de\/wp-json\/wp\/v2\/media\/35454"}],"wp:attachment":[{"href":"https:\/\/camaleoparty.ch\/de\/wp-json\/wp\/v2\/media?parent=42242"}],"wp:term":[{"taxonomy":"product_cat","embeddable":true,"href":"https:\/\/camaleoparty.ch\/de\/wp-json\/wp\/v2\/product_cat?post=42242"},{"taxonomy":"product_tag","embeddable":true,"href":"https:\/\/camaleoparty.ch\/de\/wp-json\/wp\/v2\/product_tag?post=42242"}],"curies":[{"name":"wp","href":"https:\/\/api.w.org\/{rel}","templated":true}]}}