{"id":42237,"date":"2023-10-08T05:32:50","date_gmt":"2024-07-27T15:50:27","guid":{"rendered":"https:\/\/pikasworld.ch\/product\/teller-erbse-weiss\/"},"modified":"2024-11-08T13:51:04","modified_gmt":"2024-11-08T12:51:04","slug":"teller-erbse-weiss","status":"publish","type":"product","link":"https:\/\/camaleoparty.ch\/de\/produkt\/teller-erbse-weiss\/","title":{"rendered":"Teller, Erbse, wei\u00df,"},"content":{"rendered":"<p><span>Wei\u00dfe Papierteller mit Erbsenmuster in der Farbe Ros\u00e9gold, Durchmesser ca. 18 cm.<\/span><br \/>\n<span>(1 pqt. \/ 6 pc.)<\/span><\/p>\n","protected":false},"excerpt":{"rendered":"<p>Wei\u00dfe Papierteller mit Erbsenmuster in der Farbe Ros\u00e9gold, Durchmesser ca. 18 cm. (1 pqt. \/ 6 pc.)<\/p>\n","protected":false},"featured_media":35483,"comment_status":"open","ping_status":"closed","template":"","meta":[],"product_cat":[185,183,385,553,195,591,149],"product_tag":[],"class_list":{"0":"post-42237","1":"product","2":"type-product","3":"status-publish","4":"has-post-thumbnail","6":"product_cat-baby-shower-de","7":"product_cat-geburtstag","8":"product_cat-gender-reveal-party-de","9":"product_cat-muttertag","10":"product_cat-ostern","11":"product_cat-prinzessin-de","12":"product_cat-teller","14":"first","15":"instock","16":"taxable","17":"shipping-taxable","18":"purchasable","19":"product-type-simple"},"_links":{"self":[{"href":"https:\/\/camaleoparty.ch\/de\/wp-json\/wp\/v2\/product\/42237","targetHints":{"allow":["GET"]}}],"collection":[{"href":"https:\/\/camaleoparty.ch\/de\/wp-json\/wp\/v2\/product"}],"about":[{"href":"https:\/\/camaleoparty.ch\/de\/wp-json\/wp\/v2\/types\/product"}],"replies":[{"embeddable":true,"href":"https:\/\/camaleoparty.ch\/de\/wp-json\/wp\/v2\/comments?post=42237"}],"wp:featuredmedia":[{"embeddable":true,"href":"https:\/\/camaleoparty.ch\/de\/wp-json\/wp\/v2\/media\/35483"}],"wp:attachment":[{"href":"https:\/\/camaleoparty.ch\/de\/wp-json\/wp\/v2\/media?parent=42237"}],"wp:term":[{"taxonomy":"product_cat","embeddable":true,"href":"https:\/\/camaleoparty.ch\/de\/wp-json\/wp\/v2\/product_cat?post=42237"},{"taxonomy":"product_tag","embeddable":true,"href":"https:\/\/camaleoparty.ch\/de\/wp-json\/wp\/v2\/product_tag?post=42237"}],"curies":[{"name":"wp","href":"https:\/\/api.w.org\/{rel}","templated":true}]}}