{"id":42214,"date":"2022-02-02T10:06:07","date_gmt":"2024-07-27T14:09:33","guid":{"rendered":"https:\/\/pikasworld.ch\/product\/kostuem-cool-running-l\/"},"modified":"2024-11-08T13:54:12","modified_gmt":"2024-11-08T12:54:12","slug":"kostuem-cool-running-l","status":"publish","type":"product","link":"https:\/\/camaleoparty.ch\/de\/produkt\/kostuem-cool-running-l\/","title":{"rendered":"Kost\u00fcm Cool Running L"},"content":{"rendered":"<p class=\"_28cEs\" data-hook=\"description\">Cooler Rasta! Dieser Jamaika-Anzug ist f\u00fcr Erwachsene (Per\u00fccke und Schuhe nicht inbegriffen). Sie ist schwarz und hat gr\u00fcne und gelbe Eins\u00e4tze auf der rechten Seite. Praktisch, Sie hat einen Rei\u00dfverschluss im R\u00fccken und eine \u00d6ffnung mit Klettverschluss im Schritt. Dieses Kost\u00fcm ist perfekt f\u00fcr eine Bobfahrt oder den Besuch einer Kost\u00fcmparty.<\/p>\n<p data-hook=\"description\">\n<p data-hook=\"description\">Gr\u00f6\u00dfe L<\/p>\n","protected":false},"excerpt":{"rendered":"<p class=\"_28cEs\" data-hook=\"description\">Cooler Rasta! Dieser Jamaika-Anzug ist f\u00fcr Erwachsene (Per\u00fccke und Schuhe nicht inbegriffen). Sie ist schwarz und hat gr\u00fcne und gelbe Eins\u00e4tze auf der rechten Seite. Praktisch, Sie hat einen Rei\u00dfverschluss im R\u00fccken und eine \u00d6ffnung mit Klettverschluss im Schritt. Dieses Kost\u00fcm ist perfekt f\u00fcr eine Bobfahrt oder den Besuch einer Kost\u00fcmparty.<\/p>\n<p data-hook=\"description\">\n<p data-hook=\"description\">Gr\u00f6\u00dfe L<\/p>\n","protected":false},"featured_media":33884,"comment_status":"open","ping_status":"closed","template":"","meta":[],"product_cat":[132,136],"product_tag":[],"class_list":{"0":"post-42214","1":"product","2":"type-product","3":"status-publish","4":"has-post-thumbnail","6":"product_cat-animationen","7":"product_cat-kostueme","9":"first","10":"instock","11":"sale","12":"taxable","13":"shipping-taxable","14":"purchasable","15":"product-type-simple"},"_links":{"self":[{"href":"https:\/\/camaleoparty.ch\/de\/wp-json\/wp\/v2\/product\/42214","targetHints":{"allow":["GET"]}}],"collection":[{"href":"https:\/\/camaleoparty.ch\/de\/wp-json\/wp\/v2\/product"}],"about":[{"href":"https:\/\/camaleoparty.ch\/de\/wp-json\/wp\/v2\/types\/product"}],"replies":[{"embeddable":true,"href":"https:\/\/camaleoparty.ch\/de\/wp-json\/wp\/v2\/comments?post=42214"}],"wp:featuredmedia":[{"embeddable":true,"href":"https:\/\/camaleoparty.ch\/de\/wp-json\/wp\/v2\/media\/33884"}],"wp:attachment":[{"href":"https:\/\/camaleoparty.ch\/de\/wp-json\/wp\/v2\/media?parent=42214"}],"wp:term":[{"taxonomy":"product_cat","embeddable":true,"href":"https:\/\/camaleoparty.ch\/de\/wp-json\/wp\/v2\/product_cat?post=42214"},{"taxonomy":"product_tag","embeddable":true,"href":"https:\/\/camaleoparty.ch\/de\/wp-json\/wp\/v2\/product_tag?post=42214"}],"curies":[{"name":"wp","href":"https:\/\/api.w.org\/{rel}","templated":true}]}}