{"id":42208,"date":"2023-10-12T15:07:41","date_gmt":"2024-07-27T13:58:16","guid":{"rendered":"https:\/\/pikasworld.ch\/product\/ballongirlande-hai\/"},"modified":"2024-11-08T13:50:35","modified_gmt":"2024-11-08T12:50:35","slug":"ballongirlande-hai","status":"publish","type":"product","link":"https:\/\/camaleoparty.ch\/de\/produkt\/ballongirlande-hai\/","title":{"rendered":"Ballongirlande &#8211; Hai"},"content":{"rendered":"<p style=\"margin: 0px 0px 1.25rem;line-height: 24px;letter-spacing: 0.14px;font-family: Montserrat;font-size: 14.8564px;font-style: normal;font-weight: 400;text-align: start;text-indent: 0px;text-transform: none;text-decoration: none\">Ein pr\u00e4chtiger Bogen aus Luftballons, der Ihre Dekoration zu einem echten Hit macht!<\/p>\n<p style=\"margin: 0px 0px 1.25rem;line-height: 24px;letter-spacing: 0.14px;font-family: Montserrat;font-size: 14.8564px;font-style: normal;font-weight: 400;text-align: start;text-indent: 0px;text-transform: none;text-decoration: none\">Punkten Sie bei Ihren G\u00e4sten mit diesem wundersch\u00f6nen Ballonbogen.&nbsp;<\/p>\n<p style=\"margin: 0px 0px 1.25rem;line-height: 24px;letter-spacing: 0.14px;font-family: Montserrat;font-size: 14.8564px;font-style: normal;font-weight: 400;text-align: start;text-indent: 0px;text-transform: none;text-decoration: none\">Das Set enth\u00e4lt:<\/p>\n<ul style=\"margin-top: 0px;margin-bottom: 0.125rem;font-family: Montserrat;font-size: 14.8564px;font-style: normal;font-weight: 400;letter-spacing: -0.222846px;text-align: start;text-indent: 0px;text-transform: none;text-decoration: none\">\n<li style=\"line-height: 24px;margin-top: 0px;margin-bottom: 0.05rem\">42 Luftballons<\/li>\n<li style=\"line-height: 24px;margin-top: 0px;margin-bottom: 0.05rem\">1 Ballons aus Aluminium<\/li>\n<li style=\"line-height: 24px;margin-top: 0px;margin-bottom: 0.05rem\">4 Modellierballons<\/li>\n<li style=\"line-height: 24px;margin-top: 0px;margin-bottom: 0.05rem\">1 Papierstrohhalm<\/li>\n<li style=\"line-height: 24px;margin-top: 0px;margin-bottom: 0.05rem\">30 Schaumstoffklebeb\u00e4nder<\/li>\n<li style=\"line-height: 24px;margin-top: 0px;margin-bottom: 0.05rem\">2,5 m Band f\u00fcr Ballongirlanden.&nbsp;<\/li>\n<\/ul>\n<p style=\"margin: 0px 0px 1.25rem;line-height: 24px;letter-spacing: 0.14px;font-family: Montserrat;font-size: 14.8564px;font-style: normal;font-weight: 400;text-align: start;text-indent: 0px;text-transform: none;text-decoration: none\">Ma\u00dfe: 150 x 95 &nbsp;ungef\u00e4hr.<\/p>\n<p style=\"margin: 0px 0px 1.25rem;line-height: 24px;letter-spacing: 0.14px;font-family: Montserrat;font-size: 14.8564px;font-style: normal;font-weight: 400;text-align: start;text-indent: 0px;text-transform: none;text-decoration: none\">Die Ballons werden flach geliefert und m\u00fcssen von Ihnen aufgeblasen und zusammengebaut werden.&nbsp;<\/p>\n","protected":false},"excerpt":{"rendered":"<p>Ein pr\u00e4chtiger Bogen aus Luftballons, der Ihre Dekoration zu einem echten Hit macht! Punkten Sie bei Ihren G\u00e4sten mit diesem wundersch\u00f6nen Ballonbogen.&nbsp; Das Set enth\u00e4lt: 42 Luftballons 1 Ballons aus Aluminium 4 Modellierballons 1 Papierstrohhalm 30 Schaumstoffklebeb\u00e4nder 2,5 m Band f\u00fcr Ballongirlanden.&nbsp; Ma\u00dfe: 150 x 95 &nbsp;ungef\u00e4hr. Die Ballons werden flach geliefert und m\u00fcssen von [&hellip;]<\/p>\n","protected":false},"featured_media":35680,"comment_status":"open","ping_status":"closed","template":"","meta":[],"product_cat":[729,411,183,175,225],"product_tag":[],"class_list":{"0":"post-42208","1":"product","2":"type-product","3":"status-publish","4":"has-post-thumbnail","6":"product_cat-unter-dem-meer","7":"product_cat-ballongirlande","8":"product_cat-geburtstag","9":"product_cat-girlanden","10":"product_cat-piraten","12":"first","13":"instock","14":"taxable","15":"shipping-taxable","16":"purchasable","17":"product-type-simple"},"_links":{"self":[{"href":"https:\/\/camaleoparty.ch\/de\/wp-json\/wp\/v2\/product\/42208","targetHints":{"allow":["GET"]}}],"collection":[{"href":"https:\/\/camaleoparty.ch\/de\/wp-json\/wp\/v2\/product"}],"about":[{"href":"https:\/\/camaleoparty.ch\/de\/wp-json\/wp\/v2\/types\/product"}],"replies":[{"embeddable":true,"href":"https:\/\/camaleoparty.ch\/de\/wp-json\/wp\/v2\/comments?post=42208"}],"wp:featuredmedia":[{"embeddable":true,"href":"https:\/\/camaleoparty.ch\/de\/wp-json\/wp\/v2\/media\/35680"}],"wp:attachment":[{"href":"https:\/\/camaleoparty.ch\/de\/wp-json\/wp\/v2\/media?parent=42208"}],"wp:term":[{"taxonomy":"product_cat","embeddable":true,"href":"https:\/\/camaleoparty.ch\/de\/wp-json\/wp\/v2\/product_cat?post=42208"},{"taxonomy":"product_tag","embeddable":true,"href":"https:\/\/camaleoparty.ch\/de\/wp-json\/wp\/v2\/product_tag?post=42208"}],"curies":[{"name":"wp","href":"https:\/\/api.w.org\/{rel}","templated":true}]}}