{"id":42205,"date":"2023-10-13T07:31:22","date_gmt":"2024-07-27T13:48:40","guid":{"rendered":"https:\/\/pikasworld.ch\/product\/10-braune-trio-ballons\/"},"modified":"2024-11-08T13:50:29","modified_gmt":"2024-11-08T12:50:29","slug":"10-braune-trio-ballons","status":"publish","type":"product","link":"https:\/\/camaleoparty.ch\/de\/produkt\/10-braune-trio-ballons\/","title":{"rendered":"10 braune Trio-Ballons"},"content":{"rendered":"<p>Eine Tasche mit 10 Luftballons, die von My Little Day entworfen wurden, in 3 verschiedenen Farben. Nichts ist besser f\u00fcr die Geburtstage von Superhelden, Prinzessinnen, von Feen und Engeln, aber auch beieinem sommerlichen Picknick, einer Teeparty, einer Hochzeit, einer Taufe oder bei einem Familienfest. Blase den Ballon nicht zu sehr auf, sonst k\u00f6nnte er platzen! Der Ball besteht aus Latex und ist daher vollst\u00e4ndig biologisch abbaubar. Gr\u00f6\u00dfe des aufgeblasenen Ballons: 25 cm<\/p>\n","protected":false},"excerpt":{"rendered":"<p>Eine Tasche mit 10 Luftballons, die von My Little Day entworfen wurden, in 3 verschiedenen Farben. Nichts ist besser f\u00fcr die Geburtstage von Superhelden, Prinzessinnen, von Feen und Engeln, aber auch beieinem sommerlichen Picknick, einer Teeparty, einer Hochzeit, einer Taufe oder bei einem Familienfest. Blase den Ballon nicht zu sehr auf, sonst k\u00f6nnte er platzen! [&hellip;]<\/p>\n","protected":false},"featured_media":35734,"comment_status":"open","ping_status":"closed","template":"","meta":[],"product_cat":[724,185,165,343,909,183,773,742,181,1169,598],"product_tag":[],"class_list":{"0":"post-42205","1":"product","2":"type-product","3":"status-publish","4":"has-post-thumbnail","6":"product_brand-mylittleday-de","7":"product_cat-aufbau","8":"product_cat-baby-shower-de","9":"product_cat-ballone","10":"product_cat-dschungel-und-safari","11":"product_cat-einfarbigen-luftballons","12":"product_cat-geburtstag","13":"product_cat-hund","14":"product_cat-katze","15":"product_cat-saisonal","16":"product_cat-teddybar-kollektion","17":"product_cat-waldgebiet","19":"first","20":"instock","21":"taxable","22":"shipping-taxable","23":"purchasable","24":"product-type-simple"},"_links":{"self":[{"href":"https:\/\/camaleoparty.ch\/de\/wp-json\/wp\/v2\/product\/42205","targetHints":{"allow":["GET"]}}],"collection":[{"href":"https:\/\/camaleoparty.ch\/de\/wp-json\/wp\/v2\/product"}],"about":[{"href":"https:\/\/camaleoparty.ch\/de\/wp-json\/wp\/v2\/types\/product"}],"replies":[{"embeddable":true,"href":"https:\/\/camaleoparty.ch\/de\/wp-json\/wp\/v2\/comments?post=42205"}],"wp:featuredmedia":[{"embeddable":true,"href":"https:\/\/camaleoparty.ch\/de\/wp-json\/wp\/v2\/media\/35734"}],"wp:attachment":[{"href":"https:\/\/camaleoparty.ch\/de\/wp-json\/wp\/v2\/media?parent=42205"}],"wp:term":[{"taxonomy":"product_cat","embeddable":true,"href":"https:\/\/camaleoparty.ch\/de\/wp-json\/wp\/v2\/product_cat?post=42205"},{"taxonomy":"product_tag","embeddable":true,"href":"https:\/\/camaleoparty.ch\/de\/wp-json\/wp\/v2\/product_tag?post=42205"}],"curies":[{"name":"wp","href":"https:\/\/api.w.org\/{rel}","templated":true}]}}