{"id":42199,"date":"2023-10-20T15:34:00","date_gmt":"2024-07-27T13:21:06","guid":{"rendered":"https:\/\/pikasworld.ch\/product\/20-servietten-mini-foret\/"},"modified":"2024-11-08T13:46:36","modified_gmt":"2024-11-08T12:46:36","slug":"20-servietten-mini-foret","status":"publish","type":"product","link":"https:\/\/camaleoparty.ch\/de\/produkt\/20-servietten-mini-foret\/","title":{"rendered":"20 SERVIETTEN &#8211; MINI-FOR\u00caT"},"content":{"rendered":"<p><span style=\"font-family: filson_softbook, Helvetica, Times, sans-serif;font-size: 16.057308px;font-style: normal;font-weight: 400;letter-spacing: normal;text-align: start;text-indent: 0px;text-transform: none;text-decoration: none;float: none\">In den W\u00e4ldern gibt es B\u00e4ren, Eulen, Waschb\u00e4ren und F\u00fcchse! Das ist bekannt! Es gibt auch W\u00f6lfe, aber ein Wolf ist gruselig, w\u00e4hrend ein Waschb\u00e4r so s\u00fc\u00df ist! Machen wir einen Spaziergang durch den Wald&#8230;&nbsp;20 von My Little Day entworfene Papierservietten mit Teddyb\u00e4ren bedeckt,&nbsp;perfekt f\u00fcr eine herbstliche Geburtstagsdekoration. Kombinieren Sie die Becher und Teller aus der Kollektion&nbsp; Waldtiere f\u00fcr einen selbstbewussten Total-Look. Die Servietten Tiere des Waldes wurden in Paris entworfen, in Europa aus FSC-Papierhergestellt, mit pflanzlicher Tinte gef\u00e4rbt und sind recycelbar.<\/span><\/p>\n","protected":false},"excerpt":{"rendered":"<p><span style=\"font-family: filson_softbook, Helvetica, Times, sans-serif;font-size: 16.057308px;font-style: normal;font-weight: 400;letter-spacing: normal;text-align: start;text-indent: 0px;text-transform: none;text-decoration: none;float: none\">In den W\u00e4ldern gibt es B\u00e4ren, Eulen, Waschb\u00e4ren und F\u00fcchse! Das ist bekannt! Es gibt auch W\u00f6lfe, aber ein Wolf ist gruselig, w\u00e4hrend ein Waschb\u00e4r so s\u00fc\u00df ist! Machen wir einen Spaziergang durch den Wald&#8230;&nbsp;20 von My Little Day entworfene Papierservietten mit Teddyb\u00e4ren bedeckt,&nbsp;perfekt f\u00fcr eine herbstliche Geburtstagsdekoration. Kombinieren Sie die Becher und Teller aus der Kollektion&nbsp;Waldtiere f\u00fcr einen selbstbewussten Total-Look. Les serviettes animaux de la for\u00eat ont \u00e9t\u00e9 dessin\u00e9es \u00e0 Paris, fabriqu\u00e9es en Europe avec du papier FSC, teintes avec de l&#8217;encre v\u00e9g\u00e9tale et sont recyclables.<\/span><\/p>\n","protected":false},"featured_media":35858,"comment_status":"open","ping_status":"closed","template":"","meta":[],"product_cat":[183,181,161,147,598],"product_tag":[],"class_list":{"0":"post-42199","1":"product","2":"type-product","3":"status-publish","4":"has-post-thumbnail","6":"product_brand-mylittleday-de","7":"product_cat-geburtstag","8":"product_cat-saisonal","9":"product_cat-servietten","10":"product_cat-verjaardags-en-feesttafelversieringen","11":"product_cat-waldgebiet","13":"first","14":"instock","15":"taxable","16":"shipping-taxable","17":"purchasable","18":"product-type-simple"},"_links":{"self":[{"href":"https:\/\/camaleoparty.ch\/de\/wp-json\/wp\/v2\/product\/42199","targetHints":{"allow":["GET"]}}],"collection":[{"href":"https:\/\/camaleoparty.ch\/de\/wp-json\/wp\/v2\/product"}],"about":[{"href":"https:\/\/camaleoparty.ch\/de\/wp-json\/wp\/v2\/types\/product"}],"replies":[{"embeddable":true,"href":"https:\/\/camaleoparty.ch\/de\/wp-json\/wp\/v2\/comments?post=42199"}],"wp:featuredmedia":[{"embeddable":true,"href":"https:\/\/camaleoparty.ch\/de\/wp-json\/wp\/v2\/media\/35858"}],"wp:attachment":[{"href":"https:\/\/camaleoparty.ch\/de\/wp-json\/wp\/v2\/media?parent=42199"}],"wp:term":[{"taxonomy":"product_cat","embeddable":true,"href":"https:\/\/camaleoparty.ch\/de\/wp-json\/wp\/v2\/product_cat?post=42199"},{"taxonomy":"product_tag","embeddable":true,"href":"https:\/\/camaleoparty.ch\/de\/wp-json\/wp\/v2\/product_tag?post=42199"}],"curies":[{"name":"wp","href":"https:\/\/api.w.org\/{rel}","templated":true}]}}