{"id":42196,"date":"2023-10-17T13:11:03","date_gmt":"2024-07-27T13:09:59","guid":{"rendered":"https:\/\/pikasworld.ch\/product\/20-servietten-fuer-den-fussballtisch\/"},"modified":"2024-11-08T13:50:18","modified_gmt":"2024-11-08T12:50:18","slug":"20-servietten-fuer-den-fussballtisch","status":"publish","type":"product","link":"https:\/\/camaleoparty.ch\/de\/produkt\/20-servietten-fuer-den-fussballtisch\/","title":{"rendered":"20 Servietten f\u00fcr den Fu\u00dfballtisch"},"content":{"rendered":"<p>Entdecken Sie unsere Servietten in Form eines Fu\u00dfballs, perfekt, um Ihrem Tisch einen sportlichen Touch zu verleihen. bei Ihren Mahlzeiten oder Fu\u00dfballpartys. Mit Sorgfalt und Detailgenauigkeithergestellt, sind diese hochwertigen Papierhandt\u00fccher die perfekte Wahl f\u00fcr Fu\u00dfballfans. Sie eignen sich ideal f\u00fcr Geburtstage, Abende mit Freunden oder jede Veranstaltung, die mit Fu\u00dfball zu tun hat. Bringen Sie Stimmung auf den Tisch mit diesen originellen Servietten , die jeden Fan dieses Sports begeistern werden.<\/p>\n","protected":false},"excerpt":{"rendered":"<p><span>Papierservietten Football in wei\u00df mit schwarzem Aufdruck, ungefaltet ca. 27 x 27 cm, gefaltet ca. 13,5 x 13,5 cm.<\/span><br \/>\n<span>(1 Packung &#8211; 20 St\u00fcck)<\/span><\/p>\n","protected":false},"featured_media":35781,"comment_status":"open","ping_status":"closed","template":"","meta":[],"product_cat":[648,183,161],"product_tag":[],"class_list":{"0":"post-42196","1":"product","2":"type-product","3":"status-publish","4":"has-post-thumbnail","6":"product_brand-partydeco-de","7":"product_cat-fussball","8":"product_cat-geburtstag","9":"product_cat-servietten","11":"first","12":"instock","13":"taxable","14":"shipping-taxable","15":"purchasable","16":"product-type-simple"},"_links":{"self":[{"href":"https:\/\/camaleoparty.ch\/de\/wp-json\/wp\/v2\/product\/42196","targetHints":{"allow":["GET"]}}],"collection":[{"href":"https:\/\/camaleoparty.ch\/de\/wp-json\/wp\/v2\/product"}],"about":[{"href":"https:\/\/camaleoparty.ch\/de\/wp-json\/wp\/v2\/types\/product"}],"replies":[{"embeddable":true,"href":"https:\/\/camaleoparty.ch\/de\/wp-json\/wp\/v2\/comments?post=42196"}],"wp:featuredmedia":[{"embeddable":true,"href":"https:\/\/camaleoparty.ch\/de\/wp-json\/wp\/v2\/media\/35781"}],"wp:attachment":[{"href":"https:\/\/camaleoparty.ch\/de\/wp-json\/wp\/v2\/media?parent=42196"}],"wp:term":[{"taxonomy":"product_cat","embeddable":true,"href":"https:\/\/camaleoparty.ch\/de\/wp-json\/wp\/v2\/product_cat?post=42196"},{"taxonomy":"product_tag","embeddable":true,"href":"https:\/\/camaleoparty.ch\/de\/wp-json\/wp\/v2\/product_tag?post=42196"}],"curies":[{"name":"wp","href":"https:\/\/api.w.org\/{rel}","templated":true}]}}