{"id":42191,"date":"2023-11-03T15:34:00","date_gmt":"2024-07-27T12:58:55","guid":{"rendered":"https:\/\/pikasworld.ch\/product\/5-taetowierte-luftballons-mini-safari\/"},"modified":"2024-11-08T13:46:14","modified_gmt":"2024-11-08T12:46:14","slug":"5-taetowierte-luftballons-mini-safari","status":"publish","type":"product","link":"https:\/\/camaleoparty.ch\/de\/produkt\/5-taetowierte-luftballons-mini-safari\/","title":{"rendered":"5 T\u00c4TOWIERTE LUFTBALLONS &#8211; MINI-SAFARI"},"content":{"rendered":"<p><span style=\"font-family: filson_softbook, Helvetica, Times, sans-serif;font-size: 16.332315px;font-style: normal;font-weight: 400;letter-spacing: normal;text-align: start;text-indent: 0px;text-transform: none;text-decoration: none;float: none\">Safari, ein Kindheitstraum? 5 Luftballons f\u00fcr 4 Totemtiere: Affe, Nilpferd, Zebra und Giraffe! 5 Safari-Ballons, mit denen man sich wie auf einer Reise f\u00fchlt! Kombinieren Sie es mit dem Geschirr aus der Safari-Kollektion f\u00fcr einen selbstbewussten Total-Look. Die Safariballons bestehen zu 100 % aus Latex, Sie wurden in Paris entworfen und in Europa auf verantwortungsvolle Weise hergestellt.<\/span><\/p>\n","protected":false},"excerpt":{"rendered":"<ul class=\"fp_critere\" style=\"font-family: filson_softbook, Helvetica, Times, sans-serif;margin: 0px;padding: 20px 0px 15px;font-size: 16px;line-height: 22px;list-style-type: none;border: medium;font-style: normal;font-weight: 400;letter-spacing: normal;text-align: start;text-indent: 0px;text-transform: none;text-decoration: none\">\n<li style=\"font-family: filson_softbook, Helvetica, Times, sans-serif;margin: 0px 0px 5px;padding: 0px;font-size: 16px\"><span style=\"font-family: filson_softbook, Helvetica, Times, sans-serif;font-weight: 600\">Produktinfos:<\/span><span class=\"Apple-converted-space\">&nbsp;<\/span>Biologisch abbaubar<\/li>\n<li style=\"font-family: filson_softbook, Helvetica, Times, sans-serif;margin: 0px 0px 5px;padding: 0px;font-size: 16px\"><span style=\"font-family: filson_softbook, Helvetica, Times, sans-serif;font-weight: 600\">Inhalt :<\/span><span class=\"Apple-converted-space\">&nbsp;<\/span>5 Ballons<\/li>\n<li style=\"font-family: filson_softbook, Helvetica, Times, sans-serif;margin: 0px 0px 5px;padding: 0px;font-size: 16px\"><span style=\"font-family: filson_softbook, Helvetica, Times, sans-serif;font-weight: 600\">Zusammensetzung:<\/span><span class=\"Apple-converted-space\">&nbsp;<\/span>Latex 100% Naturkautschuk, mineralische Druckfarben<\/li>\n<li style=\"font-family: filson_softbook, Helvetica, Times, sans-serif;margin: 0px 0px 5px;padding: 0px;font-size: 16px\"><span style=\"font-family: filson_softbook, Helvetica, Times, sans-serif;font-weight: 600\">Produktabmessungen (cm):<\/span><span class=\"Apple-converted-space\">&nbsp;<\/span>25 x 25 x 30<\/li>\n<li style=\"font-family: filson_softbook, Helvetica, Times, sans-serif;margin: 0px 0px 5px;padding: 0px;font-size: 16px\"><span style=\"font-family: filson_softbook, Helvetica, Times, sans-serif;font-weight: 600\">Abmessungen Verpackung (cm) :<\/span><span class=\"Apple-converted-space\">&nbsp;<\/span>1 x 11 x 20<\/li>\n<li style=\"font-family: filson_softbook, Helvetica, Times, sans-serif;margin: 0px 0px 5px;padding: 0px;font-size: 16px\"><span style=\"font-family: filson_softbook, Helvetica, Times, sans-serif;font-weight: 600\">Gewicht:<\/span><span class=\"Apple-converted-space\">&nbsp;<\/span>35g<\/li>\n<li style=\"font-family: filson_softbook, Helvetica, Times, sans-serif;margin: 0px 0px 5px;padding: 0px;font-size: 16px\"><span style=\"font-family: filson_softbook, Helvetica, Times, sans-serif;font-weight: 600\">Provenienz :<\/span><span class=\"Apple-converted-space\">&nbsp;<\/span>UE<\/li>\n<li style=\"font-family: filson_softbook, Helvetica, Times, sans-serif;margin: 0px 0px 5px;padding: 0px;font-size: 16px\"><span style=\"font-family: filson_softbook, Helvetica, Times, sans-serif;font-weight: 600\">Konzeption<\/span><span class=\"Apple-converted-space\">&nbsp;<\/span><\/li>\n<\/ul>\n","protected":false},"featured_media":36024,"comment_status":"open","ping_status":"closed","template":"","meta":[],"product_cat":[165,908,163,343,183,181],"product_tag":[],"class_list":{"0":"post-42191","1":"product","2":"type-product","3":"status-publish","4":"has-post-thumbnail","6":"product_brand-mylittleday-de","7":"product_cat-ballone","8":"product_cat-bedruckter-luftballons","9":"product_cat-dekoration","10":"product_cat-dschungel-und-safari","11":"product_cat-geburtstag","12":"product_cat-saisonal","14":"first","15":"instock","16":"taxable","17":"shipping-taxable","18":"purchasable","19":"product-type-simple"},"_links":{"self":[{"href":"https:\/\/camaleoparty.ch\/de\/wp-json\/wp\/v2\/product\/42191","targetHints":{"allow":["GET"]}}],"collection":[{"href":"https:\/\/camaleoparty.ch\/de\/wp-json\/wp\/v2\/product"}],"about":[{"href":"https:\/\/camaleoparty.ch\/de\/wp-json\/wp\/v2\/types\/product"}],"replies":[{"embeddable":true,"href":"https:\/\/camaleoparty.ch\/de\/wp-json\/wp\/v2\/comments?post=42191"}],"wp:featuredmedia":[{"embeddable":true,"href":"https:\/\/camaleoparty.ch\/de\/wp-json\/wp\/v2\/media\/36024"}],"wp:attachment":[{"href":"https:\/\/camaleoparty.ch\/de\/wp-json\/wp\/v2\/media?parent=42191"}],"wp:term":[{"taxonomy":"product_cat","embeddable":true,"href":"https:\/\/camaleoparty.ch\/de\/wp-json\/wp\/v2\/product_cat?post=42191"},{"taxonomy":"product_tag","embeddable":true,"href":"https:\/\/camaleoparty.ch\/de\/wp-json\/wp\/v2\/product_tag?post=42191"}],"curies":[{"name":"wp","href":"https:\/\/api.w.org\/{rel}","templated":true}]}}