{"id":42189,"date":"2023-11-03T17:17:00","date_gmt":"2024-07-27T12:50:57","guid":{"rendered":"https:\/\/pikasworld.ch\/product\/10-trio-ballons-in-gold-und-creme\/"},"modified":"2024-11-08T13:46:08","modified_gmt":"2024-11-08T12:46:08","slug":"10-trio-ballons-in-gold-und-creme","status":"publish","type":"product","link":"https:\/\/camaleoparty.ch\/de\/produkt\/10-trio-ballons-in-gold-und-creme\/","title":{"rendered":"10 Trio-Ballons in Gold und Creme"},"content":{"rendered":"<p><span style=\"font-family: filson_softbook, Helvetica, Times, sans-serif;font-size: 16.057308px;font-style: normal;font-weight: 400;letter-spacing: normal;text-align: start;text-indent: 0px;text-transform: none;text-decoration: none;float: none\">Dieses Trio aus goldenen und cremefarbenen Ballons&nbsp;(verchromt, transparent und matt) ist perfekt f\u00fcr einen Prinzessinnengeburtstag, eine Baby Shower, eine Gender-Party oder f\u00fcr die Dekorationeiner Hochzeit.<\/span><br \/>\n<span style=\"font-family: filson_softbook, Helvetica, Times, sans-serif;font-size: 16.057308px;font-style: normal;font-weight: 400;letter-spacing: normal;text-align: start;text-indent: 0px;text-transform: none;text-decoration: none;float: none\">Mit anderen Farben mischen oder nicht! Es gibt tausend M\u00f6glichkeiten, Ballons zu verwenden: als Ballonbogen, an der Wand h\u00e4ngend, mit Helium gef\u00fcllt als Cluster oder auf dem Boden f\u00fcr ein Ballonbeet!<\/span><br \/>\n<span style=\"font-family: filson_softbook, Helvetica, Times, sans-serif;font-size: 16.057308px;font-style: normal;font-weight: 400;letter-spacing: normal;text-align: start;text-indent: 0px;text-transform: none;text-decoration: none;float: none\">In Paris von My Little Dayentworfen, werden diese Luftballons in Europa mit Sorgfalt hergestellt, aus Naturlatex hergestellt und sind vollst\u00e4ndig biologisch abbaubar.<\/span><\/p>\n","protected":false},"excerpt":{"rendered":"<p>Dieses Trio aus goldenen und cremefarbenen Ballons&nbsp;(verchromt, transparent und matt) ist perfekt f\u00fcr einen Prinzessinnengeburtstag, eine Baby Shower, eine Gender-Party oder f\u00fcr die Dekorationeiner Hochzeit. Mit anderen Farben mischen oder nicht! Es gibt tausend M\u00f6glichkeiten, Ballons zu verwenden: als Ballonbogen, an der Wand h\u00e4ngend, mit Helium gef\u00fcllt als Cluster oder auf dem Boden f\u00fcr ein [&hellip;]<\/p>\n","protected":false},"featured_media":36043,"comment_status":"open","ping_status":"closed","template":"","meta":[],"product_cat":[165,1210,909,1167,183,1212,181,1169],"product_tag":[],"class_list":{"0":"post-42189","1":"product","2":"type-product","3":"status-publish","4":"has-post-thumbnail","6":"product_brand-mylittleday-de","7":"product_cat-ballone","8":"product_cat-braun","9":"product_cat-einfarbigen-luftballons","10":"product_cat-fest-der-farben","11":"product_cat-geburtstag","12":"product_cat-goldfarben","13":"product_cat-saisonal","14":"product_cat-teddybar-kollektion","16":"first","17":"instock","18":"taxable","19":"shipping-taxable","20":"purchasable","21":"product-type-simple"},"_links":{"self":[{"href":"https:\/\/camaleoparty.ch\/de\/wp-json\/wp\/v2\/product\/42189","targetHints":{"allow":["GET"]}}],"collection":[{"href":"https:\/\/camaleoparty.ch\/de\/wp-json\/wp\/v2\/product"}],"about":[{"href":"https:\/\/camaleoparty.ch\/de\/wp-json\/wp\/v2\/types\/product"}],"replies":[{"embeddable":true,"href":"https:\/\/camaleoparty.ch\/de\/wp-json\/wp\/v2\/comments?post=42189"}],"wp:featuredmedia":[{"embeddable":true,"href":"https:\/\/camaleoparty.ch\/de\/wp-json\/wp\/v2\/media\/36043"}],"wp:attachment":[{"href":"https:\/\/camaleoparty.ch\/de\/wp-json\/wp\/v2\/media?parent=42189"}],"wp:term":[{"taxonomy":"product_cat","embeddable":true,"href":"https:\/\/camaleoparty.ch\/de\/wp-json\/wp\/v2\/product_cat?post=42189"},{"taxonomy":"product_tag","embeddable":true,"href":"https:\/\/camaleoparty.ch\/de\/wp-json\/wp\/v2\/product_tag?post=42189"}],"curies":[{"name":"wp","href":"https:\/\/api.w.org\/{rel}","templated":true}]}}