{"id":42185,"date":"2023-11-03T17:25:00","date_gmt":"2024-07-27T12:41:49","guid":{"rendered":"https:\/\/pikasworld.ch\/product\/10-luftballons-chromrosen-trio\/"},"modified":"2024-11-08T13:46:06","modified_gmt":"2024-11-08T12:46:06","slug":"10-luftballons-chromrosen-trio","status":"publish","type":"product","link":"https:\/\/camaleoparty.ch\/de\/produkt\/10-luftballons-chromrosen-trio\/","title":{"rendered":"10 Luftballons &#8211; Chromrosen-Trio"},"content":{"rendered":"<p><span style=\"font-family: filson_softbook, Helvetica, Times, sans-serif;font-size: 16.057308px;font-style: normal;font-weight: 400;letter-spacing: normal;text-align: start;text-indent: 0px;text-transform: none;text-decoration: none;float: none\">Dieses Trio aus rosafarbenen Ballons (verchromt, transparent und matt) ist&nbsp;perfekt f\u00fcr einen Prinzessinnen- oder Einhorn-M\u00e4dchengeburtstag, f\u00fcr eine Offenbarungs-Babyparty f\u00fcr M\u00e4dchen oder f\u00fcr die Dekorationeines Junggesellinnenabschieds.<\/span><br \/>\n<span style=\"font-family: filson_softbook, Helvetica, Times, sans-serif;font-size: 16.057308px;font-style: normal;font-weight: 400;letter-spacing: normal;text-align: start;text-indent: 0px;text-transform: none;text-decoration: none;float: none\">Mit anderen Farben mischen oder nicht! Es gibt tausend M\u00f6glichkeiten, Luftballons zu verwenden: in einem Ballonbogen, an der Wand h\u00e4ngend, aufgeblasen mit&nbsp;Helium in Clustern oder am Boden f\u00fcr ein Beet aus Ballons&nbsp;<\/span><br \/>\n<span style=\"font-family: filson_softbook, Helvetica, Times, sans-serif;font-size: 16.057308px;font-style: normal;font-weight: 400;letter-spacing: normal;text-align: start;text-indent: 0px;text-transform: none;text-decoration: none;float: none\">In Paris von My Little Dayentworfen, werden diese Luftballons in Europa mit Sorgfalt hergestellt, aus Naturlatex hergestellt und sind vollst\u00e4ndig biologisch abbaubar.<\/span><\/p>\n","protected":false},"excerpt":{"rendered":"<p>Dieses Trio aus rosafarbenen Ballons (verchromt, transparent und matt) ist&nbsp;perfekt f\u00fcr einen Prinzessinnen- oder Einhorn-M\u00e4dchengeburtstag, f\u00fcr eine Offenbarungs-Babyparty f\u00fcr M\u00e4dchen oder f\u00fcr die Dekorationeines Junggesellinnenabschieds. Mit anderen Farben mischen oder nicht! Es gibt tausend M\u00f6glichkeiten, Luftballons zu verwenden: in einem Ballonbogen, an der Wand h\u00e4ngend, aufgeblasen mit&nbsp;Helium in Clustern oder am Boden f\u00fcr ein Beet [&hellip;]<\/p>\n","protected":false},"featured_media":36051,"comment_status":"open","ping_status":"closed","template":"","meta":[],"product_cat":[185,165,163,909,221,1289,183,391,742,1171,299,553,591,1204,181,1166],"product_tag":[],"class_list":{"0":"post-42185","1":"product","2":"type-product","3":"status-publish","4":"has-post-thumbnail","6":"product_brand-mylittleday-de","7":"product_cat-baby-shower-de","8":"product_cat-ballone","9":"product_cat-dekoration","10":"product_cat-einfarbigen-luftballons","11":"product_cat-einhorn","12":"product_cat-evjf-dekoration","13":"product_cat-geburtstag","14":"product_cat-hen-party-polter-abend","15":"product_cat-katze","16":"product_cat-maerchen","17":"product_cat-meerjungfrauen","18":"product_cat-muttertag","19":"product_cat-prinzessin-de","20":"product_cat-rosa","21":"product_cat-saisonal","22":"product_cat-valentinstag","24":"first","25":"instock","26":"taxable","27":"shipping-taxable","28":"purchasable","29":"product-type-simple"},"_links":{"self":[{"href":"https:\/\/camaleoparty.ch\/de\/wp-json\/wp\/v2\/product\/42185","targetHints":{"allow":["GET"]}}],"collection":[{"href":"https:\/\/camaleoparty.ch\/de\/wp-json\/wp\/v2\/product"}],"about":[{"href":"https:\/\/camaleoparty.ch\/de\/wp-json\/wp\/v2\/types\/product"}],"replies":[{"embeddable":true,"href":"https:\/\/camaleoparty.ch\/de\/wp-json\/wp\/v2\/comments?post=42185"}],"wp:featuredmedia":[{"embeddable":true,"href":"https:\/\/camaleoparty.ch\/de\/wp-json\/wp\/v2\/media\/36051"}],"wp:attachment":[{"href":"https:\/\/camaleoparty.ch\/de\/wp-json\/wp\/v2\/media?parent=42185"}],"wp:term":[{"taxonomy":"product_cat","embeddable":true,"href":"https:\/\/camaleoparty.ch\/de\/wp-json\/wp\/v2\/product_cat?post=42185"},{"taxonomy":"product_tag","embeddable":true,"href":"https:\/\/camaleoparty.ch\/de\/wp-json\/wp\/v2\/product_tag?post=42185"}],"curies":[{"name":"wp","href":"https:\/\/api.w.org\/{rel}","templated":true}]}}