{"id":42181,"date":"2023-11-05T08:53:00","date_gmt":"2024-07-27T12:02:55","guid":{"rendered":"https:\/\/pikasworld.ch\/product\/latexballons-margeriten-5st\/"},"modified":"2024-11-08T13:45:53","modified_gmt":"2024-11-08T12:45:53","slug":"latexballons-margeriten-5st","status":"publish","type":"product","link":"https:\/\/camaleoparty.ch\/de\/produkt\/latexballons-margeriten-5st\/","title":{"rendered":"Latexballons &#8211; Margeriten, 5St."},"content":{"rendered":"<p><span style=\"font-family: filson_softbook, Helvetica, Times, sans-serif; font-size: 16.7334px; font-style: normal; letter-spacing: normal; text-align: start; text-indent: 0px; text-transform: none; text-decoration: none; float: none;\">Der Fr\u00fchling kommt, organisieren Sie ein Picknick in der Sonne! 5 G\u00e4nsebl\u00fcmchen-Luftballons, die Sie mit dem Geschirr der G\u00e4nsebl\u00fcmchen-Kollektion kombinieren k\u00f6nnen, um einen Total Look zu kreieren.Look. Die Margeritenballons bestehen zu 100 % aus Latex, sie wurden in Paris entworfen und in Europa auf verantwortungsvolle Weise hergestellt.<\/span><\/p>\n<ul class=\"fp_critere\" style=\"font-family: filson_softbook, Helvetica, Times, sans-serif; margin: 0px; padding: 20px 0px 15px; font-size: 16px; line-height: 22px; list-style-type: none; border: medium; font-style: normal; font-weight: 400; letter-spacing: normal; text-align: start; text-indent: 0px; text-transform: none; text-decoration: none;\">\n<li style=\"font-family: filson_softbook, Helvetica, Times, sans-serif; margin: 0px 0px 5px; padding: 0px; font-size: 16px;\"><span style=\"font-family: filson_softbook, Helvetica, Times, sans-serif;\">Infos zum Produkt:<\/span> Biologisch abbaubar<\/li>\n<li style=\"font-family: filson_softbook, Helvetica, Times, sans-serif; margin: 0px 0px 5px; padding: 0px; font-size: 16px;\"><span style=\"font-family: filson_softbook, Helvetica, Times, sans-serif;\">Inhalt:<\/span> 5 Ballons<\/li>\n<li style=\"font-family: filson_softbook, Helvetica, Times, sans-serif; margin: 0px 0px 5px; padding: 0px; font-size: 16px;\"><span style=\"font-family: filson_softbook, Helvetica, Times, sans-serif;\">Zusammensetzung:<\/span> Latex aus 100% Naturkautschuk, mineralische Druckfarben<\/li>\n<li style=\"font-family: filson_softbook, Helvetica, Times, sans-serif; margin: 0px 0px 5px; padding: 0px; font-size: 16px;\"><span style=\"font-family: filson_softbook, Helvetica, Times, sans-serif;\"> Produktabmessungen (cm):<\/span> 25 x 25 x 30<\/li>\n<li style=\"font-family: filson_softbook, Helvetica, Times, sans-serif; margin: 0px 0px 5px; padding: 0px; font-size: 16px;\"><span style=\"font-family: filson_softbook, Helvetica, Times, sans-serif;\">Abmessungen Verpackung (cm):<\/span> 1 x 11 x 20<\/li>\n<li style=\"font-family: filson_softbook, Helvetica, Times, sans-serif; margin: 0px 0px 5px; padding: 0px; font-size: 16px;\"><span style=\"font-family: filson_softbook, Helvetica, Times, sans-serif;\">Gewicht:<\/span> 35g<\/li>\n<li style=\"font-family: filson_softbook, Helvetica, Times, sans-serif; margin: 0px 0px 5px; padding: 0px; font-size: 16px;\"><span style=\"font-family: filson_softbook, Helvetica, Times, sans-serif;\">Provenienz:<\/span> UE<\/li>\n<\/ul>\n<p>&nbsp;<\/p>\n","protected":false},"excerpt":{"rendered":"<p><span style=\"font-family: filson_softbook, Helvetica, Times, sans-serif; font-size: 16.73337px; font-style: normal; font-weight: 400; letter-spacing: normal; text-align: start; text-indent: 0px; text-transform: none; text-decoration: none; float: none;\">5 Latexballons Tattoos Margeriten zum Kombinieren mit dem Geschirr aus der Margeriten-Kollektion f\u00fcr einen totalenLook. <\/span><\/p>\n","protected":false},"featured_media":36147,"comment_status":"open","ping_status":"closed","template":"","meta":[],"product_cat":[165,908,708,163,554,183,553,181,189],"product_tag":[],"class_list":{"0":"post-42181","1":"product","2":"type-product","3":"status-publish","4":"has-post-thumbnail","6":"product_brand-mylittleday-de","7":"product_cat-ballone","8":"product_cat-bedruckter-luftballons","9":"product_cat-blumen","10":"product_cat-dekoration","11":"product_cat-fruhling","12":"product_cat-geburtstag","13":"product_cat-muttertag","14":"product_cat-saisonal","15":"product_cat-sommer","17":"first","18":"instock","19":"taxable","20":"shipping-taxable","21":"purchasable","22":"product-type-simple"},"_links":{"self":[{"href":"https:\/\/camaleoparty.ch\/de\/wp-json\/wp\/v2\/product\/42181","targetHints":{"allow":["GET"]}}],"collection":[{"href":"https:\/\/camaleoparty.ch\/de\/wp-json\/wp\/v2\/product"}],"about":[{"href":"https:\/\/camaleoparty.ch\/de\/wp-json\/wp\/v2\/types\/product"}],"replies":[{"embeddable":true,"href":"https:\/\/camaleoparty.ch\/de\/wp-json\/wp\/v2\/comments?post=42181"}],"wp:featuredmedia":[{"embeddable":true,"href":"https:\/\/camaleoparty.ch\/de\/wp-json\/wp\/v2\/media\/36147"}],"wp:attachment":[{"href":"https:\/\/camaleoparty.ch\/de\/wp-json\/wp\/v2\/media?parent=42181"}],"wp:term":[{"taxonomy":"product_cat","embeddable":true,"href":"https:\/\/camaleoparty.ch\/de\/wp-json\/wp\/v2\/product_cat?post=42181"},{"taxonomy":"product_tag","embeddable":true,"href":"https:\/\/camaleoparty.ch\/de\/wp-json\/wp\/v2\/product_tag?post=42181"}],"curies":[{"name":"wp","href":"https:\/\/api.w.org\/{rel}","templated":true}]}}