{"id":42180,"date":"2023-11-03T17:28:58","date_gmt":"2024-07-27T11:58:36","guid":{"rendered":"https:\/\/pikasworld.ch\/product\/10-luftballons-verchromtes-fischer-trio\/"},"modified":"2024-11-08T13:46:03","modified_gmt":"2024-11-08T12:46:03","slug":"10-luftballons-verchromtes-fischer-trio","status":"publish","type":"product","link":"https:\/\/camaleoparty.ch\/de\/produkt\/10-luftballons-verchromtes-fischer-trio\/","title":{"rendered":"10 Luftballons &#8211; Verchromtes Fischer-Trio"},"content":{"rendered":"<p><span style=\"font-family: filson_softbook, Helvetica, Times, sans-serif;font-size: 16.057308px;font-style: normal;font-weight: 400;letter-spacing: normal;text-align: start;text-indent: 0px;text-transform: none;text-decoration: none;float: none\">Dieses Trio von Angelballons&nbsp;(verchromt, durchsichtig und matt) ist perfekt f\u00fcr den Geburtstag eines Feenm\u00e4dchens, f\u00fcr eine Baby Shower, eine Gender Reveal oder f\u00fcr die Dekorationeiner Hochzeit.<\/span><br \/>\n<span style=\"font-family: filson_softbook, Helvetica, Times, sans-serif;font-size: 16.057308px;font-style: normal;font-weight: 400;letter-spacing: normal;text-align: start;text-indent: 0px;text-transform: none;text-decoration: none;float: none\">Mit anderen Farben mischen oder nicht! Es gibt tausend M\u00f6glichkeiten, Ballons zu verwenden: als Ballonbogen, an der Wand h\u00e4ngend, mit Helium gef\u00fcllt als Cluster oder auf dem Boden f\u00fcr ein Ballonbeet!<\/span><br \/>\n<span style=\"font-family: filson_softbook, Helvetica, Times, sans-serif;font-size: 16.057308px;font-style: normal;font-weight: 400;letter-spacing: normal;text-align: start;text-indent: 0px;text-transform: none;text-decoration: none;float: none\">In Paris von My Little Dayentworfen, werden diese Luftballons in Europa mit Sorgfalt hergestellt, aus Naturlatex hergestellt und sind vollst\u00e4ndig biologisch abbaubar.<\/span><\/p>\n","protected":false},"excerpt":{"rendered":"<p>Dieses Trio von Angelballons&nbsp;(verchromt, durchsichtig und matt) ist perfekt f\u00fcr den Geburtstag eines Feenm\u00e4dchens, f\u00fcr eine Baby Shower, eine Gender Reveal oder f\u00fcr die Dekorationeiner Hochzeit. Mit anderen Farben mischen oder nicht! Es gibt tausend M\u00f6glichkeiten, Ballons zu verwenden: als Ballonbogen, an der Wand h\u00e4ngend, mit Helium gef\u00fcllt als Cluster oder auf dem Boden f\u00fcr [&hellip;]<\/p>\n","protected":false},"featured_media":36055,"comment_status":"open","ping_status":"closed","template":"","meta":[],"product_cat":[165,163,909,183,1212,191,1171,181],"product_tag":[],"class_list":{"0":"post-42180","1":"product","2":"type-product","3":"status-publish","4":"has-post-thumbnail","6":"product_brand-mylittleday-de","7":"product_cat-ballone","8":"product_cat-dekoration","9":"product_cat-einfarbigen-luftballons","10":"product_cat-geburtstag","11":"product_cat-goldfarben","12":"product_cat-hochzeit","13":"product_cat-maerchen","14":"product_cat-saisonal","16":"first","17":"instock","18":"taxable","19":"shipping-taxable","20":"purchasable","21":"product-type-simple"},"_links":{"self":[{"href":"https:\/\/camaleoparty.ch\/de\/wp-json\/wp\/v2\/product\/42180","targetHints":{"allow":["GET"]}}],"collection":[{"href":"https:\/\/camaleoparty.ch\/de\/wp-json\/wp\/v2\/product"}],"about":[{"href":"https:\/\/camaleoparty.ch\/de\/wp-json\/wp\/v2\/types\/product"}],"replies":[{"embeddable":true,"href":"https:\/\/camaleoparty.ch\/de\/wp-json\/wp\/v2\/comments?post=42180"}],"wp:featuredmedia":[{"embeddable":true,"href":"https:\/\/camaleoparty.ch\/de\/wp-json\/wp\/v2\/media\/36055"}],"wp:attachment":[{"href":"https:\/\/camaleoparty.ch\/de\/wp-json\/wp\/v2\/media?parent=42180"}],"wp:term":[{"taxonomy":"product_cat","embeddable":true,"href":"https:\/\/camaleoparty.ch\/de\/wp-json\/wp\/v2\/product_cat?post=42180"},{"taxonomy":"product_tag","embeddable":true,"href":"https:\/\/camaleoparty.ch\/de\/wp-json\/wp\/v2\/product_tag?post=42180"}],"curies":[{"name":"wp","href":"https:\/\/api.w.org\/{rel}","templated":true}]}}