{"id":42176,"date":"2023-11-06T19:55:18","date_gmt":"2024-07-27T09:10:44","guid":{"rendered":"https:\/\/pikasworld.ch\/product\/mylar-ballon-wolke\/"},"modified":"2024-11-08T13:45:21","modified_gmt":"2024-11-08T12:45:21","slug":"mylar-ballon-wolke","status":"publish","type":"product","link":"https:\/\/camaleoparty.ch\/de\/produkt\/mylar-ballon-wolke\/","title":{"rendered":"Mylar-Ballon &#8211; Wolke"},"content":{"rendered":"<p><span style=\"font-family: filson_softbook, Helvetica, Times, sans-serif;font-size: 16.73337px;font-style: normal;font-weight: 400;letter-spacing: normal;text-align: start;text-indent: 0px;text-transform: none;text-decoration: none;float: none\">Ein wolkenf\u00f6rmiger Ballon aus schillerndem Mylarpapier, Farbe des Himmels, von My Little Day entworfen. Perfekt f\u00fcr die Dekoration eines Kindergeburtstags f\u00fcr M\u00e4dchen oder Jungen, einer Baby Shower, eine Gender Reveal oder eine Themenparty! Kombinieren Sie es mit dem Geschirr Wolke f\u00fcr einen selbstbewussten Total Look. Der Ballon kann mithilfe des mitgelieferten Papierstrohhalms mit Helium oder Luft aufgeblasen werden.<\/span><\/p>\n<ul class=\"fp_critere\" style=\"font-family: filson_softbook, Helvetica, Times, sans-serif;margin: 0px;padding: 20px 0px 15px;font-size: 16px;line-height: 22px;list-style-type: none;border: medium;font-style: normal;font-weight: 400;letter-spacing: normal;text-align: start;text-indent: 0px;text-transform: none;text-decoration: none\">\n<li style=\"font-family: filson_softbook, Helvetica, Times, sans-serif;margin: 0px 0px 5px;padding: 0px;font-size: 16px\"><span style=\"font-family: filson_softbook, Helvetica, Times, sans-serif;font-weight: 600\">Produktinfos:<\/span><span class=\"Apple-converted-space\">&nbsp;<\/span>Wiederverwendbar<\/li>\n<li style=\"font-family: filson_softbook, Helvetica, Times, sans-serif;margin: 0px 0px 5px;padding: 0px;font-size: 16px\"><span style=\"font-family: filson_softbook, Helvetica, Times, sans-serif;font-weight: 600\">Inhalt<\/span><span class=\"Apple-converted-space\">&nbsp;<\/span> Luftballon, 1 Strohhalm zum Aufblasen<\/li>\n<li style=\"font-family: filson_softbook, Helvetica, Times, sans-serif;margin: 0px 0px 5px;padding: 0px;font-size: 16px\"><span style=\"font-family: filson_softbook, Helvetica, Times, sans-serif;font-weight: 600\">Zusammensetzung:<\/span><span class=\"Apple-converted-space\">&nbsp;<\/span>Mylar<\/li>\n<li style=\"font-family: filson_softbook, Helvetica, Times, sans-serif;margin: 0px 0px 5px;padding: 0px;font-size: 16px\"><span style=\"font-family: filson_softbook, Helvetica, Times, sans-serif;font-weight: 600\">Dimensions produit (cm) :<\/span><span class=\"Apple-converted-space\">&nbsp;<\/span>15 x 62 x 39<\/li>\n<li style=\"font-family: filson_softbook, Helvetica, Times, sans-serif;margin: 0px 0px 5px;padding: 0px;font-size: 16px\"><span style=\"font-family: filson_softbook, Helvetica, Times, sans-serif;font-weight: 600\">Dimensions packaging (cm) :<\/span><span class=\"Apple-converted-space\">&nbsp;<\/span>0,8 x 16 x 21,5<\/li>\n<li style=\"font-family: filson_softbook, Helvetica, Times, sans-serif;margin: 0px 0px 5px;padding: 0px;font-size: 16px\"><span style=\"font-family: filson_softbook, Helvetica, Times, sans-serif;font-weight: 600\">Poids :<\/span><span class=\"Apple-converted-space\">&nbsp;<\/span>36g<\/li>\n<\/ul>\n","protected":false},"excerpt":{"rendered":"<p>Ein wolkenf\u00f6rmiger Ballon aus schillerndem Mylarpapier, Farbe des Himmels, von My Little Day entworfen. Perfekt f\u00fcr die Dekoration eines Kindergeburtstags f\u00fcr M\u00e4dchen oder Jungen, einer Baby Shower, eine Gender Reveal oder eine Themenparty! Kombinieren Sie es mit dem Geschirr Wolke f\u00fcr einen selbstbewussten Total Look. Der Ballon kann mithilfe des mitgelieferten Papierstrohhalms mit Helium oder [&hellip;]<\/p>\n","protected":false},"featured_media":36349,"comment_status":"open","ping_status":"closed","template":"","meta":[],"product_cat":[185,708,163,274,183,191,553,181,193,340],"product_tag":[],"class_list":{"0":"post-42176","1":"product","2":"type-product","3":"status-publish","4":"has-post-thumbnail","6":"product_cat-baby-shower-de","7":"product_cat-blumen","8":"product_cat-dekoration","9":"product_cat-folienballons","10":"product_cat-geburtstag","11":"product_cat-hochzeit","12":"product_cat-muttertag","13":"product_cat-saisonal","14":"product_cat-weihnachten","15":"product_cat-weltraum","17":"first","18":"instock","19":"taxable","20":"shipping-taxable","21":"purchasable","22":"product-type-simple"},"_links":{"self":[{"href":"https:\/\/camaleoparty.ch\/de\/wp-json\/wp\/v2\/product\/42176","targetHints":{"allow":["GET"]}}],"collection":[{"href":"https:\/\/camaleoparty.ch\/de\/wp-json\/wp\/v2\/product"}],"about":[{"href":"https:\/\/camaleoparty.ch\/de\/wp-json\/wp\/v2\/types\/product"}],"replies":[{"embeddable":true,"href":"https:\/\/camaleoparty.ch\/de\/wp-json\/wp\/v2\/comments?post=42176"}],"wp:featuredmedia":[{"embeddable":true,"href":"https:\/\/camaleoparty.ch\/de\/wp-json\/wp\/v2\/media\/36349"}],"wp:attachment":[{"href":"https:\/\/camaleoparty.ch\/de\/wp-json\/wp\/v2\/media?parent=42176"}],"wp:term":[{"taxonomy":"product_cat","embeddable":true,"href":"https:\/\/camaleoparty.ch\/de\/wp-json\/wp\/v2\/product_cat?post=42176"},{"taxonomy":"product_tag","embeddable":true,"href":"https:\/\/camaleoparty.ch\/de\/wp-json\/wp\/v2\/product_tag?post=42176"}],"curies":[{"name":"wp","href":"https:\/\/api.w.org\/{rel}","templated":true}]}}