{"id":42175,"date":"2023-11-06T20:19:07","date_gmt":"2024-07-27T08:46:17","guid":{"rendered":"https:\/\/pikasworld.ch\/product\/wiederverwendbare-kunstblumengirlande-meadow\/"},"modified":"2024-11-08T13:45:20","modified_gmt":"2024-11-08T12:45:20","slug":"wiederverwendbare-kunstblumengirlande-meadow","status":"publish","type":"product","link":"https:\/\/camaleoparty.ch\/de\/produkt\/wiederverwendbare-kunstblumengirlande-meadow\/","title":{"rendered":"Wiederverwendbare Kunstblumengirlande Meadow"},"content":{"rendered":"<p><span style=\"font-family: futura-pt, sans-serif; font-size: 16px; font-style: normal; font-weight: 400; letter-spacing: 1px; text-align: left; text-indent: 0px; text-transform: none; text-decoration: none; vertical-align: inherit;\"><span style=\"vertical-align: inherit;\">Diese wundersch\u00f6ne pastellfarbene Blumengirlande ist der letzte Schliff perfekt f\u00fcr Ihre Junggesellinnenabschiedsfeier. <\/span><span style=\"vertical-align: inherit;\">Mit einer feinen Verarbeitung und wundersch\u00f6nen Details, wird es neben dem Rest Ihrer H\u00fchnerpartydekorationen wundersch\u00f6n aussehen.<\/span><\/span><\/p>\n<p>&nbsp;<\/p>\n<p style=\"margin: 0px; padding: 0px; border: 0px; font-size: 16px; font-family: futura-pt, sans-serif; font-weight: 400; vertical-align: initial; text-transform: none; border-radius: 0px; font-style: normal; letter-spacing: 1px; text-align: left; text-indent: 0px; text-decoration: none;\"><span style=\"vertical-align: inherit;\"><span style=\"vertical-align: inherit;\">Mit einer Mischung aus k\u00fcnstlichen G\u00e4nsebl\u00fcmchen, Kornblumen, Lavendel und Laub, wird er Ihren Junggesellinnenabschied in Sekundenschnelle verwandeln. <\/span><span style=\"vertical-align: inherit;\">Perfekt drapiert neben Ihrem H\u00fchnerpartytisch oder an an den W\u00e4nden als fabelhafter Hintergrund f\u00fcr einen Fotoautomaten.<\/span><\/span><\/p>\n<p>&nbsp;<\/p>\n<p style=\"margin: 0px; padding: 0px; border: 0px; font-size: 16px; font-family: futura-pt, sans-serif; font-weight: 400; vertical-align: initial; text-transform: none; border-radius: 0px; font-style: normal; letter-spacing: 1px; text-align: left; text-indent: 0px; text-decoration: none;\"><span style=\"vertical-align: inherit;\"><span style=\"vertical-align: inherit;\">Jede Packung enth\u00e4lt 1 Blumengirlande mit einer L\u00e4nge von 1,9 m.<\/span><\/span><\/p>\n<p class=\"p1 m-t text ng-star-inserted\" style=\"margin: 1rem 0px 0px; padding: 0px; border: 0px; font-size: 16px; font-family: futura-pt, sans-serif; font-weight: 400; vertical-align: initial; text-transform: none; border-radius: 0px; letter-spacing: 0.0625rem; line-height: 1.25rem; font-style: normal; text-align: left; text-indent: 0px; text-decoration: none;\"><span class=\"ng-star-inserted\" style=\"margin: 0px; padding: 0px; border: 0px; font-size: inherit; font-family: inherit; font-weight: inherit; vertical-align: initial; color: inherit; text-transform: none; border-radius: 0px;\"><span style=\"vertical-align: inherit;\"><span style=\"vertical-align: inherit;\">Wir sind transparent&#8230; Aber wir wollen nicht nur weiterfeiern, sondern auch den Planeten sch\u00fctzen!<span class=\"Apple-converted-space\"><br \/>\n<\/span><\/span><span style=\"vertical-align: inherit;\">Wir bem\u00fchen uns bewusst darum , dass alle unsere Produkte und Verpackungen umweltfreundlicher sind, und wir achten auch darauf, so viel wie m\u00f6glich mitzuteilen die Art und Weise, wie unsere Produkte hergestellt werden.<\/span><\/span><\/span><\/p>\n<div class=\"flex flex-middle m-t m-b-8 ng-star-inserted\" style=\"margin: 1rem 0px 2rem; padding: 0px; border: 0px; font-size: 16px; font-family: futura-pt, sans-serif; font-weight: 400; vertical-align: initial; text-transform: none; border-radius: 0px; align-items: center; font-style: normal; letter-spacing: normal; text-align: left; text-indent: 0px; text-decoration: none;\">\n<div class=\"w-5 w-4-s w-4-m p-r-3 p-r-2-s m-l--4-s\" style=\"margin: 0px; padding: 0px 0.75rem 0px 0px; border: 0px; font-size: inherit; font-family: inherit; font-weight: inherit; vertical-align: top; color: inherit; text-transform: none; border-radius: 0px; width: 313.296875px;\">\n<div class=\"w-12 ratio-1-1\" style=\"margin: 0px; padding: 0px; border: 0px; font-size: inherit; font-family: inherit; font-weight: inherit; vertical-align: top; color: inherit; text-transform: none; border-radius: 0px; width: 301.296875px;\"><img decoding=\"async\" class=\"rf dynamic-image loaded\" style=\"margin: 0px; padding: 0px; border: 0px; font-size: inherit; font-family: inherit; font-weight: inherit; vertical-align: initial; color: inherit; text-transform: none; border-radius: 0px; width: 301.296875px; height: 301.296875px;\" src=\"https:\/\/www.gingerray.eu\/tco-images\/unsafe\/769x769\/filters:upscale():fill(white)\/https:\/\/www.gingerray.eu\/static\/cms\/media\/Eco%20Roundles-03-1.jpg\" alt=\"\" title=\"\"><\/div>\n<\/div>\n<div class=\"w-7 w-8-m w-8-s p-a p1\" style=\"margin: 0px; padding: 1rem; border: 0px; font-size: 1rem; font-family: inherit; font-weight: inherit; vertical-align: top; color: inherit; text-transform: none; border-radius: 0px; width: 626.59375px; letter-spacing: 0.0625rem; line-height: 1.25rem;\"><span style=\"vertical-align: inherit;\"><span style=\"vertical-align: inherit;\">Unsere wiederverwendbaren Produkte werden aus einem nachhaltigeren Material hergestellt, was bedeutet, dass Sie sie immer wieder verwenden k\u00f6nnen!<\/span><\/span><\/div>\n<\/div>\n","protected":false},"excerpt":{"rendered":"<p><span style=\"font-family: futura-pt, sans-serif; font-size: 16px; font-style: normal; font-weight: 400; letter-spacing: 1px; text-align: start; text-indent: 0px; text-transform: none; text-decoration: none; vertical-align: inherit;\">Dekorieren Sie Ihren Junggesellinnenabschiedsort mit dieser wundersch\u00f6nen wiederverwendbaren k\u00fcnstlichen Blumengirlande Meadow<\/span><\/p>\n<p>&nbsp;<\/p>\n","protected":false},"featured_media":36371,"comment_status":"open","ping_status":"closed","template":"","meta":[],"product_cat":[185,708,163,155,1289,399,554,183,385,175,391,191,553,195,181,555],"product_tag":[],"class_list":{"0":"post-42175","1":"product","2":"type-product","3":"status-publish","4":"has-post-thumbnail","6":"product_brand-gingerray-de","7":"product_cat-baby-shower-de","8":"product_cat-blumen","9":"product_cat-dekoration","10":"product_cat-diverses","11":"product_cat-evjf-dekoration","12":"product_cat-federn","13":"product_cat-fruhling","14":"product_cat-geburtstag","15":"product_cat-gender-reveal-party-de","16":"product_cat-girlanden","17":"product_cat-hen-party-polter-abend","18":"product_cat-hochzeit","19":"product_cat-muttertag","20":"product_cat-ostern","21":"product_cat-saisonal","22":"product_cat-sale-de-2","24":"first","25":"instock","26":"sale","27":"taxable","28":"shipping-taxable","29":"purchasable","30":"product-type-simple"},"_links":{"self":[{"href":"https:\/\/camaleoparty.ch\/de\/wp-json\/wp\/v2\/product\/42175","targetHints":{"allow":["GET"]}}],"collection":[{"href":"https:\/\/camaleoparty.ch\/de\/wp-json\/wp\/v2\/product"}],"about":[{"href":"https:\/\/camaleoparty.ch\/de\/wp-json\/wp\/v2\/types\/product"}],"replies":[{"embeddable":true,"href":"https:\/\/camaleoparty.ch\/de\/wp-json\/wp\/v2\/comments?post=42175"}],"wp:featuredmedia":[{"embeddable":true,"href":"https:\/\/camaleoparty.ch\/de\/wp-json\/wp\/v2\/media\/36371"}],"wp:attachment":[{"href":"https:\/\/camaleoparty.ch\/de\/wp-json\/wp\/v2\/media?parent=42175"}],"wp:term":[{"taxonomy":"product_cat","embeddable":true,"href":"https:\/\/camaleoparty.ch\/de\/wp-json\/wp\/v2\/product_cat?post=42175"},{"taxonomy":"product_tag","embeddable":true,"href":"https:\/\/camaleoparty.ch\/de\/wp-json\/wp\/v2\/product_tag?post=42175"}],"curies":[{"name":"wp","href":"https:\/\/api.w.org\/{rel}","templated":true}]}}