{"id":42168,"date":"2023-11-13T14:08:48","date_gmt":"2024-07-27T08:13:19","guid":{"rendered":"https:\/\/pikasworld.ch\/product\/namensschild-aus-holz-fuer-werdende-muetter\/"},"modified":"2024-11-08T13:44:58","modified_gmt":"2024-11-08T12:44:58","slug":"namensschild-aus-holz-fuer-werdende-muetter","status":"publish","type":"product","link":"https:\/\/camaleoparty.ch\/de\/produkt\/namensschild-aus-holz-fuer-werdende-muetter\/","title":{"rendered":"Namensschild aus Holz f\u00fcr werdende M\u00fctter"},"content":{"rendered":"<p><font style=\"font-family: futura-pt, sans-serif;font-size: 16px;font-style: normal;font-weight: 400;letter-spacing: 1px;text-align: start;text-indent: 0px;text-transform: none;text-decoration: none;vertical-align: inherit\">Sorgen Sie daf\u00fcr, dass sich die Mutter ganz besonders f\u00fchlt mit dieses elegante Namensschild aus Holz, das sie bei ihrer Babyparty tragen kann!<span class=\"Apple-converted-space\">&nbsp;<\/span><\/font><font style=\"font-family: futura-pt, sans-serif;font-size: 16px;font-style: normal;font-weight: 400;letter-spacing: 1px;text-align: start;text-indent: 0px;text-transform: none;text-decoration: none;vertical-align: inherit\">Dieses zuk\u00fcnftige Geschenk f\u00fcr die Frau misst 3,5 cm (H) x 7 cm (L).<\/font><\/p>\n","protected":false},"excerpt":{"rendered":"<p>Sorgen Sie daf\u00fcr, dass sich die Mutter ganz besonders f\u00fchlt mit dieses elegante Namensschild aus Holz, das sie bei ihrer Babyparty tragen kann!&nbsp;Dieses zuk\u00fcnftige Geschenk f\u00fcr die Frau misst 3,5 cm (H) x 7 cm (L).<\/p>\n","protected":false},"featured_media":36615,"comment_status":"open","ping_status":"closed","template":"","meta":[],"product_cat":[185,385,181],"product_tag":[],"class_list":{"0":"post-42168","1":"product","2":"type-product","3":"status-publish","4":"has-post-thumbnail","6":"product_brand-gingerray-de","7":"product_cat-baby-shower-de","8":"product_cat-gender-reveal-party-de","9":"product_cat-saisonal","11":"first","12":"instock","13":"taxable","14":"shipping-taxable","15":"purchasable","16":"product-type-simple"},"_links":{"self":[{"href":"https:\/\/camaleoparty.ch\/de\/wp-json\/wp\/v2\/product\/42168","targetHints":{"allow":["GET"]}}],"collection":[{"href":"https:\/\/camaleoparty.ch\/de\/wp-json\/wp\/v2\/product"}],"about":[{"href":"https:\/\/camaleoparty.ch\/de\/wp-json\/wp\/v2\/types\/product"}],"replies":[{"embeddable":true,"href":"https:\/\/camaleoparty.ch\/de\/wp-json\/wp\/v2\/comments?post=42168"}],"wp:featuredmedia":[{"embeddable":true,"href":"https:\/\/camaleoparty.ch\/de\/wp-json\/wp\/v2\/media\/36615"}],"wp:attachment":[{"href":"https:\/\/camaleoparty.ch\/de\/wp-json\/wp\/v2\/media?parent=42168"}],"wp:term":[{"taxonomy":"product_cat","embeddable":true,"href":"https:\/\/camaleoparty.ch\/de\/wp-json\/wp\/v2\/product_cat?post=42168"},{"taxonomy":"product_tag","embeddable":true,"href":"https:\/\/camaleoparty.ch\/de\/wp-json\/wp\/v2\/product_tag?post=42168"}],"curies":[{"name":"wp","href":"https:\/\/api.w.org\/{rel}","templated":true}]}}