{"id":42167,"date":"2023-11-13T16:13:12","date_gmt":"2024-07-27T08:13:17","guid":{"rendered":"https:\/\/pikasworld.ch\/product\/hallo-baby-babyparty-gaestebuch\/"},"modified":"2024-11-08T13:44:57","modified_gmt":"2024-11-08T12:44:57","slug":"hallo-baby-babyparty-gaestebuch","status":"publish","type":"product","link":"https:\/\/camaleoparty.ch\/de\/produkt\/hallo-baby-babyparty-gaestebuch\/","title":{"rendered":"Hallo Baby, Babyparty-G\u00e4stebuch"},"content":{"rendered":"<p><font style=\"font-family: futura-pt, sans-serif;font-size: 16px;font-style: normal;font-weight: 400;letter-spacing: 1px;text-align: left;text-indent: 0px;text-transform: none;text-decoration: none;vertical-align: inherit\"><font style=\"vertical-align: inherit\">Halten Sie alle Gl\u00fcckw\u00fcnsche Ihrer Lieben zusammen in diesem G\u00e4stebuch f\u00fcr Babypartys. <\/font><\/font><\/p>\n<p><font style=\"font-family: futura-pt, sans-serif;font-size: 16px;font-style: normal;font-weight: 400;letter-spacing: 1px;text-align: left;text-indent: 0px;text-transform: none;text-decoration: none;vertical-align: inherit\"><font style=\"vertical-align: inherit\">Sch\u00f6n und elegant, eignet sich dieses Pappbuch perfekt als G\u00e4stebuch f\u00fcr eine Babyparty oder eine Taufe, und es kann auch ein wunderbares Buch sein mit Erinnerungen an Ihre Schwangerschaft und die ersten Momente mit Ihrem Baby sein, oder sogar ein Fotoalbum! <\/font><\/font><\/p>\n<p><font style=\"font-family: futura-pt, sans-serif;font-size: 16px;font-style: normal;font-weight: 400;letter-spacing: 1px;text-align: left;text-indent: 0px;text-transform: none;text-decoration: none;vertical-align: inherit\"><font style=\"vertical-align: inherit\">Kombinieren Sie dieses G\u00e4stebuch mit Babyparty-Dekorationen aus unserer Hello Baby-Kollektion, bestehend aus neutralen Dekorationen f\u00fcr Babypartys mit Holz- und Korbelementen. <\/font><\/font><\/p>\n<p><font style=\"font-family: futura-pt, sans-serif;font-size: 16px;font-style: normal;font-weight: 400;letter-spacing: 1px;text-align: left;text-indent: 0px;text-transform: none;text-decoration: none;vertical-align: inherit\"><font style=\"vertical-align: inherit\">Jede Packung enth\u00e4lt : <\/font><\/font><br \/>\n<font style=\"font-family: futura-pt, sans-serif;font-size: 16px;font-style: normal;font-weight: 400;letter-spacing: 1px;text-align: left;text-indent: 0px;text-transform: none;text-decoration: none;vertical-align: inherit\"><font style=\"vertical-align: inherit\">1 x Baby Shower G\u00e4stebuch mit den Ma\u00dfen 16 cm (H) x 22 cm (B) und 32 leeren Seiten.<\/font><\/font><\/p>\n","protected":false},"excerpt":{"rendered":"<p><font style=\"font-family: futura-pt, sans-serif;font-size: 16px;font-style: normal;font-weight: 400;letter-spacing: 1px;text-align: start;text-indent: 0px;text-transform: none;text-decoration: none;vertical-align: inherit\">Halten Sie alle Gl\u00fcckw\u00fcnsche Ihrer Lieben zusammen in diesem G\u00e4stebuch f\u00fcr Babypartys.<span class=\"Apple-converted-space\">&nbsp;<\/span><\/font><font style=\"font-family: futura-pt, sans-serif;font-size: 16px;font-style: normal;font-weight: 400;letter-spacing: 1px;text-align: start;text-indent: 0px;text-transform: none;text-decoration: none;vertical-align: inherit\">Jede Packung enth\u00e4lt 1 G\u00e4stebuch f\u00fcr eine Babyparty oder Taufe, das 16 cm (H) x 22 cm misst und 32 Seiten enth\u00e4lt.<\/font><\/p>\n","protected":false},"featured_media":36622,"comment_status":"open","ping_status":"closed","template":"","meta":[],"product_cat":[185,854,403,385,199,181],"product_tag":[],"class_list":{"0":"post-42167","1":"product","2":"type-product","3":"status-publish","4":"has-post-thumbnail","6":"product_brand-gingerray-de","7":"product_cat-baby-shower-de","8":"product_cat-gaestebuch-de","9":"product_cat-gaestebuch","10":"product_cat-gender-reveal-party-de","11":"product_cat-papierwaren","12":"product_cat-saisonal","14":"first","15":"instock","16":"taxable","17":"shipping-taxable","18":"purchasable","19":"product-type-simple"},"_links":{"self":[{"href":"https:\/\/camaleoparty.ch\/de\/wp-json\/wp\/v2\/product\/42167","targetHints":{"allow":["GET"]}}],"collection":[{"href":"https:\/\/camaleoparty.ch\/de\/wp-json\/wp\/v2\/product"}],"about":[{"href":"https:\/\/camaleoparty.ch\/de\/wp-json\/wp\/v2\/types\/product"}],"replies":[{"embeddable":true,"href":"https:\/\/camaleoparty.ch\/de\/wp-json\/wp\/v2\/comments?post=42167"}],"wp:featuredmedia":[{"embeddable":true,"href":"https:\/\/camaleoparty.ch\/de\/wp-json\/wp\/v2\/media\/36622"}],"wp:attachment":[{"href":"https:\/\/camaleoparty.ch\/de\/wp-json\/wp\/v2\/media?parent=42167"}],"wp:term":[{"taxonomy":"product_cat","embeddable":true,"href":"https:\/\/camaleoparty.ch\/de\/wp-json\/wp\/v2\/product_cat?post=42167"},{"taxonomy":"product_tag","embeddable":true,"href":"https:\/\/camaleoparty.ch\/de\/wp-json\/wp\/v2\/product_tag?post=42167"}],"curies":[{"name":"wp","href":"https:\/\/api.w.org\/{rel}","templated":true}]}}