{"id":42164,"date":"2023-11-14T14:38:00","date_gmt":"2024-07-27T08:09:28","guid":{"rendered":"https:\/\/pikasworld.ch\/product\/obere-torte-hallo-baby\/"},"modified":"2024-11-08T13:44:51","modified_gmt":"2024-11-08T12:44:51","slug":"obere-torte-hallo-baby","status":"publish","type":"product","link":"https:\/\/camaleoparty.ch\/de\/produkt\/obere-torte-hallo-baby\/","title":{"rendered":"Obere Torte &#8222;Hallo Baby&#8220;"},"content":{"rendered":"<p><font style=\"font-family: futura-pt, sans-serif;font-size: 16px;font-style: normal;font-weight: 400;letter-spacing: 1px;text-align: left;text-indent: 0px;text-transform: none;text-decoration: none;vertical-align: inherit\"><font style=\"vertical-align: inherit\">Verleihen Sie Ihrer Babyparty den perfekten letzten Schliff! mit dieser Hello Baby-Babyshower-Kuchendekoration, der perfekte Abschluss f\u00fcr Ihre Baby Shower Kuchendekoration! <\/font><\/font><\/p>\n<p><font style=\"font-family: futura-pt, sans-serif;font-size: 16px;font-style: normal;font-weight: 400;letter-spacing: 1px;text-align: left;text-indent: 0px;text-transform: none;text-decoration: none;vertical-align: inherit\"><font style=\"vertical-align: inherit\">Kombinieren Sie diese elegante Kuchendekoration mit Dekorationen und Zubeh\u00f6r f\u00fcr Babypartys aus unserer Hello Baby-Kollektion, mit einer neutralen Farbpalette wirklich zum mit Elementen aus Holz und Korbgeflechtanbieten. <\/font><\/font><\/p>\n<p><font style=\"font-family: futura-pt, sans-serif;font-size: 16px;font-style: normal;font-weight: 400;letter-spacing: 1px;text-align: left;text-indent: 0px;text-transform: none;text-decoration: none;vertical-align: inherit\"><font style=\"vertical-align: inherit\">Jede Packung enth\u00e4lt 1 runde Kuchendekoration aus Holz. mit dem Slogan &#8220; Hello Baby&#8220; aus wei\u00dfem Acryl, mit den Ma\u00dfen 18 cm (H) x 12 cm (B).<\/font><\/font><\/p>\n","protected":false},"excerpt":{"rendered":"<p><font style=\"font-family: futura-pt, sans-serif;font-size: 16px;font-style: normal;font-weight: 400;letter-spacing: 1px;text-align: start;text-indent: 0px;text-transform: none;text-decoration: none;vertical-align: inherit\">Verleihen Sie Ihrer Babyparty den perfekten Abschluss mit dieser Kuchendekoration aus Holz f\u00fcr die Baby Shower Hello Baby.<span class=\"Apple-converted-space\">&nbsp;<\/span><\/font><font style=\"font-family: futura-pt, sans-serif;font-size: 16px;font-style: normal;font-weight: 400;letter-spacing: 1px;text-align: start;text-indent: 0px;text-transform: none;text-decoration: none;vertical-align: inherit\">Jede Packung enth\u00e4lt 1 x Baby Shower Cake Decoration mit den Ma\u00dfen 18 cm (H) x 12 cm (B).<\/font><\/p>\n","protected":false},"featured_media":36664,"comment_status":"open","ping_status":"closed","template":"","meta":[],"product_cat":[185,151,385,181],"product_tag":[],"class_list":{"0":"post-42164","1":"product","2":"type-product","3":"status-publish","4":"has-post-thumbnail","6":"product_brand-gingerray-de","7":"product_cat-baby-shower-de","8":"product_cat-cake-toppers-de","9":"product_cat-gender-reveal-party-de","10":"product_cat-saisonal","12":"first","13":"instock","14":"taxable","15":"shipping-taxable","16":"purchasable","17":"product-type-simple"},"_links":{"self":[{"href":"https:\/\/camaleoparty.ch\/de\/wp-json\/wp\/v2\/product\/42164","targetHints":{"allow":["GET"]}}],"collection":[{"href":"https:\/\/camaleoparty.ch\/de\/wp-json\/wp\/v2\/product"}],"about":[{"href":"https:\/\/camaleoparty.ch\/de\/wp-json\/wp\/v2\/types\/product"}],"replies":[{"embeddable":true,"href":"https:\/\/camaleoparty.ch\/de\/wp-json\/wp\/v2\/comments?post=42164"}],"wp:featuredmedia":[{"embeddable":true,"href":"https:\/\/camaleoparty.ch\/de\/wp-json\/wp\/v2\/media\/36664"}],"wp:attachment":[{"href":"https:\/\/camaleoparty.ch\/de\/wp-json\/wp\/v2\/media?parent=42164"}],"wp:term":[{"taxonomy":"product_cat","embeddable":true,"href":"https:\/\/camaleoparty.ch\/de\/wp-json\/wp\/v2\/product_cat?post=42164"},{"taxonomy":"product_tag","embeddable":true,"href":"https:\/\/camaleoparty.ch\/de\/wp-json\/wp\/v2\/product_tag?post=42164"}],"curies":[{"name":"wp","href":"https:\/\/api.w.org\/{rel}","templated":true}]}}