{"id":42159,"date":"2023-12-03T04:14:33","date_gmt":"2024-07-27T08:02:48","guid":{"rendered":"https:\/\/pikasworld.ch\/product\/fussballplatzplatten\/"},"modified":"2024-11-08T13:43:43","modified_gmt":"2024-11-08T12:43:43","slug":"fussballplatzplatten","status":"publish","type":"product","link":"https:\/\/camaleoparty.ch\/de\/produkt\/fussballplatzplatten\/","title":{"rendered":"Fu\u00dfballplatzplatten"},"content":{"rendered":"<p style=\"margin: 0px;padding: 0px;border: 0px;font-size: 16px;font-family: futura-pt, sans-serif;font-weight: 400;vertical-align: initial;text-transform: none;border-radius: 0px;font-style: normal;letter-spacing: 1px;text-align: left;text-indent: 0px;text-decoration: none\"><font style=\"vertical-align: inherit\"><font style=\"vertical-align: inherit\">Das ist ein Ziel! <\/font><font style=\"vertical-align: inherit\">Wenn Sie ein Kleinkind haben, das vom Fu\u00dfball nicht genug bekommen kann, suchen Sie nicht weiter.<\/font><\/font><\/p>\n<p><span style=\"font-family: futura-pt, sans-serif;font-size: 16px;font-style: normal;font-weight: 400;letter-spacing: 1px;text-align: left;text-indent: 0px;text-transform: none;text-decoration: none;float: none\"> <\/span><\/p>\n<p style=\"margin: 0px;padding: 0px;border: 0px;font-size: 16px;font-family: futura-pt, sans-serif;font-weight: 400;vertical-align: initial;text-transform: none;border-radius: 0px;font-style: normal;letter-spacing: 1px;text-align: left;text-indent: 0px;text-decoration: none\"><font style=\"vertical-align: inherit\"><font style=\"vertical-align: inherit\">Diese Fu\u00dfball-Partyteller sind ideal f\u00fcr Kindergeburtstage. Unsere neue &#8222;Kick off the Party&#8220; -Reihe umfasst Geschirr, Banner, Accessoires und vieles mehr.<\/font><\/font><\/p>\n<p><span style=\"font-family: futura-pt, sans-serif;font-size: 16px;font-style: normal;font-weight: 400;letter-spacing: 1px;text-align: left;text-indent: 0px;text-transform: none;text-decoration: none;float: none\"> <\/span><\/p>\n<p style=\"margin: 0px;padding: 0px;border: 0px;font-size: 16px;font-family: futura-pt, sans-serif;font-weight: 400;vertical-align: initial;text-transform: none;border-radius: 0px;font-style: normal;letter-spacing: 1px;text-align: left;text-indent: 0px;text-decoration: none\"><font style=\"vertical-align: inherit\"><font style=\"vertical-align: inherit\">Jede Packung enth\u00e4lt: 8 x Fu\u00dfball-Pappteller mit den Ma\u00dfen 17,7 cm (H) x 29,6 cm (B).<\/font><\/font><\/p>\n<p><span style=\"font-family: futura-pt, sans-serif;font-size: 16px;font-style: normal;font-weight: 400;letter-spacing: 1px;text-align: left;text-indent: 0px;text-transform: none;text-decoration: none;float: none\"> <\/span><\/p>\n<p style=\"margin: 0px;padding: 0px;border: 0px;font-size: 16px;font-family: futura-pt, sans-serif;font-weight: 400;vertical-align: initial;text-transform: none;border-radius: 0px;font-style: normal;letter-spacing: 1px;text-align: left;text-indent: 0px;text-decoration: none\"><font style=\"vertical-align: inherit\"><font style=\"vertical-align: inherit\">Das Produkt und die Verpackung sind recycelbar und FSC-zertifiziert.<\/font><\/font><\/p>\n","protected":false},"excerpt":{"rendered":"<p><font style=\"font-family: futura-pt, sans-serif;font-size: 16px;font-style: normal;font-weight: 400;letter-spacing: 1px;text-align: start;text-indent: 0px;text-transform: none;text-decoration: none;vertical-align: inherit\">Das ist ein Ziel!<span class=\"Apple-converted-space\">&nbsp;<\/span><\/font><font style=\"font-family: futura-pt, sans-serif;font-size: 16px;font-style: normal;font-weight: 400;letter-spacing: 1px;text-align: start;text-indent: 0px;text-transform: none;text-decoration: none;vertical-align: inherit\">Diese Pappteller werden jeden Fu\u00dfballfan begeistern<span class=\"Apple-converted-space\">&nbsp;<\/span> <\/font><font style=\"font-family: futura-pt, sans-serif;font-size: 16px;font-style: normal;font-weight: 400;letter-spacing: 1px;text-align: start;text-indent: 0px;text-transform: none;text-decoration: none;vertical-align: inherit\">Jede Packung enth\u00e4lt: 8 x Fu\u00dfball-Partyteller mit den Ma\u00dfen 17,7 cm (H) x 29,6 cm (B).<\/font><\/p>\n","protected":false},"featured_media":37152,"comment_status":"open","ping_status":"closed","template":"","meta":[],"product_cat":[648,183,181,149,147],"product_tag":[],"class_list":{"0":"post-42159","1":"product","2":"type-product","3":"status-publish","4":"has-post-thumbnail","6":"product_cat-fussball","7":"product_cat-geburtstag","8":"product_cat-saisonal","9":"product_cat-teller","10":"product_cat-verjaardags-en-feesttafelversieringen","12":"first","13":"instock","14":"taxable","15":"shipping-taxable","16":"purchasable","17":"product-type-simple"},"_links":{"self":[{"href":"https:\/\/camaleoparty.ch\/de\/wp-json\/wp\/v2\/product\/42159","targetHints":{"allow":["GET"]}}],"collection":[{"href":"https:\/\/camaleoparty.ch\/de\/wp-json\/wp\/v2\/product"}],"about":[{"href":"https:\/\/camaleoparty.ch\/de\/wp-json\/wp\/v2\/types\/product"}],"replies":[{"embeddable":true,"href":"https:\/\/camaleoparty.ch\/de\/wp-json\/wp\/v2\/comments?post=42159"}],"wp:featuredmedia":[{"embeddable":true,"href":"https:\/\/camaleoparty.ch\/de\/wp-json\/wp\/v2\/media\/37152"}],"wp:attachment":[{"href":"https:\/\/camaleoparty.ch\/de\/wp-json\/wp\/v2\/media?parent=42159"}],"wp:term":[{"taxonomy":"product_cat","embeddable":true,"href":"https:\/\/camaleoparty.ch\/de\/wp-json\/wp\/v2\/product_cat?post=42159"},{"taxonomy":"product_tag","embeddable":true,"href":"https:\/\/camaleoparty.ch\/de\/wp-json\/wp\/v2\/product_tag?post=42159"}],"curies":[{"name":"wp","href":"https:\/\/api.w.org\/{rel}","templated":true}]}}