{"id":42155,"date":"2025-11-11T11:29:29","date_gmt":"2024-07-27T07:57:59","guid":{"rendered":"https:\/\/pikasworld.ch\/product\/gamer-teller\/"},"modified":"2025-11-11T11:29:34","modified_gmt":"2025-11-11T10:29:34","slug":"gamer-teller","status":"publish","type":"product","link":"https:\/\/camaleoparty.ch\/de\/produkt\/gamer-teller\/","title":{"rendered":"Gamer-Teller"},"content":{"rendered":"<p><font style=\"font-family: futura-pt, sans-serif;font-size: 16px;font-style: normal;font-weight: 400;letter-spacing: 1px;text-align: left;text-indent: 0px;text-transform: none;text-decoration: none;vertical-align: inherit\"><font style=\"vertical-align: inherit\">Wenn Sie ein Kleinkind haben, das von dem Spiel nicht genug bekommen kann, suchen Sie nicht weiter. <\/font><font style=\"vertical-align: inherit\">Diese Pappteller mit Controller-Druck mit mit gr\u00fcnen Highlights werden jeden Spielefan begeistern! <\/font><\/font><\/p>\n<p><font style=\"font-family: futura-pt, sans-serif;font-size: 16px;font-style: normal;font-weight: 400;letter-spacing: 1px;text-align: left;text-indent: 0px;text-transform: none;text-decoration: none;vertical-align: inherit\"><font style=\"vertical-align: inherit\">Es ist an der Zeit, Ihre Partydekoration zu verbessern mit unserer neuen Partyartikelserie &#8220; Game On &#8222;, vom passenden Partygeschirr bis hin zu beeindruckenden S\u00fc\u00dfigkeitenst\u00e4nden &#8211; sind Sie bereit f\u00fcr die Herausforderung? <\/font><font style=\"vertical-align: inherit\">Spielen Sie&nbsp; !<\/font> <\/font><br \/>\n<span style=\"font-family: futura-pt, sans-serif;font-size: 16px;font-style: normal;font-weight: 400;letter-spacing: 1px;text-align: left;text-indent: 0px;text-transform: none;text-decoration: none;float: none\">&nbsp; <\/span><br \/>\n<font style=\"font-family: futura-pt, sans-serif;font-size: 16px;font-style: normal;font-weight: 400;letter-spacing: 1px;text-align: left;text-indent: 0px;text-transform: none;text-decoration: none;vertical-align: inherit\"><font style=\"vertical-align: inherit\">Jede Packung enth\u00e4lt 8 Pappteller mit einem Durchmesser von 25 cm . <\/font><\/font><br \/>\n<font style=\"font-family: futura-pt, sans-serif;font-size: 16px;font-style: normal;font-weight: 400;letter-spacing: 1px;text-align: left;text-indent: 0px;text-transform: none;text-decoration: none;vertical-align: inherit\"><font style=\"vertical-align: inherit\">Das Produkt und die Verpackung sind recycelbar und FSC-zertifiziert.<\/font><\/font><\/p>\n","protected":false},"excerpt":{"rendered":"<p><font style=\"font-family: futura-pt, sans-serif;font-size: 16px;font-style: normal;font-weight: 400;letter-spacing: 1px;text-align: start;text-indent: 0px;text-transform: none;text-decoration: none;vertical-align: inherit\">Diese Pappteller mit Controller-Druck mit mit gr\u00fcnen Highlights werden jeden Spielefan begeistern!<span class=\"Apple-converted-space\">&nbsp;<\/span><\/font><font style=\"font-family: futura-pt, sans-serif;font-size: 16px;font-style: normal;font-weight: 400;letter-spacing: 1px;text-align: start;text-indent: 0px;text-transform: none;text-decoration: none;vertical-align: inherit\">Jede Packung enth\u00e4lt 8 Partyteller.<\/font><\/p>\n","protected":false},"featured_media":37190,"comment_status":"open","ping_status":"closed","template":"","meta":[],"product_cat":[646,183,181,149,147],"product_tag":[],"class_list":{"0":"post-42155","1":"product","2":"type-product","3":"status-publish","4":"has-post-thumbnail","6":"product_cat-gamer-de","7":"product_cat-geburtstag","8":"product_cat-saisonal","9":"product_cat-teller","10":"product_cat-verjaardags-en-feesttafelversieringen","12":"first","13":"outofstock","14":"taxable","15":"shipping-taxable","16":"purchasable","17":"product-type-simple"},"_links":{"self":[{"href":"https:\/\/camaleoparty.ch\/de\/wp-json\/wp\/v2\/product\/42155","targetHints":{"allow":["GET"]}}],"collection":[{"href":"https:\/\/camaleoparty.ch\/de\/wp-json\/wp\/v2\/product"}],"about":[{"href":"https:\/\/camaleoparty.ch\/de\/wp-json\/wp\/v2\/types\/product"}],"replies":[{"embeddable":true,"href":"https:\/\/camaleoparty.ch\/de\/wp-json\/wp\/v2\/comments?post=42155"}],"wp:featuredmedia":[{"embeddable":true,"href":"https:\/\/camaleoparty.ch\/de\/wp-json\/wp\/v2\/media\/37190"}],"wp:attachment":[{"href":"https:\/\/camaleoparty.ch\/de\/wp-json\/wp\/v2\/media?parent=42155"}],"wp:term":[{"taxonomy":"product_cat","embeddable":true,"href":"https:\/\/camaleoparty.ch\/de\/wp-json\/wp\/v2\/product_cat?post=42155"},{"taxonomy":"product_tag","embeddable":true,"href":"https:\/\/camaleoparty.ch\/de\/wp-json\/wp\/v2\/product_tag?post=42155"}],"curies":[{"name":"wp","href":"https:\/\/api.w.org\/{rel}","templated":true}]}}