{"id":42153,"date":"2025-11-11T11:29:23","date_gmt":"2024-07-27T07:56:27","guid":{"rendered":"https:\/\/pikasworld.ch\/product\/gamer-cups\/"},"modified":"2025-11-11T11:29:28","modified_gmt":"2025-11-11T10:29:28","slug":"gamer-cups","status":"publish","type":"product","link":"https:\/\/camaleoparty.ch\/de\/produkt\/gamer-cups\/","title":{"rendered":"Gamer-Cups"},"content":{"rendered":"<p style=\"margin: 0px;padding: 0px;border: 0px;font-size: 16px;font-family: futura-pt, sans-serif;font-weight: 400;vertical-align: initial;text-transform: none;border-radius: 0px;font-style: normal;letter-spacing: 1px;text-align: left;text-indent: 0px;text-decoration: none\"><font style=\"vertical-align: inherit\"><font style=\"vertical-align: inherit\">Vervollst\u00e4ndige die Levels mit diesen Pappbechern f\u00fcr Pop-out-Controller.out &#8211; sie werden alle Spielefans begeistern&nbsp;!<\/font><\/font><\/p>\n<p><span style=\"font-family: futura-pt, sans-serif;font-size: 16px;font-style: normal;font-weight: 400;letter-spacing: 1px;text-align: left;text-indent: 0px;text-transform: none;text-decoration: none;float: none\"> <\/span><\/p>\n<p style=\"margin: 0px;padding: 0px;border: 0px;font-size: 16px;font-family: futura-pt, sans-serif;font-weight: 400;vertical-align: initial;text-transform: none;border-radius: 0px;font-style: normal;letter-spacing: 1px;text-align: left;text-indent: 0px;text-decoration: none\"><font style=\"vertical-align: inherit\"><font style=\"vertical-align: inherit\">Es ist an der Zeit, Ihre Partydekoration zu verbessern mit unserer neuen Partyartikelserie &#8220; Game On &#8222;, vom passenden Partygeschirr bis hin zu beeindruckenden S\u00fc\u00dfigkeitenst\u00e4nden &#8211; sind Sie bereit f\u00fcr die Herausforderung? <\/font><font style=\"vertical-align: inherit\">Spielen Sie&nbsp;!<\/font> <\/font><\/p>\n<p><font style=\"vertical-align: inherit\"><font style=\"vertical-align: inherit\">Jede Packung enth\u00e4lt 8 Partybecher mit einem Fassungsverm\u00f6gen von 9 oz. <\/font><\/font><br \/>\n<font style=\"vertical-align: inherit\"><font style=\"vertical-align: inherit\">Die Verpackung ist sowohl recycelbar als auch FSC-zertifiziert.<\/font><\/font><\/p>\n","protected":false},"excerpt":{"rendered":"<p><font style=\"font-family: futura-pt, sans-serif;font-size: 16px;font-style: normal;font-weight: 400;letter-spacing: 1px;text-align: start;text-indent: 0px;text-transform: none;text-decoration: none;vertical-align: inherit\">Vervollst\u00e4ndige die Levels mit diesen Pop-out-Partybechern!<span class=\"Apple-converted-space\">&nbsp;<\/span><\/font><font style=\"font-family: futura-pt, sans-serif;font-size: 16px;font-style: normal;font-weight: 400;letter-spacing: 1px;text-align: start;text-indent: 0px;text-transform: none;text-decoration: none;vertical-align: inherit\">Jede Packung enth\u00e4lt 8 Partybecher mit einem Fassungsverm\u00f6gen von 9 oz.<\/font><\/p>\n","protected":false},"featured_media":37197,"comment_status":"open","ping_status":"closed","template":"","meta":[],"product_cat":[157,646,183,181,147],"product_tag":[],"class_list":{"0":"post-42153","1":"product","2":"type-product","3":"status-publish","4":"has-post-thumbnail","6":"product_cat-becher","7":"product_cat-gamer-de","8":"product_cat-geburtstag","9":"product_cat-saisonal","10":"product_cat-verjaardags-en-feesttafelversieringen","12":"first","13":"outofstock","14":"taxable","15":"shipping-taxable","16":"purchasable","17":"product-type-simple"},"_links":{"self":[{"href":"https:\/\/camaleoparty.ch\/de\/wp-json\/wp\/v2\/product\/42153","targetHints":{"allow":["GET"]}}],"collection":[{"href":"https:\/\/camaleoparty.ch\/de\/wp-json\/wp\/v2\/product"}],"about":[{"href":"https:\/\/camaleoparty.ch\/de\/wp-json\/wp\/v2\/types\/product"}],"replies":[{"embeddable":true,"href":"https:\/\/camaleoparty.ch\/de\/wp-json\/wp\/v2\/comments?post=42153"}],"wp:featuredmedia":[{"embeddable":true,"href":"https:\/\/camaleoparty.ch\/de\/wp-json\/wp\/v2\/media\/37197"}],"wp:attachment":[{"href":"https:\/\/camaleoparty.ch\/de\/wp-json\/wp\/v2\/media?parent=42153"}],"wp:term":[{"taxonomy":"product_cat","embeddable":true,"href":"https:\/\/camaleoparty.ch\/de\/wp-json\/wp\/v2\/product_cat?post=42153"},{"taxonomy":"product_tag","embeddable":true,"href":"https:\/\/camaleoparty.ch\/de\/wp-json\/wp\/v2\/product_tag?post=42153"}],"curies":[{"name":"wp","href":"https:\/\/api.w.org\/{rel}","templated":true}]}}