{"id":42152,"date":"2025-11-11T11:29:10","date_gmt":"2024-07-27T07:54:48","guid":{"rendered":"https:\/\/pikasworld.ch\/product\/servietten-gamer\/"},"modified":"2025-11-11T11:29:16","modified_gmt":"2025-11-11T10:29:16","slug":"servietten-gamer","status":"publish","type":"product","link":"https:\/\/camaleoparty.ch\/de\/produkt\/servietten-gamer\/","title":{"rendered":"Servietten Gamer"},"content":{"rendered":"<p style=\"margin: 0px; padding: 0px; border: 0px; font-size: 16px; font-family: futura-pt, sans-serif; font-weight: 400; vertical-align: initial; text-transform: none; border-radius: 0px; font-style: normal; letter-spacing: 1px; text-align: left; text-indent: 0px; text-decoration: none;\"><span style=\"vertical-align: inherit;\"><span style=\"vertical-align: inherit;\">Beeindrucken Sie Ihre G\u00e4ste mit diesen Papierservietten mit epischem Controller-Druck. sie werden jeden Spielefan begeistern!<\/span><\/span><\/p>\n<p>&nbsp;<\/p>\n<p style=\"margin: 0px; padding: 0px; border: 0px; font-size: 16px; font-family: futura-pt, sans-serif; font-weight: 400; vertical-align: initial; text-transform: none; border-radius: 0px; font-style: normal; letter-spacing: 1px; text-align: left; text-indent: 0px; text-decoration: none;\"><span style=\"vertical-align: inherit;\"><span style=\"vertical-align: inherit;\">Es ist an der Zeit, Ihre Partydekoration zu verbessern mit unserer neuen Partyartikelserie &#8220; Game On &#8222;, vom passenden Partygeschirr bis hin zu beeindruckenden S\u00fc\u00dfigkeitenst\u00e4nden &#8211; sind Sie bereit f\u00fcr die Herausforderung? <\/span><span style=\"vertical-align: inherit;\">Spielen! <\/span><\/span><\/p>\n<p><span style=\"vertical-align: inherit;\"><span style=\"vertical-align: inherit;\">Jede Packung enth\u00e4lt 16 Papierhandt\u00fccher mit einer Gr\u00f6\u00dfe von 16,5 cm (l). <\/span><\/span><br \/>\n<span style=\"vertical-align: inherit;\"><span style=\"vertical-align: inherit;\">Die Verpackung ist recycelbar und sowohl das Produkt als auch die Verpackung sind FSC-zertifiziert.<\/span><\/span><\/p>\n","protected":false},"excerpt":{"rendered":"<p><span style=\"font-family: futura-pt, sans-serif; font-size: 16px; font-style: normal; font-weight: 400; letter-spacing: 1px; text-align: start; text-indent: 0px; text-transform: none; text-decoration: none; vertical-align: inherit;\">Beeindrucken Sie Ihre G\u00e4ste mit diesen epischen Controller-Papierservietten.<span class=\"Apple-converted-space\"> <\/span><\/span><span style=\"font-family: futura-pt, sans-serif; font-size: 16px; font-style: normal; font-weight: 400; letter-spacing: 1px; text-align: start; text-indent: 0px; text-transform: none; text-decoration: none; vertical-align: inherit;\">Jede Packung enth\u00e4lt 16 x Partyservietten.<\/span><\/p>\n","protected":false},"featured_media":37211,"comment_status":"open","ping_status":"closed","template":"","meta":[],"product_cat":[646,183,181,161,147],"product_tag":[],"class_list":{"0":"post-42152","1":"product","2":"type-product","3":"status-publish","4":"has-post-thumbnail","6":"product_brand-gingerray-de","7":"product_cat-gamer-de","8":"product_cat-geburtstag","9":"product_cat-saisonal","10":"product_cat-servietten","11":"product_cat-verjaardags-en-feesttafelversieringen","12":"pa_decoration-de-table-servietten","14":"first","15":"outofstock","16":"taxable","17":"shipping-taxable","18":"purchasable","19":"product-type-simple"},"_links":{"self":[{"href":"https:\/\/camaleoparty.ch\/de\/wp-json\/wp\/v2\/product\/42152","targetHints":{"allow":["GET"]}}],"collection":[{"href":"https:\/\/camaleoparty.ch\/de\/wp-json\/wp\/v2\/product"}],"about":[{"href":"https:\/\/camaleoparty.ch\/de\/wp-json\/wp\/v2\/types\/product"}],"replies":[{"embeddable":true,"href":"https:\/\/camaleoparty.ch\/de\/wp-json\/wp\/v2\/comments?post=42152"}],"wp:featuredmedia":[{"embeddable":true,"href":"https:\/\/camaleoparty.ch\/de\/wp-json\/wp\/v2\/media\/37211"}],"wp:attachment":[{"href":"https:\/\/camaleoparty.ch\/de\/wp-json\/wp\/v2\/media?parent=42152"}],"wp:term":[{"taxonomy":"product_cat","embeddable":true,"href":"https:\/\/camaleoparty.ch\/de\/wp-json\/wp\/v2\/product_cat?post=42152"},{"taxonomy":"product_tag","embeddable":true,"href":"https:\/\/camaleoparty.ch\/de\/wp-json\/wp\/v2\/product_tag?post=42152"}],"curies":[{"name":"wp","href":"https:\/\/api.w.org\/{rel}","templated":true}]}}