{"id":42148,"date":"2023-12-06T19:04:00","date_gmt":"2024-07-27T07:51:24","guid":{"rendered":"https:\/\/pikasworld.ch\/product\/12-ballons-blush-et-oder-rose\/"},"modified":"2024-11-08T13:43:27","modified_gmt":"2024-11-08T12:43:27","slug":"12-ballons-blush-et-oder-rose","status":"publish","type":"product","link":"https:\/\/camaleoparty.ch\/de\/produkt\/12-ballons-blush-et-oder-rose\/","title":{"rendered":"12 Ballons blush et oder rose"},"content":{"rendered":"<p style=\"margin: 0px;padding: 0px;border: 0px;font-size: 16px;font-family: futura-pt, sans-serif;font-weight: 400;vertical-align: initial;text-transform: none;border-radius: 0px;font-style: normal;letter-spacing: 1px;text-align: left;text-indent: 0px;text-decoration: none\"><font style=\"vertical-align: inherit\"><font style=\"vertical-align: inherit\">Diese gemischten Partyballons in Ros\u00e9gold und Pink eignen sich perfekt f\u00fcr alle Anl\u00e4sse &#8211; ihr einfaches Design passt zu jedem Thema!<\/font><\/font><\/p>\n<p><span style=\"font-family: futura-pt, sans-serif;font-size: 16px;font-style: normal;font-weight: 400;letter-spacing: 1px;text-align: left;text-indent: 0px;text-transform: none;text-decoration: none;float: none\"> <\/span><\/p>\n<p style=\"margin: 0px;padding: 0px;border: 0px;font-size: 16px;font-family: futura-pt, sans-serif;font-weight: 400;vertical-align: initial;text-transform: none;border-radius: 0px;font-style: normal;letter-spacing: 1px;text-align: left;text-indent: 0px;text-decoration: none\"><font style=\"vertical-align: inherit\"><font style=\"vertical-align: inherit\">Entdecken Sie unser Sortiment Mix It Up f\u00fcr Lieferungen <\/font><\/font><u style=\"margin: 0px;padding: 0px;border: 0px;font-size: inherit;font-family: inherit;font-weight: inherit;vertical-align: initial;color: inherit;text-transform: none;border-radius: 0px\"><a href=\"https:\/\/www.gingerray.eu\/party\" target=\"_blank\" style=\"margin: 0px;padding: 0px;border: 0px;font-size: inherit;font-family: inherit;font-weight: inherit;vertical-align: initial;color: inherit;text-transform: none;border-radius: 0px;background-color: transparent;text-decoration: none;cursor: pointer\" rel=\"noopener\"><font style=\"vertical-align: inherit\"><font style=\"vertical-align: inherit\">Party<\/font><\/font><\/a><\/u><font style=\"vertical-align: inherit\"> <font style=\"vertical-align: inherit\">f\u00fcr jeden Anlass. <\/font><font style=\"vertical-align: inherit\">Egal, ob Sie sich einen fabelhaften Fotoautomaten w\u00fcnschen, ein wundersch\u00f6nes Partygeschirr oder ein atemberaubendes Herzst\u00fcck aus Ballons, auf die Mischung kommt es an&nbsp;!<\/font><\/font><\/p>\n<p><span style=\"font-family: futura-pt, sans-serif;font-size: 16px;font-style: normal;font-weight: 400;letter-spacing: 1px;text-align: left;text-indent: 0px;text-transform: none;text-decoration: none;float: none\"> <\/span><\/p>\n<p style=\"margin: 0px;padding: 0px;border: 0px;font-size: 16px;font-family: futura-pt, sans-serif;font-weight: 400;vertical-align: initial;text-transform: none;border-radius: 0px;font-style: normal;letter-spacing: 1px;text-align: left;text-indent: 0px;text-decoration: none\"><font style=\"vertical-align: inherit\"><font style=\"vertical-align: inherit\">Jede Packung enth\u00e4lt 12 Ballons &#8211; (2 Ballons aus 18 Zoll herzf\u00f6rmiges Aluminium in Ros\u00e9gold, 2 runde 18-Zoll-Aluminiumballons in Ros\u00e9gold, 2 Konfettiballons in 12 Zoll Ros\u00e9gold, 2 x 12 Zoll Latex-Konfettiballons in Herzform 2 Zoll, 2 Latexballons Pfirsich \u00e0 12 Zoll 2 x Latex hellrosa \u00e0 12 Zoll<\/font><\/font><\/p>\n","protected":false},"excerpt":{"rendered":"<p><font style=\"font-family: futura-pt, sans-serif;font-size: 16px;font-style: normal;font-weight: 400;letter-spacing: 1px;text-align: start;text-indent: 0px;text-transform: none;text-decoration: none;vertical-align: inherit\">Diese glitzernden Ballons in Ros\u00e9gold eignen sich perfekt. als Paket oder im Raum verstreut.<span class=\"Apple-converted-space\">&nbsp;<\/span><\/font><font style=\"font-family: futura-pt, sans-serif;font-size: 16px;font-style: normal;font-weight: 400;letter-spacing: 1px;text-align: start;text-indent: 0px;text-transform: none;text-decoration: none;vertical-align: inherit\">Jede Packung enth\u00e4lt eine Mischung aus 12 goldenen Ballons. rosa und pink in Latexmustern und Konfetti.<\/font><\/p>\n","protected":false},"featured_media":37239,"comment_status":"open","ping_status":"closed","template":"","meta":[],"product_cat":[185,165,163,1289,183,391,553,591,1204,181,1166],"product_tag":[],"class_list":{"0":"post-42148","1":"product","2":"type-product","3":"status-publish","4":"has-post-thumbnail","6":"product_brand-gingerray-de","7":"product_cat-baby-shower-de","8":"product_cat-ballone","9":"product_cat-dekoration","10":"product_cat-evjf-dekoration","11":"product_cat-geburtstag","12":"product_cat-hen-party-polter-abend","13":"product_cat-muttertag","14":"product_cat-prinzessin-de","15":"product_cat-rosa","16":"product_cat-saisonal","17":"product_cat-valentinstag","19":"first","20":"instock","21":"taxable","22":"shipping-taxable","23":"purchasable","24":"product-type-simple"},"_links":{"self":[{"href":"https:\/\/camaleoparty.ch\/de\/wp-json\/wp\/v2\/product\/42148","targetHints":{"allow":["GET"]}}],"collection":[{"href":"https:\/\/camaleoparty.ch\/de\/wp-json\/wp\/v2\/product"}],"about":[{"href":"https:\/\/camaleoparty.ch\/de\/wp-json\/wp\/v2\/types\/product"}],"replies":[{"embeddable":true,"href":"https:\/\/camaleoparty.ch\/de\/wp-json\/wp\/v2\/comments?post=42148"}],"wp:featuredmedia":[{"embeddable":true,"href":"https:\/\/camaleoparty.ch\/de\/wp-json\/wp\/v2\/media\/37239"}],"wp:attachment":[{"href":"https:\/\/camaleoparty.ch\/de\/wp-json\/wp\/v2\/media?parent=42148"}],"wp:term":[{"taxonomy":"product_cat","embeddable":true,"href":"https:\/\/camaleoparty.ch\/de\/wp-json\/wp\/v2\/product_cat?post=42148"},{"taxonomy":"product_tag","embeddable":true,"href":"https:\/\/camaleoparty.ch\/de\/wp-json\/wp\/v2\/product_tag?post=42148"}],"curies":[{"name":"wp","href":"https:\/\/api.w.org\/{rel}","templated":true}]}}