{"id":42143,"date":"2023-12-12T15:22:03","date_gmt":"2024-07-27T07:37:35","guid":{"rendered":"https:\/\/pikasworld.ch\/product\/servietten-dinosaure-rose16-stueck\/"},"modified":"2024-11-08T13:43:13","modified_gmt":"2024-11-08T12:43:13","slug":"servietten-dinosaure-rose16-stueck","status":"publish","type":"product","link":"https:\/\/camaleoparty.ch\/de\/produkt\/servietten-dinosaure-rose16-stueck\/","title":{"rendered":"Servietten dinosaure rose,16 St\u00fcck"},"content":{"rendered":"<p>Beeindrucken Sie Ihre G\u00e4ste mit diesen absolut roarsomes 3D-Dinosaurier-Papierservietten!<\/p>\n<p><strong>Eigenschaften :<\/strong><\/p>\n<ul>\n<li><strong> Einzigartiges Design:<\/strong> 3D-Dinosaurier , der Jung und Alt vor Freude br\u00fcllen l\u00e4sst.<\/li>\n<li><strong>Ma\u00dfe:<\/strong> 16,5 cm x 16,5 cm, wenn sie gefaltet sind.<\/li>\n<li><strong>Menge:<\/strong> Jede Packung enth\u00e4lt 16 Partyservietten.<\/li>\n<\/ul>\n<p><strong>Perfekt f\u00fcr:<\/strong><\/p>\n<ul>\n<li><strong> Dinosaurier-Partys:<\/strong> Ideal f\u00fcr eine Party zum Thema Dinosaurier.<\/li>\n<li><strong>Geburtstage:<\/strong> Verleihen Sie dem Geburtstag Ihres Kindes einen pr\u00e4historischen Touch.<\/li>\n<li><strong> AufgebauteSt\u00fccke:<\/strong> perfekt als Beilage zu einer Dinosauriertorte oder einem Partybuffet.<\/li>\n<\/ul>\n<p><strong>Coordonnez avec :<\/strong><\/p>\n<ul>\n<li><strong>Serie &#8218;Party like a Dinosaur&#8216; :<\/strong> kombinieren Sie diese Servietten mit unserem beeindruckenden Bogen aus pastellfarbenen Luftballons, unseren Dinosauriergirlanden und vielem mehr!<\/li>\n<\/ul>\n<p><strong>Umweltfreundlich :<\/strong><\/p>\n<ul>\n<li><strong> RecycelbareVerpackung:<\/strong> umweltfreundlich.<\/li>\n<li><strong> FSC-Zertifizierung:<\/strong> FSC-zertifiziertes Produkt und FSC-zertifizierte Verpackung f\u00fcr eine umweltfreundliche Wahl.<\/li>\n<\/ul>\n<p>&nbsp;<\/p>\n","protected":false},"excerpt":{"rendered":"<p>Machen Sie Ihre Party zu einem unvergesslichen jurassischen Abenteuer! mit diesen 3D-Dinosaurier-Papierservietten. Ihre G\u00e4ste werden \u00fcber dieses einzigartige, spa\u00dfige Detail staunen!<\/p>\n","protected":false},"featured_media":37359,"comment_status":"open","ping_status":"closed","template":"","meta":[],"product_cat":[215,183,1204,181,161,147],"product_tag":[],"class_list":{"0":"post-42143","1":"product","2":"type-product","3":"status-publish","4":"has-post-thumbnail","6":"product_brand-gingerray-de","7":"product_cat-dinosaurier","8":"product_cat-geburtstag","9":"product_cat-rosa","10":"product_cat-saisonal","11":"product_cat-servietten","12":"product_cat-verjaardags-en-feesttafelversieringen","14":"first","15":"instock","16":"taxable","17":"shipping-taxable","18":"purchasable","19":"product-type-simple"},"_links":{"self":[{"href":"https:\/\/camaleoparty.ch\/de\/wp-json\/wp\/v2\/product\/42143","targetHints":{"allow":["GET"]}}],"collection":[{"href":"https:\/\/camaleoparty.ch\/de\/wp-json\/wp\/v2\/product"}],"about":[{"href":"https:\/\/camaleoparty.ch\/de\/wp-json\/wp\/v2\/types\/product"}],"replies":[{"embeddable":true,"href":"https:\/\/camaleoparty.ch\/de\/wp-json\/wp\/v2\/comments?post=42143"}],"wp:featuredmedia":[{"embeddable":true,"href":"https:\/\/camaleoparty.ch\/de\/wp-json\/wp\/v2\/media\/37359"}],"wp:attachment":[{"href":"https:\/\/camaleoparty.ch\/de\/wp-json\/wp\/v2\/media?parent=42143"}],"wp:term":[{"taxonomy":"product_cat","embeddable":true,"href":"https:\/\/camaleoparty.ch\/de\/wp-json\/wp\/v2\/product_cat?post=42143"},{"taxonomy":"product_tag","embeddable":true,"href":"https:\/\/camaleoparty.ch\/de\/wp-json\/wp\/v2\/product_tag?post=42143"}],"curies":[{"name":"wp","href":"https:\/\/api.w.org\/{rel}","templated":true}]}}