{"id":42131,"date":"2023-10-12T16:13:00","date_gmt":"2024-07-24T06:56:08","guid":{"rendered":"https:\/\/pikasworld.ch\/product\/ballon-en-mylar-narval-1-stueck\/"},"modified":"2024-11-08T13:50:34","modified_gmt":"2024-11-08T12:50:34","slug":"ballon-en-mylar-narval-1-stueck","status":"publish","type":"product","link":"https:\/\/camaleoparty.ch\/de\/produkt\/ballon-en-mylar-narval-1-stueck\/","title":{"rendered":"Ballon en Mylar Narval, 1 St\u00fcck"},"content":{"rendered":"<div class=\"product__description\"> <strong>Tauchen Sie mit diesem gl\u00e4nzenden Mylar-Ballon Narval in ein Meer der Magie ein!<\/strong> Mit seinen leuchtenden Mischfarben, ist dieser glitzernde Narwal bereit, direkt in das Herz Ihrer Party zu schwimmen. \u2728 <strong>Eigenschaften :<\/strong><\/p>\n<ul>\n<li><strong>Material:<\/strong> Gl\u00e4nzendes, haltbares Mylar<\/li>\n<li><strong>Farben:<\/strong> Gemischt f\u00fcr einen atemberaubenden Regenbogeneffekt<\/li>\n<li><strong>Ma\u00dfe:<\/strong> Ca. 53 x 87 cm (21 x 34&#8220;)<\/li>\n<\/ul>\n<p> <strong> Themenideen:<\/strong><\/p>\n<ul>\n<li><strong> OzeanischeParty:<\/strong> Erschaffe eine magische Unterwasserwelt mit Narwalen, Meerjungfrauen und verborgenen Sch\u00e4tzen.<\/li>\n<li><strong>Geburtstagsparty Einhorn Marine :<\/strong> Kombinieren Sie die Magie der Einh\u00f6rner mit der Exotik der Meeresbewohner f\u00fcr eine unvergessliche Party.<\/li>\n<li>Baby <strong> Shower Mystique:<\/strong> Begr\u00fc\u00dfen Sie Ihr Baby mit einem Hauch von Phantasie und Glanz.<\/li>\n<li><strong> ArktischeAbenteuer:<\/strong> Perfekt f\u00fcr eine Party zum Thema &#8220; Pole &#8220; mit Eisb\u00e4ren, Pinguinen und nat\u00fcrlich Narwalen!<\/li>\n<\/ul>\n<p> <strong>Perfekt f\u00fcr:<\/strong><\/p>\n<ul>\n<li><strong>Photobooths:<\/strong> Schaffen Sie zauberhafte Erinnerungen mit diesem glitzernden Ballon als Hintergrund.<\/li>\n<li><strong> Tischdekoration:<\/strong> Verwenden Sie es als Tischmittelpunkt, um alle Blicke auf sich zu ziehen.<\/li>\n<li><strong>Geschenke:<\/strong> Ein einzigartiges und leuchtendes Geschenk f\u00fcr Freunde oder Verwandte.<\/li>\n<\/ul>\n<p> <strong>Hinweis :<\/strong> Blasen Sie auf.Bef\u00fcllen Sie ihn mit Helium, um ihn majest\u00e4tisch schweben zu sehen, oder mit Luft, um einen ebenso bezaubernden Effekt zu erzielen. &nbsp;<\/p>\n<\/div>\n","protected":false},"excerpt":{"rendered":"<p>Lassen Sie diesen gl\u00e4nzenden Narwal auf Ihrer n\u00e4chsten Party Wellen schlagen. und lassen Sie Ihre G\u00e4ste in eine verzauberte Welt eintauchen!<\/p>\n","protected":false},"featured_media":35697,"comment_status":"open","ping_status":"closed","template":"","meta":[],"product_cat":[729,185,274,183,299],"product_tag":[],"class_list":{"0":"post-42131","1":"product","2":"type-product","3":"status-publish","4":"has-post-thumbnail","6":"product_brand-partydeco-de","7":"product_cat-unter-dem-meer","8":"product_cat-baby-shower-de","9":"product_cat-folienballons","10":"product_cat-geburtstag","11":"product_cat-meerjungfrauen","13":"first","14":"instock","15":"taxable","16":"shipping-taxable","17":"purchasable","18":"product-type-simple"},"_links":{"self":[{"href":"https:\/\/camaleoparty.ch\/de\/wp-json\/wp\/v2\/product\/42131","targetHints":{"allow":["GET"]}}],"collection":[{"href":"https:\/\/camaleoparty.ch\/de\/wp-json\/wp\/v2\/product"}],"about":[{"href":"https:\/\/camaleoparty.ch\/de\/wp-json\/wp\/v2\/types\/product"}],"replies":[{"embeddable":true,"href":"https:\/\/camaleoparty.ch\/de\/wp-json\/wp\/v2\/comments?post=42131"}],"wp:featuredmedia":[{"embeddable":true,"href":"https:\/\/camaleoparty.ch\/de\/wp-json\/wp\/v2\/media\/35697"}],"wp:attachment":[{"href":"https:\/\/camaleoparty.ch\/de\/wp-json\/wp\/v2\/media?parent=42131"}],"wp:term":[{"taxonomy":"product_cat","embeddable":true,"href":"https:\/\/camaleoparty.ch\/de\/wp-json\/wp\/v2\/product_cat?post=42131"},{"taxonomy":"product_tag","embeddable":true,"href":"https:\/\/camaleoparty.ch\/de\/wp-json\/wp\/v2\/product_tag?post=42131"}],"curies":[{"name":"wp","href":"https:\/\/api.w.org\/{rel}","templated":true}]}}