{"id":42109,"date":"2024-02-03T10:22:30","date_gmt":"2024-07-23T09:45:24","guid":{"rendered":"https:\/\/pikasworld.ch\/product\/cooles-laufkostuem-m\/"},"modified":"2024-11-08T13:37:05","modified_gmt":"2024-11-08T12:37:05","slug":"cooles-laufkostuem-m","status":"publish","type":"product","link":"https:\/\/camaleoparty.ch\/de\/produkt\/cooles-laufkostuem-m\/","title":{"rendered":"Cooles Laufkost\u00fcm (M)"},"content":{"rendered":"<p><strong>Cool Rasta!<\/strong> Verwandle dich mit diesem farbenfrohen Overall in einen echten Jamaikaner! In der Gr\u00f6\u00dfe eines Erwachsenen, Dieses Outfit ist perfekt, um einen Hauch von Spa\u00df Spa\u00df und Stil auf Ihrer Kost\u00fcmparty (Per\u00fccke und Schuhe nicht inbegriffen).  \u2728 <strong>Eigenschaften :<\/strong><\/p>\n<ul>\n<li><strong>Farbe :<\/strong> Schwarz mit gr\u00fcnen und gelben Eins\u00e4tzen auf auf der rechten Seite f\u00fcr einen 100%igen Rasta-Look.<\/li>\n<li><strong>Praktisch:<\/strong> Rei\u00dfverschluss im R\u00fccken und \u00d6ffnung mit einem Klettverschluss im Schritt f\u00fcr mehr Bequemlichkeit.<\/li>\n<li><strong>Gr\u00f6\u00dfe:<\/strong> Erh\u00e4ltlich in Gr\u00f6\u00dfe M.<\/li>\n<\/ul>\n<p> <strong>Ideen zur Verwendung :<\/strong><\/p>\n<ul>\n<li><strong> Kost\u00fcmpartys:<\/strong> Seien Sie der Star der Party mit diesem originellen und schr\u00e4gen Kost\u00fcm!<\/li>\n<li><strong>Bobsleigh:<\/strong> Perfekt, um den Geist des jamaikanischen Bobteams zu kanalisieren und f\u00fcr Aufsehen zu sorgen. Sensation auf der Piste (oder einfach in Ihrem Wohnzimmer).<\/li>\n<\/ul>\n<p>&nbsp;<\/p>\n","protected":false},"excerpt":{"rendered":"<p>Mit dieser jamaikanischen Verkleidung, sind Sie bereit, Freude und gute Laune zu verbreiten, wohin Sie auch gehen. Ziehen Sie sie an und lassen Sie sich vom Geist des Rasta mitrei\u00dfen! <\/p>\n","protected":false},"featured_media":33884,"comment_status":"open","ping_status":"closed","template":"","meta":[],"product_cat":[132,136],"product_tag":[],"class_list":{"0":"post-42109","1":"product","2":"type-product","3":"status-publish","4":"has-post-thumbnail","6":"product_brand-smiffys-de","7":"product_cat-animationen","8":"product_cat-kostueme","10":"first","11":"instock","12":"sale","13":"taxable","14":"shipping-taxable","15":"purchasable","16":"product-type-simple"},"_links":{"self":[{"href":"https:\/\/camaleoparty.ch\/de\/wp-json\/wp\/v2\/product\/42109","targetHints":{"allow":["GET"]}}],"collection":[{"href":"https:\/\/camaleoparty.ch\/de\/wp-json\/wp\/v2\/product"}],"about":[{"href":"https:\/\/camaleoparty.ch\/de\/wp-json\/wp\/v2\/types\/product"}],"replies":[{"embeddable":true,"href":"https:\/\/camaleoparty.ch\/de\/wp-json\/wp\/v2\/comments?post=42109"}],"wp:featuredmedia":[{"embeddable":true,"href":"https:\/\/camaleoparty.ch\/de\/wp-json\/wp\/v2\/media\/33884"}],"wp:attachment":[{"href":"https:\/\/camaleoparty.ch\/de\/wp-json\/wp\/v2\/media?parent=42109"}],"wp:term":[{"taxonomy":"product_cat","embeddable":true,"href":"https:\/\/camaleoparty.ch\/de\/wp-json\/wp\/v2\/product_cat?post=42109"},{"taxonomy":"product_tag","embeddable":true,"href":"https:\/\/camaleoparty.ch\/de\/wp-json\/wp\/v2\/product_tag?post=42109"}],"curies":[{"name":"wp","href":"https:\/\/api.w.org\/{rel}","templated":true}]}}