{"id":42079,"date":"2023-10-20T14:23:00","date_gmt":"2024-07-18T08:49:25","guid":{"rendered":"https:\/\/pikasworld.ch\/product\/teller-feen-und-blumen-pastell-8-stk\/"},"modified":"2024-11-08T13:50:13","modified_gmt":"2024-11-08T12:50:13","slug":"teller-feen-und-blumen-pastell-8-stk","status":"publish","type":"product","link":"https:\/\/camaleoparty.ch\/de\/produkt\/teller-feen-und-blumen-pastell-8-stk\/","title":{"rendered":"Teller &#8211; Feen und Blumen Pastell, 8 Stk."},"content":{"rendered":"<p>?\u200d\u2642\ufe0f Nimm eine Handvoll Sternenstaub und mach dich an der Seite von Tinkerbell und Peter Pan auf den Weg ins Nimmerland! ?\u200d\u2642\ufe0f<\/p>\n<p>Diese 8 Pappteller mit pastellfarbenen Feen und Blumen eignen sich perfekt f\u00fcr eine zauberhafte und m\u00e4rchenhafte Geburtstagsdekoration. Kombinieren Sie sie mit den Bechern und Servietten aus der Feen-Kollektion f\u00fcr einen zauberhaften und harmonischen Total-Look. ?<\/p>\n<p>\u2728 Eigenschaften :<\/p>\n<ul>\n<li>Inhalt: 8 Teller<\/li>\n<li>Zusammensetzung: FSC-Papier, pflanzliche Druckfarben<\/li>\n<li>Design: In Paris entworfen, in Europa hergestellt<\/li>\n<\/ul>\n<p>Die Teller F\u00e9es wurden in Paris liebevoll entworfen und in Europa mit FSC-Papier hergestellt und mit pflanzlicher Tinte eingef\u00e4rbt. Perfekt f\u00fcr eine umweltfreundliche und charmante Party!<\/p>\n<p>&nbsp;<\/p>\n","protected":false},"excerpt":{"rendered":"<p>Verleihen Sie Ihrer Party einen Hauch von m\u00e4rchenhafter Magie und bringen Sie Ihre G\u00e4ste mit einer eleganten und umweltfreundlichen Dekoration zum Staunen! ?<\/p>\n","protected":false},"featured_media":35809,"comment_status":"open","ping_status":"closed","template":"","meta":[],"product_cat":[708,554,183,1171,181,149,147],"product_tag":[],"class_list":{"0":"post-42079","1":"product","2":"type-product","3":"status-publish","4":"has-post-thumbnail","6":"product_brand-mylittleday-de","7":"product_cat-blumen","8":"product_cat-fruhling","9":"product_cat-geburtstag","10":"product_cat-maerchen","11":"product_cat-saisonal","12":"product_cat-teller","13":"product_cat-verjaardags-en-feesttafelversieringen","15":"first","16":"instock","17":"taxable","18":"shipping-taxable","19":"purchasable","20":"product-type-simple"},"_links":{"self":[{"href":"https:\/\/camaleoparty.ch\/de\/wp-json\/wp\/v2\/product\/42079","targetHints":{"allow":["GET"]}}],"collection":[{"href":"https:\/\/camaleoparty.ch\/de\/wp-json\/wp\/v2\/product"}],"about":[{"href":"https:\/\/camaleoparty.ch\/de\/wp-json\/wp\/v2\/types\/product"}],"replies":[{"embeddable":true,"href":"https:\/\/camaleoparty.ch\/de\/wp-json\/wp\/v2\/comments?post=42079"}],"wp:featuredmedia":[{"embeddable":true,"href":"https:\/\/camaleoparty.ch\/de\/wp-json\/wp\/v2\/media\/35809"}],"wp:attachment":[{"href":"https:\/\/camaleoparty.ch\/de\/wp-json\/wp\/v2\/media?parent=42079"}],"wp:term":[{"taxonomy":"product_cat","embeddable":true,"href":"https:\/\/camaleoparty.ch\/de\/wp-json\/wp\/v2\/product_cat?post=42079"},{"taxonomy":"product_tag","embeddable":true,"href":"https:\/\/camaleoparty.ch\/de\/wp-json\/wp\/v2\/product_tag?post=42079"}],"curies":[{"name":"wp","href":"https:\/\/api.w.org\/{rel}","templated":true}]}}