{"id":42073,"date":"2023-10-20T14:31:00","date_gmt":"2024-07-18T08:37:18","guid":{"rendered":"https:\/\/pikasworld.ch\/product\/becher-fruehlingsblumen-8-stk\/"},"modified":"2024-11-08T13:50:12","modified_gmt":"2024-11-08T12:50:12","slug":"becher-fruehlingsblumen-8-stk","status":"publish","type":"product","link":"https:\/\/camaleoparty.ch\/de\/produkt\/becher-fruehlingsblumen-8-stk\/","title":{"rendered":"Becher &#8211; Fr\u00fchlingsblumen, 8 Stk."},"content":{"rendered":"<p>? Die V\u00f6gel singen, die B\u00e4ume knospen, die Blumen f\u00e4rben sich&#8230; der Fr\u00fchling ist endlich da! ? Es ist an der Zeit, deinen Tisch mit bunten Blumen zu schm\u00fccken!<\/p>\n<p>Diese 8 Pappbecher mit bunten Blumen sind perfekt f\u00fcr eine fr\u00fchlingshafte Geburtstagsdekoration. Kombinieren Sie sie mit den Tellern und Servietten aus der Blumen-Kollektion f\u00fcr einen selbstbewussten, blumigen Total-Look. ?<\/p>\n<p>\u2728 Eigenschaften :<\/p>\n<ul>\n<li>Inhalt : 8 gobelets<\/li>\n<li>Zusammensetzung: FSC-Papier, pflanzliche Druckfarben<\/li>\n<li>Design: In Paris entworfen, in Europa hergestellt<\/li>\n<\/ul>\n<p>Die Fleurs-Becher wurden in Paris mit Liebe entworfen, in Europa aus FSC-Papier hergestellt und mit pflanzlicher Tinte gef\u00e4rbt. Perfekt f\u00fcr eine umweltfreundliche und charmante Party!<\/p>\n<p>&nbsp;<\/p>\n","protected":false},"excerpt":{"rendered":"<p>Verleihen Sie Ihrer Party einen Hauch von Blumenzauber und zaubern Sie Ihren G\u00e4sten mit einer eleganten und umweltfreundlichen Dekoration ein L\u00e4cheln ins Gesicht! ?<\/p>\n","protected":false},"featured_media":35817,"comment_status":"open","ping_status":"closed","template":"","meta":[],"product_cat":[157,708,554,183,181,147],"product_tag":[],"class_list":{"0":"post-42073","1":"product","2":"type-product","3":"status-publish","4":"has-post-thumbnail","6":"product_brand-mylittleday-de","7":"product_cat-becher","8":"product_cat-blumen","9":"product_cat-fruhling","10":"product_cat-geburtstag","11":"product_cat-saisonal","12":"product_cat-verjaardags-en-feesttafelversieringen","14":"first","15":"instock","16":"taxable","17":"shipping-taxable","18":"purchasable","19":"product-type-simple"},"_links":{"self":[{"href":"https:\/\/camaleoparty.ch\/de\/wp-json\/wp\/v2\/product\/42073","targetHints":{"allow":["GET"]}}],"collection":[{"href":"https:\/\/camaleoparty.ch\/de\/wp-json\/wp\/v2\/product"}],"about":[{"href":"https:\/\/camaleoparty.ch\/de\/wp-json\/wp\/v2\/types\/product"}],"replies":[{"embeddable":true,"href":"https:\/\/camaleoparty.ch\/de\/wp-json\/wp\/v2\/comments?post=42073"}],"wp:featuredmedia":[{"embeddable":true,"href":"https:\/\/camaleoparty.ch\/de\/wp-json\/wp\/v2\/media\/35817"}],"wp:attachment":[{"href":"https:\/\/camaleoparty.ch\/de\/wp-json\/wp\/v2\/media?parent=42073"}],"wp:term":[{"taxonomy":"product_cat","embeddable":true,"href":"https:\/\/camaleoparty.ch\/de\/wp-json\/wp\/v2\/product_cat?post=42073"},{"taxonomy":"product_tag","embeddable":true,"href":"https:\/\/camaleoparty.ch\/de\/wp-json\/wp\/v2\/product_tag?post=42073"}],"curies":[{"name":"wp","href":"https:\/\/api.w.org\/{rel}","templated":true}]}}