{"id":42072,"date":"2023-10-17T13:23:44","date_gmt":"2024-07-18T08:35:13","guid":{"rendered":"https:\/\/pikasworld.ch\/product\/holztafel-baby\/"},"modified":"2024-11-08T13:50:17","modified_gmt":"2024-11-08T12:50:17","slug":"holztafel-baby","status":"publish","type":"product","link":"https:\/\/camaleoparty.ch\/de\/produkt\/holztafel-baby\/","title":{"rendered":"Holztafel BABY"},"content":{"rendered":"<p>? Unterstreiche deine Liebe zu den Allerkleinsten mit unserem wundersch\u00f6nen Holzschild &#8222;BABY&#8220;! ? Hergestellt aus hochwertigem Holz, wird dieses Paneel der Dekoration des Kinderzimmers Ihres Babys einen weichen und z\u00e4rtlichen Touch verleihen.<\/p>\n<p>Ob f\u00fcr ein Jungen- oder M\u00e4dchenzimmer, dieses elegant gestaltete Schild wird sich in jeden Raum perfekt einf\u00fcgen. Es ist auch eine ideale Dekoration f\u00fcr Feiern im Zusammenhang mit Geburten, Taufen oder Geburtstagen. ?<\/p>\n<p>Verleihen Sie dem Raum Ihres Babys einen Hauch von Charme und W\u00e4rme oder nutzen Sie es zur Versch\u00f6nerung besonderer Feierlichkeiten mit diesem wundersch\u00f6nen &#8222;BABY&#8220;-Holzschild. ?<\/p>\n","protected":false},"excerpt":{"rendered":"<p>Holzschild BABY, Ma\u00dfe der Buchstaben: ca. 16.5 &#8211; 21.5 x 19.5 cm.<\/p>\n","protected":false},"featured_media":35791,"comment_status":"open","ping_status":"closed","template":"","meta":[],"product_cat":[185,155,183,385,329,147],"product_tag":[],"class_list":{"0":"post-42072","1":"product","2":"type-product","3":"status-publish","4":"has-post-thumbnail","6":"product_cat-baby-shower-de","7":"product_cat-diverses","8":"product_cat-geburtstag","9":"product_cat-gender-reveal-party-de","10":"product_cat-tischdekoration","11":"product_cat-verjaardags-en-feesttafelversieringen","13":"first","14":"instock","15":"taxable","16":"shipping-taxable","17":"purchasable","18":"product-type-simple"},"_links":{"self":[{"href":"https:\/\/camaleoparty.ch\/de\/wp-json\/wp\/v2\/product\/42072","targetHints":{"allow":["GET"]}}],"collection":[{"href":"https:\/\/camaleoparty.ch\/de\/wp-json\/wp\/v2\/product"}],"about":[{"href":"https:\/\/camaleoparty.ch\/de\/wp-json\/wp\/v2\/types\/product"}],"replies":[{"embeddable":true,"href":"https:\/\/camaleoparty.ch\/de\/wp-json\/wp\/v2\/comments?post=42072"}],"wp:featuredmedia":[{"embeddable":true,"href":"https:\/\/camaleoparty.ch\/de\/wp-json\/wp\/v2\/media\/35791"}],"wp:attachment":[{"href":"https:\/\/camaleoparty.ch\/de\/wp-json\/wp\/v2\/media?parent=42072"}],"wp:term":[{"taxonomy":"product_cat","embeddable":true,"href":"https:\/\/camaleoparty.ch\/de\/wp-json\/wp\/v2\/product_cat?post=42072"},{"taxonomy":"product_tag","embeddable":true,"href":"https:\/\/camaleoparty.ch\/de\/wp-json\/wp\/v2\/product_tag?post=42072"}],"curies":[{"name":"wp","href":"https:\/\/api.w.org\/{rel}","templated":true}]}}